{"id":7883,"date":"2025-11-15T12:08:54","date_gmt":"2025-11-15T12:08:54","guid":{"rendered":"https:\/\/mikeladzenailstore.com\/p\/sada-pilniky-papmam-180-grit-25-kusu\/"},"modified":"2026-02-22T14:21:28","modified_gmt":"2026-02-22T14:21:28","slug":"sada-pilniky-papmam-180-grit-25-kusu","status":"publish","type":"product","link":"https:\/\/mikeladzenailstore.com\/sk\/produkt\/sada-pilniky-papmam-180-grit-25-kusu\/","title":{"rendered":"Staleks jednor\u00e1zov\u00e9 piln\u00edky papmAm EXPERT 20 zrnitost 180 50ks"},"content":{"rendered":"<p>PapmAm \u2013 jednor\u00e1zov\u00e9 brusivo\u00a0<span class=\"nowrap\">ve\u00a0<\/span>form\u011b bezlepiv\u00fdch v\u00fdm\u011bnn\u00fdch piln\u00edk\u016f, kter\u00e9\u00a0<span class=\"nowrap\">se\u00a0<\/span>nasazuj\u00ed\u00a0<span class=\"nowrap\">na\u00a0<\/span>z\u00e1kladn\u00ed piln\u00edk jako kryt.<br \/>\n-Rovn\u00fd tvar.<br \/>\n-Tenk\u00e9 soubory.<br \/>\n-Ide\u00e1ln\u011b\u00a0<span class=\"nowrap\">se\u00a0<\/span>p\u0159izp\u016fsob\u00ed velikosti z\u00e1kladny\u00a0<span class=\"nowrap\">a\u00a0<\/span>d\u00edky tomu jsou\u00a0<span class=\"nowrap\">na\u00a0<\/span>n\u00ed pevn\u011b p\u0159ipevn\u011bny.<br \/>\n-Bezpe\u010dn\u011b m\u011bkk\u00e9 okraje piln\u00edku papmAm jsou vyrobeny\u00a0<span class=\"nowrap\">z\u00a0<\/span>ekologick\u00e9ho \u0159emesln\u00e9ho pap\u00edru \u2013 eliminuj\u00ed mo\u017enost po\u0159ez\u00e1n\u00ed klienta piln\u00edkem b\u011bhem pou\u017e\u00edv\u00e1n\u00ed.<br \/>\n-Snadn\u00e9 uchycen\u00ed\u00a0<span class=\"nowrap\">a\u00a0<\/span>vyjmut\u00ed piln\u00edku\u00a0<span class=\"nowrap\">z\u00a0<\/span>podstavce.<br \/>\n-Po pou\u017eit\u00ed o\u010dist\u011bte n\u00e1stroj bez lepidla.<br \/>\n-B\u00edl\u00e9 vysoce kvalitn\u00ed brusivo EXPERT White\u00a0<span class=\"nowrap\">je\u00a0<\/span>p\u0159i pr\u00e1ci estetick\u00e9.<br \/>\n-Speci\u00e1ln\u00ed povlak zabra\u0148uje zan\u00e1\u0161en\u00ed brusiva organick\u00fdm prachem b\u011bhem pou\u017e\u00edv\u00e1n\u00ed.<br \/>\n-B\u00edl\u00e1 barva piln\u00edku\u00a0<span class=\"nowrap\">je\u00a0<\/span>p\u0159i pr\u00e1ci estetick\u00e1.<br \/>\n-Brusnost zrnitosti 180\u00a0<span class=\"nowrap\">je\u00a0<\/span>ur\u010dena pro pilov\u00e1n\u00ed d\u00e9lky\u00a0<span class=\"nowrap\">a\u00a0<\/span>tlou\u0161\u0165ky\u00a0<span class=\"nowrap\">i\u00a0<\/span>pro fin\u00e1ln\u00ed \u00fapravu um\u011bl\u00fdch neht\u016f.<br \/>\n-Snadno dejte neht\u016fm dokonal\u00fd vzhled, tvarujte\u00a0<span class=\"nowrap\">a\u00a0<\/span>vyhla\u010fte nehtovou plot\u00e9nku.<br \/>\n-Vhodn\u00e9 pro rovn\u00e9 z\u00e1kladny MBE-20, SPBE-20.<br \/>\n-Na jedno pou\u017eit\u00ed.<br \/>\n-Velikost piln\u00edku 140*20 mm.<br \/>\n-50 kus\u016f\u00a0<span class=\"nowrap\">v\u00a0<\/span>balen<\/p>\n","protected":false},"excerpt":{"rendered":"<p>PapmAm \u2013 jednor\u00e1zov\u00e9 brusivo\u00a0ve\u00a0form\u011b bezlepiv\u00fdch v\u00fdm\u011bnn\u00fdch piln\u00edk\u016f, kter\u00e9\u00a0se\u00a0nasazuj\u00ed\u00a0na\u00a0z\u00e1kladn\u00ed piln\u00edk jako kryt. -Rovn\u00fd tvar. -Tenk\u00e9 soubory. -Ide\u00e1ln\u011b\u00a0se\u00a0p\u0159izp\u016fsob\u00ed velikosti z\u00e1kladny\u00a0a\u00a0d\u00edky tomu jsou\u00a0na\u00a0n\u00ed pevn\u011b p\u0159ipevn\u011bny. -Bezpe\u010dn\u011b m\u011bkk\u00e9 okraje piln\u00edku papmAm jsou vyrobeny\u00a0z\u00a0ekologick\u00e9ho \u0159emesln\u00e9ho pap\u00edru \u2013 eliminuj\u00ed mo\u017enost po\u0159ez\u00e1n\u00ed klienta piln\u00edkem b\u011bhem pou\u017e\u00edv\u00e1n\u00ed. -Snadn\u00e9 uchycen\u00ed\u00a0a\u00a0vyjmut\u00ed piln\u00edku\u00a0z\u00a0podstavce. -Po pou\u017eit\u00ed o\u010dist\u011bte n\u00e1stroj bez lepidla. -B\u00edl\u00e9 vysoce kvalitn\u00ed brusivo EXPERT White\u00a0je\u00a0p\u0159i pr\u00e1ci [&hellip;]<\/p>\n","protected":false},"featured_media":15708,"comment_status":"open","ping_status":"closed","template":"","meta":[],"pwb-brand":[],"product_brand":[],"product_cat":[496,505],"product_tag":[],"berocket_brand":[436],"class_list":{"0":"post-7883","1":"product","2":"type-product","3":"status-publish","4":"has-post-thumbnail","6":"product_cat-bestseller","7":"product_cat-brusiva","8":"berocket_brand-staleks","10":"first","11":"instock","12":"taxable","13":"shipping-taxable","14":"purchasable","15":"product-type-simple"},"acf":[],"brands":[],"_links":{"self":[{"href":"https:\/\/mikeladzenailstore.com\/sk\/wp-json\/wp\/v2\/product\/7883","targetHints":{"allow":["GET"]}}],"collection":[{"href":"https:\/\/mikeladzenailstore.com\/sk\/wp-json\/wp\/v2\/product"}],"about":[{"href":"https:\/\/mikeladzenailstore.com\/sk\/wp-json\/wp\/v2\/types\/product"}],"replies":[{"embeddable":true,"href":"https:\/\/mikeladzenailstore.com\/sk\/wp-json\/wp\/v2\/comments?post=7883"}],"version-history":[{"count":0,"href":"https:\/\/mikeladzenailstore.com\/sk\/wp-json\/wp\/v2\/product\/7883\/revisions"}],"wp:featuredmedia":[{"embeddable":true,"href":"https:\/\/mikeladzenailstore.com\/sk\/wp-json\/wp\/v2\/media\/15708"}],"wp:attachment":[{"href":"https:\/\/mikeladzenailstore.com\/sk\/wp-json\/wp\/v2\/media?parent=7883"}],"wp:term":[{"taxonomy":"pwb-brand","embeddable":true,"href":"https:\/\/mikeladzenailstore.com\/sk\/wp-json\/wp\/v2\/pwb-brand?post=7883"},{"taxonomy":"product_brand","embeddable":true,"href":"https:\/\/mikeladzenailstore.com\/sk\/wp-json\/wp\/v2\/product_brand?post=7883"},{"taxonomy":"product_cat","embeddable":true,"href":"https:\/\/mikeladzenailstore.com\/sk\/wp-json\/wp\/v2\/product_cat?post=7883"},{"taxonomy":"product_tag","embeddable":true,"href":"https:\/\/mikeladzenailstore.com\/sk\/wp-json\/wp\/v2\/product_tag?post=7883"},{"taxonomy":"berocket_brand","embeddable":true,"href":"https:\/\/mikeladzenailstore.com\/sk\/wp-json\/wp\/v2\/berocket_brand?post=7883"}],"curies":[{"name":"wp","href":"https:\/\/api.w.org\/{rel}","templated":true}]}}