{"id":7900,"date":"2025-11-15T12:08:44","date_gmt":"2025-11-15T12:08:44","guid":{"rendered":"https:\/\/mikeladzenailstore.com\/p\/sada-pilniku-150-grit-papmam-staleks-na-penovem-zaklade-25-ks\/"},"modified":"2026-01-12T19:19:27","modified_gmt":"2026-01-12T19:19:27","slug":"sada-pilniku-150-grit-papmam-staleks-na-penovem-zaklade-25-ks","status":"publish","type":"product","link":"https:\/\/mikeladzenailstore.com\/sk\/produkt\/sada-pilniku-150-grit-papmam-staleks-na-penovem-zaklade-25-ks\/","title":{"rendered":"SADA PILN\u00cdK\u016e 150 grit PAPMAM STALEKS NA P\u011aNOV\u00c9M ZAKLAD\u011a 25 KS"},"content":{"rendered":"<p>D\u0159ev\u011bn\u00fd zaklad + n\u00e1hradn\u00ed pap\u00edr<\/p>\n<p>25 kus\u016f v balen\u00ed<\/p>\n<p>Tenk\u00e1 p\u011bnov\u00e1 vrstva sni\u017euje tlak na nehtovou plot\u00e9nku<\/p>\n<p>Hrubost 150 grit.<\/p>\n","protected":false},"excerpt":{"rendered":"<p>D\u0159ev\u011bn\u00fd zaklad + n\u00e1hradn\u00ed pap\u00edr 25 kus\u016f v balen\u00ed Tenk\u00e1 p\u011bnov\u00e1 vrstva sni\u017euje tlak na nehtovou plot\u00e9nku Hrubost 150 grit.<\/p>\n","protected":false},"featured_media":15715,"comment_status":"open","ping_status":"closed","template":"","meta":[],"pwb-brand":[],"product_brand":[],"product_cat":[505],"product_tag":[],"berocket_brand":[436],"class_list":{"0":"post-7900","1":"product","2":"type-product","3":"status-publish","4":"has-post-thumbnail","6":"product_cat-brusiva","7":"berocket_brand-staleks","9":"first","10":"outofstock","11":"taxable","12":"shipping-taxable","13":"purchasable","14":"product-type-simple"},"acf":[],"brands":[],"_links":{"self":[{"href":"https:\/\/mikeladzenailstore.com\/sk\/wp-json\/wp\/v2\/product\/7900","targetHints":{"allow":["GET"]}}],"collection":[{"href":"https:\/\/mikeladzenailstore.com\/sk\/wp-json\/wp\/v2\/product"}],"about":[{"href":"https:\/\/mikeladzenailstore.com\/sk\/wp-json\/wp\/v2\/types\/product"}],"replies":[{"embeddable":true,"href":"https:\/\/mikeladzenailstore.com\/sk\/wp-json\/wp\/v2\/comments?post=7900"}],"version-history":[{"count":0,"href":"https:\/\/mikeladzenailstore.com\/sk\/wp-json\/wp\/v2\/product\/7900\/revisions"}],"wp:featuredmedia":[{"embeddable":true,"href":"https:\/\/mikeladzenailstore.com\/sk\/wp-json\/wp\/v2\/media\/15715"}],"wp:attachment":[{"href":"https:\/\/mikeladzenailstore.com\/sk\/wp-json\/wp\/v2\/media?parent=7900"}],"wp:term":[{"taxonomy":"pwb-brand","embeddable":true,"href":"https:\/\/mikeladzenailstore.com\/sk\/wp-json\/wp\/v2\/pwb-brand?post=7900"},{"taxonomy":"product_brand","embeddable":true,"href":"https:\/\/mikeladzenailstore.com\/sk\/wp-json\/wp\/v2\/product_brand?post=7900"},{"taxonomy":"product_cat","embeddable":true,"href":"https:\/\/mikeladzenailstore.com\/sk\/wp-json\/wp\/v2\/product_cat?post=7900"},{"taxonomy":"product_tag","embeddable":true,"href":"https:\/\/mikeladzenailstore.com\/sk\/wp-json\/wp\/v2\/product_tag?post=7900"},{"taxonomy":"berocket_brand","embeddable":true,"href":"https:\/\/mikeladzenailstore.com\/sk\/wp-json\/wp\/v2\/berocket_brand?post=7900"}],"curies":[{"name":"wp","href":"https:\/\/api.w.org\/{rel}","templated":true}]}}