{"id":7983,"date":"2025-11-15T12:07:56","date_gmt":"2025-11-15T12:07:56","guid":{"rendered":"https:\/\/mikeladzenailstore.com\/p\/krem-do-kabelky-hydration-jz-nails-group\/"},"modified":"2026-01-12T17:39:22","modified_gmt":"2026-01-12T17:39:22","slug":"krem-do-kabelky-hydration-jz-nails-group","status":"publish","type":"product","link":"https:\/\/mikeladzenailstore.com\/sk\/produkt\/krem-do-kabelky-hydration-jz-nails-group\/","title":{"rendered":"Krem  do kabelky Hydration JZ Nails Group"},"content":{"rendered":"<p>Kr\u00e9m m\u00e1 jemnou strukturu, zm\u011bk\u010duje a zaji\u0161\u0165uje okam\u017eitou hydrataci poko\u017eky po dobu 24 hodin.<\/p>\n<p>Je obohacen o unik\u00e1tn\u00ed komplex bambuck\u00e9ho m\u00e1sla (Shea) a extraktu z pivo\u0148ky. Kolagen vy\u017eivuje, pronik\u00e1 do bun\u011bk a zklid\u0148uje podr\u00e1\u017ed\u011bnou a zarudlou poko\u017eku. Vytv\u00e1\u0159\u00ed ochrann\u00fd film, kter\u00fd \u0159e\u0161\u00ed probl\u00e9m such\u00fdch rukou. Elastin podporuje regeneraci bun\u011bk a urychluje obnovu poko\u017eky.<\/p>\n<p>M\u00e1 p\u0159\u00edjemnou kv\u011btinovou v\u016fni.<\/p>\n<p>Je vhodn\u00fd pro dom\u00e1c\u00ed i profesion\u00e1ln\u00ed p\u00e9\u010di, lze jej pou\u017e\u00edvat i p\u0159i mas\u00e1\u017ei rukou.<\/p>\n<p>D\u00edky vysok\u00e9mu obsahu triglycerid\u016f mastn\u00fdch kyselin v bambuck\u00e9m m\u00e1sle m\u00e1 produkt siln\u00e9 zm\u011bk\u010duj\u00edc\u00ed vlastnosti a pronik\u00e1 do vrstvy zrohovat\u011bl\u00fdch bun\u011bk.<\/p>\n<p>V\u00fdhody:<\/p>\n<p>\u2022 Chr\u00e1n\u00ed poko\u017eku p\u0159ed UV z\u00e1\u0159en\u00edm<\/p>\n<p>\u2022 Zrychluje regenera\u010dn\u00ed procesy<\/p>\n<p>\u2022 Sni\u017euje \u0161upinat\u011bn\u00ed, br\u00e1n\u00ed vysou\u0161en\u00ed<\/p>\n<p>\u2022 Zjem\u0148uje poko\u017eku<\/p>\n<p>\u2022 Stimuluje synt\u00e9zu kolagenu<\/p>\n<p>\u2022 Zvy\u0161uje pru\u017enost poko\u017eky<\/p>\n<p>\u2022 Zklid\u0148uje podr\u00e1\u017ed\u011bn\u00ed a redukuje zarudnut\u00ed<\/p>\n<p>Jedn\u00e1 se o hluboce p\u016fsob\u00edc\u00ed p\u0159\u00edpravek, kter\u00fd obsahuje vysoce \u00fa\u010dinn\u00e9 peptidy a extrakt z pivo\u0148ky. Tyto slo\u017eky pronikaj\u00ed do hlub\u0161\u00edch vrstev epidermis a spou\u0161t\u011bj\u00ed regenera\u010dn\u00ed a omlazuj\u00edc\u00ed procesy.<\/p>\n<p>Objem: 30 ml<\/p>\n<p>Zp\u016fsob pou\u017eit\u00ed: Naneste na \u010distou poko\u017eku rukou a rozet\u0159ete mas\u00e1\u017en\u00edmi pohyby.<\/p>\n<p>Slo\u017een\u00ed:<\/p>\n<p>Aqua (Water), Paraffinum Liquidum (Mineral Oil), Cetearyl Alcohol, Caprylic\/Capric Triglyceride, Glycerin, Butyrospermum Parkii (Shea Butter) Oil, Palmitic Acid, Stearic Acid, Polysorbate 60, Dimethicone, Phenoxyethanol, Ethylhexylglycerin, Hydrolyzed Collagen, Propylene Glycol, Paeonia Officinalis (Peony) Root Extract, Ammonium Acryloyldimethyltaurate\/VP Copolymer, Hydrolyzed Elastin, Parfum (Fragrance), BHT, Sodium Benzoate, Triethanolamine, Benzyl Salicylate, Linalool.<\/p>\n","protected":false},"excerpt":{"rendered":"<p>Kr\u00e9m m\u00e1 jemnou strukturu, zm\u011bk\u010duje a zaji\u0161\u0165uje okam\u017eitou hydrataci poko\u017eky po dobu 24 hodin. Je obohacen o unik\u00e1tn\u00ed komplex bambuck\u00e9ho m\u00e1sla (Shea) a extraktu z pivo\u0148ky. Kolagen vy\u017eivuje, pronik\u00e1 do bun\u011bk a zklid\u0148uje podr\u00e1\u017ed\u011bnou a zarudlou poko\u017eku. Vytv\u00e1\u0159\u00ed ochrann\u00fd film, kter\u00fd \u0159e\u0161\u00ed probl\u00e9m such\u00fdch rukou. Elastin podporuje regeneraci bun\u011bk a urychluje obnovu poko\u017eky. M\u00e1 p\u0159\u00edjemnou [&hellip;]<\/p>\n","protected":false},"featured_media":5028,"comment_status":"open","ping_status":"closed","template":"","meta":[],"pwb-brand":[],"product_brand":[],"product_cat":[704],"product_tag":[],"berocket_brand":[557],"class_list":{"0":"post-7983","1":"product","2":"type-product","3":"status-publish","4":"has-post-thumbnail","6":"product_cat-slevy","7":"berocket_brand-jz-nails-group","9":"first","10":"outofstock","11":"taxable","12":"shipping-taxable","13":"purchasable","14":"product-type-simple"},"acf":[],"brands":[],"_links":{"self":[{"href":"https:\/\/mikeladzenailstore.com\/sk\/wp-json\/wp\/v2\/product\/7983","targetHints":{"allow":["GET"]}}],"collection":[{"href":"https:\/\/mikeladzenailstore.com\/sk\/wp-json\/wp\/v2\/product"}],"about":[{"href":"https:\/\/mikeladzenailstore.com\/sk\/wp-json\/wp\/v2\/types\/product"}],"replies":[{"embeddable":true,"href":"https:\/\/mikeladzenailstore.com\/sk\/wp-json\/wp\/v2\/comments?post=7983"}],"version-history":[{"count":0,"href":"https:\/\/mikeladzenailstore.com\/sk\/wp-json\/wp\/v2\/product\/7983\/revisions"}],"wp:featuredmedia":[{"embeddable":true,"href":"https:\/\/mikeladzenailstore.com\/sk\/wp-json\/wp\/v2\/media\/5028"}],"wp:attachment":[{"href":"https:\/\/mikeladzenailstore.com\/sk\/wp-json\/wp\/v2\/media?parent=7983"}],"wp:term":[{"taxonomy":"pwb-brand","embeddable":true,"href":"https:\/\/mikeladzenailstore.com\/sk\/wp-json\/wp\/v2\/pwb-brand?post=7983"},{"taxonomy":"product_brand","embeddable":true,"href":"https:\/\/mikeladzenailstore.com\/sk\/wp-json\/wp\/v2\/product_brand?post=7983"},{"taxonomy":"product_cat","embeddable":true,"href":"https:\/\/mikeladzenailstore.com\/sk\/wp-json\/wp\/v2\/product_cat?post=7983"},{"taxonomy":"product_tag","embeddable":true,"href":"https:\/\/mikeladzenailstore.com\/sk\/wp-json\/wp\/v2\/product_tag?post=7983"},{"taxonomy":"berocket_brand","embeddable":true,"href":"https:\/\/mikeladzenailstore.com\/sk\/wp-json\/wp\/v2\/berocket_brand?post=7983"}],"curies":[{"name":"wp","href":"https:\/\/api.w.org\/{rel}","templated":true}]}}