{"id":7986,"date":"2025-11-15T12:07:56","date_gmt":"2025-11-15T12:07:56","guid":{"rendered":"https:\/\/mikeladzenailstore.com\/p\/krem-do-kabelky-recovery-30-ml\/"},"modified":"2025-11-15T12:07:56","modified_gmt":"2025-11-15T12:07:56","slug":"krem-do-kabelky-recovery-30-ml","status":"publish","type":"product","link":"https:\/\/mikeladzenailstore.com\/sk\/produkt\/krem-do-kabelky-recovery-30-ml\/","title":{"rendered":"Krem do kabelky Recovery 30 ml"},"content":{"rendered":"<p>ENJOY recovery <\/p>\n<p>Kr\u00e9m m\u00e1 jemnou strukturu, zjem\u0148uje, okam\u017eit\u011b<\/p>\n<p>hydratuje a obnovuje poko\u017eku po dobu 24 hodin.<\/p>\n<p>M\u00e1 prodlou\u017een\u00fd \u00fa\u010dinek p\u016fsoben\u00ed. P\u0159\u00edpravek je obohacen o unik\u00e1tn\u00ed komplex<\/p>\n<p>aktivn\u00edch slo\u017eek. \u0160ne\u010d\u00ed extrakt ve slo\u017een\u00ed vy\u017eivuje suchou a<\/p>\n<p>podr\u00e1\u017ed\u011bnou poko\u017eku, stimuluje tvorbu vlastn\u00edho kolagenu a<\/p>\n<p>elastin, kter\u00fd eliminuje loup\u00e1n\u00ed. Pom\u00e1h\u00e1 tak\u00e9 bambuck\u00fd olej, kter\u00fd <\/p>\n<p>hydratuje a obnovuje ztr\u00e1tu aminokyselin, posiluje nehty,<\/p>\n<p>zjem\u0148uje poko\u017eku, zvy\u0161uje jej\u00ed elasticitu. M\u00e1 p\u0159\u00edjemnou kv\u011btinovou v\u016fni. Vhodn\u00e9 pro dom\u00e1c\u00ed i profesion\u00e1ln\u00ed p\u00e9\u010di,<\/p>\n<p>k pou\u017eit\u00ed p\u0159i mas\u00e1\u017ei rukou. Zrychluje obnoven\u00ed <\/p>\n<p>poko\u017eky.  Slo\u017een\u00ed obsahuje enzym Allantoin, kter\u00fd<\/p>\n<p>rozpou\u0161t\u00ed odum\u0159el\u00e9 ko\u017en\u00ed bu\u0148ky a t\u00edm ji obnovuje.<\/p>\n<p>\u2022 Je \u00fa\u010dinn\u00fdm antioxidantem, a proto sni\u017euje a \u010dasem<\/p>\n<p>zcela neutralizuje \u0161kodliv\u00fd \u00fa\u010dinek na poko\u017eku a zpomaluje proces st\u00e1rnut\u00ed bun\u011bk.<\/p>\n<p>\u2022 Hoj\u00ed a obnovuje bari\u00e9rov\u00e9 \u200b\u200bvlastnosti epidermis.<\/p>\n<p>Tento kr\u00e9m je vhodn\u00fd i pro osoby s jemnou a citlivou poko\u017ekou, s probl\u00e9movou k\u016f\u017ei, nap\u0159\u00edklad s dermatitidou nebo lup\u00e9nkou.<\/p>\n","protected":false},"excerpt":{"rendered":"<p>ENJOY recovery Kr\u00e9m m\u00e1 jemnou strukturu, zjem\u0148uje, okam\u017eit\u011b hydratuje a obnovuje poko\u017eku po dobu 24 hodin. M\u00e1 prodlou\u017een\u00fd \u00fa\u010dinek p\u016fsoben\u00ed. P\u0159\u00edpravek je obohacen o unik\u00e1tn\u00ed komplex aktivn\u00edch slo\u017eek. \u0160ne\u010d\u00ed extrakt ve slo\u017een\u00ed vy\u017eivuje suchou a podr\u00e1\u017ed\u011bnou poko\u017eku, stimuluje tvorbu vlastn\u00edho kolagenu a elastin, kter\u00fd eliminuje loup\u00e1n\u00ed. Pom\u00e1h\u00e1 tak\u00e9 bambuck\u00fd olej, kter\u00fd hydratuje a obnovuje ztr\u00e1tu [&hellip;]<\/p>\n","protected":false},"featured_media":5029,"comment_status":"open","ping_status":"open","template":"","meta":[],"pwb-brand":[],"product_brand":[],"product_cat":[497,214],"product_tag":[],"berocket_brand":[],"class_list":{"0":"post-7986","1":"product","2":"type-product","3":"status-publish","4":"has-post-thumbnail","6":"product_cat-specialni-prostredky","7":"product_cat-peci-o-kuzi","9":"first","10":"outofstock","11":"taxable","12":"shipping-taxable","13":"purchasable","14":"product-type-simple"},"acf":[],"brands":[],"_links":{"self":[{"href":"https:\/\/mikeladzenailstore.com\/sk\/wp-json\/wp\/v2\/product\/7986","targetHints":{"allow":["GET"]}}],"collection":[{"href":"https:\/\/mikeladzenailstore.com\/sk\/wp-json\/wp\/v2\/product"}],"about":[{"href":"https:\/\/mikeladzenailstore.com\/sk\/wp-json\/wp\/v2\/types\/product"}],"replies":[{"embeddable":true,"href":"https:\/\/mikeladzenailstore.com\/sk\/wp-json\/wp\/v2\/comments?post=7986"}],"version-history":[{"count":0,"href":"https:\/\/mikeladzenailstore.com\/sk\/wp-json\/wp\/v2\/product\/7986\/revisions"}],"wp:featuredmedia":[{"embeddable":true,"href":"https:\/\/mikeladzenailstore.com\/sk\/wp-json\/wp\/v2\/media\/5029"}],"wp:attachment":[{"href":"https:\/\/mikeladzenailstore.com\/sk\/wp-json\/wp\/v2\/media?parent=7986"}],"wp:term":[{"taxonomy":"pwb-brand","embeddable":true,"href":"https:\/\/mikeladzenailstore.com\/sk\/wp-json\/wp\/v2\/pwb-brand?post=7986"},{"taxonomy":"product_brand","embeddable":true,"href":"https:\/\/mikeladzenailstore.com\/sk\/wp-json\/wp\/v2\/product_brand?post=7986"},{"taxonomy":"product_cat","embeddable":true,"href":"https:\/\/mikeladzenailstore.com\/sk\/wp-json\/wp\/v2\/product_cat?post=7986"},{"taxonomy":"product_tag","embeddable":true,"href":"https:\/\/mikeladzenailstore.com\/sk\/wp-json\/wp\/v2\/product_tag?post=7986"},{"taxonomy":"berocket_brand","embeddable":true,"href":"https:\/\/mikeladzenailstore.com\/sk\/wp-json\/wp\/v2\/berocket_brand?post=7986"}],"curies":[{"name":"wp","href":"https:\/\/api.w.org\/{rel}","templated":true}]}}