{"id":7992,"date":"2025-11-15T12:07:33","date_gmt":"2025-11-15T12:07:33","guid":{"rendered":"https:\/\/mikeladzenailstore.com\/p\/polygel-pastel-4-jz-nails-group-30-ml\/"},"modified":"2025-11-15T12:07:33","modified_gmt":"2025-11-15T12:07:33","slug":"polygel-pastel-4-jz-nails-group-30-ml","status":"publish","type":"product","link":"https:\/\/mikeladzenailstore.com\/sk\/produkt\/polygel-pastel-4-jz-nails-group-30-ml\/","title":{"rendered":"Polygel \u201cPastel 4\u00bb JZ Nails Group 30 ml"},"content":{"rendered":"<p>Nez\u016fst\u00e1v\u00e1me u t\u0159pytek a klasick\u00e9ho pokryt\u00ed neht\u016f . S pot\u011b\u0161en\u00edm V\u00e1m p\u0159edstavujeme nov\u00e9, jarn\u00ed PASTELOV\u00c9 polygely.<\/p>\n<p>Jsou st\u0159edn\u00ed konzistence. Pro<\/p>\n<p>dobr\u00e9 a pevn\u00e9 pokryt\u00ed neht\u016f Ide\u00e1ln\u00ed pro pou\u017eit\u00ed v jak\u00e9koli modelovac\u00ed, posilovac\u00ed nebo korek\u010dn\u00ed technice. <\/p>\n<p>Lahvi\u010dka v objemu 30g. Polymerizace 60 sec\/48W <\/p>\n<p>Po polymeraci nehty jsou pevn\u00e9, dr\u017e\u00ed oblouk (objemy materi\u00e1lu 5-10 sec), snadno se piluj\u00ed. Pro pou\u017eij\u00ed jsou vy\u017eadov\u00e1ny primery: Ultrabond+gel nebo Base<\/p>\n","protected":false},"excerpt":{"rendered":"<p>Nez\u016fst\u00e1v\u00e1me u t\u0159pytek a klasick\u00e9ho pokryt\u00ed neht\u016f . S pot\u011b\u0161en\u00edm V\u00e1m p\u0159edstavujeme nov\u00e9, jarn\u00ed PASTELOV\u00c9 polygely. Jsou st\u0159edn\u00ed konzistence. Pro dobr\u00e9 a pevn\u00e9 pokryt\u00ed neht\u016f Ide\u00e1ln\u00ed pro pou\u017eit\u00ed v jak\u00e9koli modelovac\u00ed, posilovac\u00ed nebo korek\u010dn\u00ed technice. Lahvi\u010dka v objemu 30g. Polymerizace 60 sec\/48W Po polymeraci nehty jsou pevn\u00e9, dr\u017e\u00ed oblouk (objemy materi\u00e1lu 5-10 sec), snadno se [&hellip;]<\/p>\n","protected":false},"featured_media":0,"comment_status":"open","ping_status":"open","template":"","meta":[],"pwb-brand":[],"product_brand":[],"product_cat":[168],"product_tag":[],"berocket_brand":[],"class_list":{"0":"post-7992","1":"product","2":"type-product","3":"status-publish","5":"product_cat-baze-a-topy-pro-manikuru-pedikuru","7":"first","8":"outofstock","9":"taxable","10":"shipping-taxable","11":"purchasable","12":"product-type-simple"},"acf":[],"brands":[],"_links":{"self":[{"href":"https:\/\/mikeladzenailstore.com\/sk\/wp-json\/wp\/v2\/product\/7992","targetHints":{"allow":["GET"]}}],"collection":[{"href":"https:\/\/mikeladzenailstore.com\/sk\/wp-json\/wp\/v2\/product"}],"about":[{"href":"https:\/\/mikeladzenailstore.com\/sk\/wp-json\/wp\/v2\/types\/product"}],"replies":[{"embeddable":true,"href":"https:\/\/mikeladzenailstore.com\/sk\/wp-json\/wp\/v2\/comments?post=7992"}],"version-history":[{"count":0,"href":"https:\/\/mikeladzenailstore.com\/sk\/wp-json\/wp\/v2\/product\/7992\/revisions"}],"wp:attachment":[{"href":"https:\/\/mikeladzenailstore.com\/sk\/wp-json\/wp\/v2\/media?parent=7992"}],"wp:term":[{"taxonomy":"pwb-brand","embeddable":true,"href":"https:\/\/mikeladzenailstore.com\/sk\/wp-json\/wp\/v2\/pwb-brand?post=7992"},{"taxonomy":"product_brand","embeddable":true,"href":"https:\/\/mikeladzenailstore.com\/sk\/wp-json\/wp\/v2\/product_brand?post=7992"},{"taxonomy":"product_cat","embeddable":true,"href":"https:\/\/mikeladzenailstore.com\/sk\/wp-json\/wp\/v2\/product_cat?post=7992"},{"taxonomy":"product_tag","embeddable":true,"href":"https:\/\/mikeladzenailstore.com\/sk\/wp-json\/wp\/v2\/product_tag?post=7992"},{"taxonomy":"berocket_brand","embeddable":true,"href":"https:\/\/mikeladzenailstore.com\/sk\/wp-json\/wp\/v2\/berocket_brand?post=7992"}],"curies":[{"name":"wp","href":"https:\/\/api.w.org\/{rel}","templated":true}]}}