{"id":8001,"date":"2025-11-15T12:07:33","date_gmt":"2025-11-15T12:07:33","guid":{"rendered":"https:\/\/mikeladzenailstore.com\/p\/polygel-pastel-1-jz-nails-group-30-ml\/"},"modified":"2025-12-16T17:02:55","modified_gmt":"2025-12-16T17:02:55","slug":"polygel-pastel-1-jz-nails-group-30-ml","status":"publish","type":"product","link":"https:\/\/mikeladzenailstore.com\/sk\/produkt\/polygel-pastel-1-jz-nails-group-30-ml\/","title":{"rendered":"Polygel \u201cPastel 1\u201d JZ Nails Group 30 ml"},"content":{"rendered":"<p>V\u0161echny nejlep\u0161\u00ed vlastnosti v jedn\u00e9 jedin\u00e9 formuli!<\/p>\n<p>Leh\u010d\u00ed, pevn\u011bj\u0161\u00ed a pru\u017en\u011bj\u0161\u00ed ne\u017e jak\u00fdkoliv akryl nebo gel v nehtov\u00e9m pr\u016fmyslu.<\/p>\n<p>Co um\u00ed tento unik\u00e1tn\u00ed produkt:<\/p>\n<p>\u2013 Zpev\u0148uje nehtovou plot\u00e9nku d\u00edky sv\u00e9 elastick\u00e9 struktu\u0159e<\/p>\n<p>\u2013 Vhodn\u00fd pro prodlu\u017eov\u00e1n\u00ed na tipech, klasick\u00fdch i horn\u00edch form\u00e1ch<\/p>\n<p>\u2013 Umo\u017e\u0148uje modelovat jakoukoliv rychlost\u00ed \u2013 podle pohodl\u00ed manik\u00e9rky<\/p>\n<p>\u2013 Po nanesen\u00ed se nerozl\u00e9v\u00e1 ani samovyrovn\u00e1v\u00e1, ide\u00e1ln\u00ed pro precizn\u00ed pr\u00e1ci<\/p>\n<p>\u2013 Pr\u00e1ce s minim\u00e1ln\u00edm mno\u017estv\u00edm materi\u00e1lu<\/p>\n<p>\u2013 Lze m\u00edchat s pigmentovan\u00fdmi nebo t\u0159pytiv\u00fdmi gely pro po\u017eadovan\u00fd odst\u00edn<\/p>\n<p>\u2013 Bez perforac\u00ed<\/p>\n<p>\u2013 Skv\u011bl\u00e1 p\u0159ilnavost a p\u0159irozen\u00fd vzhled pigmentu<\/p>\n<p>\u2013 Hypoalergenn\u00ed slo\u017een\u00ed<\/p>\n<p>\u2013 Polymerizace: LED\/UV \u2013 90 s \/ 2 min<\/p>\n<p>\u2013 B\u011bhem vytvrzov\u00e1n\u00ed nezp\u016fsobuje p\u00e1len\u00ed<\/p>\n<p>&nbsp;<\/p>\n<p>&nbsp;<\/p>\n","protected":false},"excerpt":{"rendered":"<p>V\u0161echny nejlep\u0161\u00ed vlastnosti v jedn\u00e9 jedin\u00e9 formuli! Leh\u010d\u00ed, pevn\u011bj\u0161\u00ed a pru\u017en\u011bj\u0161\u00ed ne\u017e jak\u00fdkoliv akryl nebo gel v nehtov\u00e9m pr\u016fmyslu. Co um\u00ed tento unik\u00e1tn\u00ed produkt: \u2013 Zpev\u0148uje nehtovou plot\u00e9nku d\u00edky sv\u00e9 elastick\u00e9 struktu\u0159e \u2013 Vhodn\u00fd pro prodlu\u017eov\u00e1n\u00ed na tipech, klasick\u00fdch i horn\u00edch form\u00e1ch \u2013 Umo\u017e\u0148uje modelovat jakoukoliv rychlost\u00ed \u2013 podle pohodl\u00ed manik\u00e9rky \u2013 Po nanesen\u00ed se [&hellip;]<\/p>\n","protected":false},"featured_media":5001,"comment_status":"open","ping_status":"closed","template":"","meta":[],"pwb-brand":[],"product_brand":[],"product_cat":[542,611],"product_tag":[],"berocket_brand":[],"class_list":{"0":"post-8001","1":"product","2":"type-product","3":"status-publish","4":"has-post-thumbnail","6":"product_cat-polygel","7":"product_cat-polygel-jz-nails-group","9":"first","10":"instock","11":"sale","12":"taxable","13":"shipping-taxable","14":"purchasable","15":"product-type-simple"},"acf":[],"brands":[],"_links":{"self":[{"href":"https:\/\/mikeladzenailstore.com\/sk\/wp-json\/wp\/v2\/product\/8001","targetHints":{"allow":["GET"]}}],"collection":[{"href":"https:\/\/mikeladzenailstore.com\/sk\/wp-json\/wp\/v2\/product"}],"about":[{"href":"https:\/\/mikeladzenailstore.com\/sk\/wp-json\/wp\/v2\/types\/product"}],"replies":[{"embeddable":true,"href":"https:\/\/mikeladzenailstore.com\/sk\/wp-json\/wp\/v2\/comments?post=8001"}],"version-history":[{"count":0,"href":"https:\/\/mikeladzenailstore.com\/sk\/wp-json\/wp\/v2\/product\/8001\/revisions"}],"wp:featuredmedia":[{"embeddable":true,"href":"https:\/\/mikeladzenailstore.com\/sk\/wp-json\/wp\/v2\/media\/5001"}],"wp:attachment":[{"href":"https:\/\/mikeladzenailstore.com\/sk\/wp-json\/wp\/v2\/media?parent=8001"}],"wp:term":[{"taxonomy":"pwb-brand","embeddable":true,"href":"https:\/\/mikeladzenailstore.com\/sk\/wp-json\/wp\/v2\/pwb-brand?post=8001"},{"taxonomy":"product_brand","embeddable":true,"href":"https:\/\/mikeladzenailstore.com\/sk\/wp-json\/wp\/v2\/product_brand?post=8001"},{"taxonomy":"product_cat","embeddable":true,"href":"https:\/\/mikeladzenailstore.com\/sk\/wp-json\/wp\/v2\/product_cat?post=8001"},{"taxonomy":"product_tag","embeddable":true,"href":"https:\/\/mikeladzenailstore.com\/sk\/wp-json\/wp\/v2\/product_tag?post=8001"},{"taxonomy":"berocket_brand","embeddable":true,"href":"https:\/\/mikeladzenailstore.com\/sk\/wp-json\/wp\/v2\/berocket_brand?post=8001"}],"curies":[{"name":"wp","href":"https:\/\/api.w.org\/{rel}","templated":true}]}}