{"id":8058,"date":"2025-11-15T12:07:13","date_gmt":"2025-11-15T12:07:13","guid":{"rendered":"https:\/\/mikeladzenailstore.com\/p\/led-uv-lamp-sun-4s-original-kremen-diod\/"},"modified":"2026-03-17T08:39:37","modified_gmt":"2026-03-17T08:39:37","slug":"led-uv-lamp-sun-4s-original-kremen-diod","status":"publish","type":"product","link":"https:\/\/mikeladzenailstore.com\/sk\/produkt\/led-uv-lamp-sun-4s-original-kremen-diod\/","title":{"rendered":"Led + UV lamp Sun 4s ORIGINAL k\u0159emen diod"},"content":{"rendered":"\t\t<div data-elementor-type=\"product-post\" data-elementor-id=\"8058\" class=\"elementor elementor-8058 elementor-3607\" data-elementor-post-type=\"product\">\n\t\t\t\t<div class=\"elementor-element elementor-element-2bb858d7 e-flex e-con-boxed e-con e-parent\" data-id=\"2bb858d7\" data-element_type=\"container\">\n\t\t\t\t\t<div class=\"e-con-inner\">\n\t\t\t\t<div class=\"elementor-element elementor-element-6e73bd40 elementor-widget elementor-widget-text-editor\" data-id=\"6e73bd40\" data-element_type=\"widget\" data-widget_type=\"text-editor.default\">\n\t\t\t\t\t\t\t\t\tLampa SUNUV SUN 4S 48W je hybridn\u00ed za\u0159\u00edzen\u00ed pro su\u0161en\u00ed gel\u016f a gel lak\u016f. Za\u0159\u00edzen\u00ed m\u00e1 velmi pohodln\u00fd design &#8211; skl\u00e1d\u00e1 se z podlouhl\u00e9 ov\u00e1ln\u00e9 lampy:\r\n\r\n\u25aa v\u00fdkon: 48 W;\r\n\r\n\u25aa po\u010det LED: 36 ks;\r\n\r\n\u25aa doba polymerace pro gel lak \u2013 10 sekund, gel 30-60 sekund.\r\n\r\nLED+UV lampa SUNUV SUN 4S je ur\u010dena k polymerizaci gel lak\u016f (shellac), prodlu\u017eov\u00e1n\u00ed neht\u016f a jak\u00fdchkoli povrch\u016f obsahuj\u00edc\u00edch gel (nap\u0159\u00edklad biogel).\r\n\r\nUV LED lampa je ide\u00e1ln\u00ed nejen pro dom\u00e1c\u00ed pou\u017eit\u00ed, ale i pro kosmetick\u00e9 salony. D\u00edky n\u011bkolika nastaven\u00edm \u010dasu je velmi pohodln\u00e1 a stane se nepostradateln\u00fdm pomocn\u00edkem pro nehtov\u00e9 stylisty. Nen\u00ed nutn\u00e9 sledovat dobu vytvrzov\u00e1n\u00ed laku \u2013 UV LED lampa SUNUV SUN 4S m\u00e1 \u017eivotnost a\u017e 50 000 hodin.\r\n\r\nOsv\u011bd\u010den\u00e1 kvalita \u2013 SUN 4S 48 W nov\u00e9 generace Smart 2.0\r\n\r\nSpole\u010dnost SUNUV uvedla model SUN 4S ve dvou barevn\u00fdch variant\u00e1ch:\r\n\r\n\u2022 b\u00edl\u00e1 s r\u016f\u017eov\u00fdm pruhem\r\n\r\n\u2022 b\u00edl\u00e1 s \u010dern\u00fdm pruhem\r\n\r\nMatn\u00fd kvalitn\u00ed b\u00edl\u00fd plast s barevn\u00fdm pruhem, displej a tla\u010d\u00edtka \u2013 v\u0161e je dokonale navr\u017eeno! Vnit\u0159n\u00ed prostor lampy umo\u017e\u0148uje um\u00edstit ob\u011b ruce najednou, co\u017e urychluje pr\u00e1ci stylisty. D\u00edky odn\u00edmateln\u00e9mu dnu je lampa ide\u00e1ln\u00ed i pro pedik\u00faru.\r\n\r\nFunkce tla\u010d\u00edtek lampy SUN 4S:\r\n\r\n\u2022 \u201e10s\u201c \u2013 \u010casova\u010d na 10 sekund\r\n\r\n\u2022 \u201e30s\u201c \u2013 \u010casova\u010d na 30 sekund\r\n\r\n\u2022 \u201e60s\u201c \u2013 \u010casova\u010d na 60 sekund\r\n\r\n\u2022 \u201e99s Low heat mode\u201c \u2013 Postupn\u00e9 p\u0159ep\u00edn\u00e1n\u00ed v\u00fdkonu z 24 W na 48 W s \u010dasova\u010dem na 99 sekund. Lampa sama postupn\u011b zvy\u0161uje v\u00fdkon: prvn\u00ed zv\u00fd\u0161en\u00ed po 30 sekund\u00e1ch, dal\u0161\u00ed po 50 sekund\u00e1ch a\u017e na maximum.\r\n\r\nFunkce do\u010dasn\u00e9 pam\u011bti\r\n\r\nPam\u011b\u0165 funguje pro tla\u010d\u00edtka \u201e10s\u201c, \u201e30s\u201c a \u201e60s\u201c. Lampa si zapamatuje zvolen\u00fd re\u017eim p\u0159i podr\u017een\u00ed tla\u010d\u00edtka po dobu 2 sekund. Op\u011btovn\u00e9 dlouh\u00e9 stisknut\u00ed nebo stisknut\u00ed jin\u00e9ho tla\u010d\u00edtka \u010dasova\u010de vyma\u017ee pam\u011b\u0165.\r\n\r\nLampa se zap\u00edn\u00e1 mechanicky pomoc\u00ed tla\u010d\u00edtek na t\u011ble nebo automaticky pomoc\u00ed vestav\u011bn\u00e9ho senzoru. Po aktivaci senzoru pracuje lampa 99 sekund. Vypnut\u00ed prob\u00edh\u00e1 automaticky senzorem nebo stisknut\u00edm tla\u010d\u00edtka aktu\u00e1ln\u00edho re\u017eimu.\r\n\r\nTechnologie Smart 2.0\r\n\r\nTato technologie chr\u00e1n\u00ed t\u011blo lampy a jej\u00ed sou\u010d\u00e1sti p\u0159ed p\u0159eh\u0159\u00e1t\u00edm a z\u00e1rove\u0148 chr\u00e1n\u00ed nehtovou plot\u00e9nku p\u0159i vytvrzov\u00e1n\u00ed.\r\n\r\nPokud lampa pracuje del\u0161\u00ed dobu, m\u016f\u017ee se zv\u00fd\u0161it teplota uvnit\u0159 za\u0159\u00edzen\u00ed. Vestav\u011bn\u00e1 automatick\u00e1 regulace teploty zajist\u00ed, \u017ee se lampa automaticky p\u0159epne do re\u017eimu \u00faspory energie, pokud se p\u0159eh\u0159eje. Na displeji se zobraz\u00ed stav \u201e07\u0433\u201c. Jakmile teplota klesne na bezpe\u010dnou \u00farove\u0148, \u010dasova\u010d obnov\u00ed svou \u010dinnost.\r\n\r\nLampa obsahuje 36 LED diod, kter\u00e9 rovnom\u011brn\u011b vytvrzuj\u00ed v\u0161echny oblasti neht\u016f p\u0159i manik\u00fa\u0159e i pedik\u00fa\u0159e.\r\n\r\nTechnick\u00e9 parametry:\r\n\r\n\u2022 V\u00fdkon: 24 W a 48 W\r\n\r\n\u2022 Po\u010det LED diod: 36 ks\r\n\r\n\u2022 Odn\u00edmateln\u00e9 dno\r\n\r\n\u2022 Doba polymerizace:\r\n\r\n\u2022 Gel lak: 5\u201330 sekund\r\n\r\n\u2022 LED gel: 30\u201360 sekund\r\n\r\n\u2022 Pohybov\u00fd senzor\r\n\r\n\u2022 Funkce pam\u011bti \u010dasu\r\n\r\n\u2022 Pracovn\u00ed re\u017eimy: 99 sekund automaticky, \u010dasova\u010d na 10, 30, 60 sekund\r\n\r\n\u2022 Rozm\u011bry:\r\n\r\n\u2022 D\u00e9lka: 18,5 cm\r\n\r\n\u2022 \u0160\u00ed\u0159ka: 20,5 cm\r\n\r\n\u2022 V\u00fd\u0161ka: 8,5 cm\r\n\r\n\u2022 Hmotnost: cca 1,05 kg\r\n\r\n\u2022 D\u00e9lka kabelu: 150 cm\r\n\r\nObsah balen\u00ed:\r\n\r\n\u2022 LED+UV lampa\r\n\r\n\u2022 Nap\u00e1jec\u00ed kabel\r\n\r\n\u2022 N\u00e1vod k pou\u017eit\u00ed\r\n\r\nD\u016fle\u017eit\u00e9:\r\n\r\nNa spodn\u00ed stran\u011b v\u0161ech origin\u00e1ln\u00edch lamp je plomba s \u010d\u00e1rov\u00fdm k\u00f3dem, kter\u00e1 odpov\u00edd\u00e1 \u010d\u00e1rov\u00e9mu k\u00f3du na obalu lampy. Je nutn\u00e9 uchovat \u010d\u00e1rov\u00fd k\u00f3d po celou dobu z\u00e1ruky. Z\u00e1ruka je poskytov\u00e1na pouze pokud je plomba neporu\u0161en\u00e1 a nebyla p\u0159elepena.\t\t\t\t\t\t\t\t<\/div>\n\t\t\t\t\t<\/div>\n\t\t\t\t<\/div>\n\t\t\t\t<\/div>\n\t\t","protected":false},"excerpt":{"rendered":"<p>Lampa SUNUV SUN 4S 48W je hybridn\u00ed za\u0159\u00edzen\u00ed pro su\u0161en\u00ed gel\u016f a gel lak\u016f. Za\u0159\u00edzen\u00ed m\u00e1 velmi pohodln\u00fd design &#8211; skl\u00e1d\u00e1 se z podlouhl\u00e9 ov\u00e1ln\u00e9 lampy: \u25aa v\u00fdkon: 48 W; \u25aa po\u010det LED: 36 ks; \u25aa doba polymerace pro gel lak \u2013 10 sekund, gel 30-60 sekund. LED+UV lampa SUNUV SUN 4S je ur\u010dena k [&hellip;]<\/p>\n","protected":false},"featured_media":4972,"comment_status":"open","ping_status":"closed","template":"","meta":[],"pwb-brand":[],"product_brand":[],"product_cat":[700],"product_tag":[],"berocket_brand":[],"class_list":{"0":"post-8058","1":"product","2":"type-product","3":"status-publish","4":"has-post-thumbnail","6":"product_cat-vybaveni-pro-manikkuru","8":"first","9":"instock","10":"taxable","11":"shipping-taxable","12":"purchasable","13":"product-type-simple"},"acf":[],"brands":[],"_links":{"self":[{"href":"https:\/\/mikeladzenailstore.com\/sk\/wp-json\/wp\/v2\/product\/8058","targetHints":{"allow":["GET"]}}],"collection":[{"href":"https:\/\/mikeladzenailstore.com\/sk\/wp-json\/wp\/v2\/product"}],"about":[{"href":"https:\/\/mikeladzenailstore.com\/sk\/wp-json\/wp\/v2\/types\/product"}],"replies":[{"embeddable":true,"href":"https:\/\/mikeladzenailstore.com\/sk\/wp-json\/wp\/v2\/comments?post=8058"}],"version-history":[{"count":0,"href":"https:\/\/mikeladzenailstore.com\/sk\/wp-json\/wp\/v2\/product\/8058\/revisions"}],"wp:featuredmedia":[{"embeddable":true,"href":"https:\/\/mikeladzenailstore.com\/sk\/wp-json\/wp\/v2\/media\/4972"}],"wp:attachment":[{"href":"https:\/\/mikeladzenailstore.com\/sk\/wp-json\/wp\/v2\/media?parent=8058"}],"wp:term":[{"taxonomy":"pwb-brand","embeddable":true,"href":"https:\/\/mikeladzenailstore.com\/sk\/wp-json\/wp\/v2\/pwb-brand?post=8058"},{"taxonomy":"product_brand","embeddable":true,"href":"https:\/\/mikeladzenailstore.com\/sk\/wp-json\/wp\/v2\/product_brand?post=8058"},{"taxonomy":"product_cat","embeddable":true,"href":"https:\/\/mikeladzenailstore.com\/sk\/wp-json\/wp\/v2\/product_cat?post=8058"},{"taxonomy":"product_tag","embeddable":true,"href":"https:\/\/mikeladzenailstore.com\/sk\/wp-json\/wp\/v2\/product_tag?post=8058"},{"taxonomy":"berocket_brand","embeddable":true,"href":"https:\/\/mikeladzenailstore.com\/sk\/wp-json\/wp\/v2\/berocket_brand?post=8058"}],"curies":[{"name":"wp","href":"https:\/\/api.w.org\/{rel}","templated":true}]}}