{"id":8106,"date":"2025-11-15T12:06:54","date_gmt":"2025-11-15T12:06:54","guid":{"rendered":"https:\/\/mikeladzenailstore.com\/p\/staleks-freza-z-karbidu-ft90r050-13\/"},"modified":"2026-01-11T12:39:02","modified_gmt":"2026-01-11T12:39:02","slug":"staleks-freza-z-karbidu-ft90r050-13","status":"publish","type":"product","link":"https:\/\/mikeladzenailstore.com\/sk\/produkt\/staleks-freza-z-karbidu-ft90r050-13\/","title":{"rendered":"Staleks fr\u00e9za z karbidu FT90R050\/13"},"content":{"rendered":"<p>SERIES EXPERT \u2013 ur\u010deno pro profesion\u00e1ln\u00ed pou\u017eit\u00ed p\u0159\u00edstrojov\u00e9 manik\u00fary a pedik\u00fary. Li\u0161\u00ed se v \u0161irok\u00e9 \u0161k\u00e1le tvar\u016f, velikost\u00ed a hodnot zrnitosti pracovn\u00edch \u010d\u00e1st\u00ed.<\/p>\n<p>Karbidov\u00e1 fr\u00e9zka pro p\u0159\u00edstrojovou manik\u00faru\/pedik\u00faru.<\/p>\n<p>\u010cerven\u00fd z\u00e1\u0159ez m\u011bkk\u00e9 tvrdosti.<\/p>\n<p>Tvar &#8222;kuku\u0159ice&#8220; pro korekci um\u011bl\u00fdch neht\u016f, odstra\u0148ov\u00e1n\u00ed gel laku a gelov\u00fdch materi\u00e1l\u016f.<\/p>\n<p>Je nezbytn\u00e9 dodr\u017eovat doporu\u010den\u00e9 po\u017eadavky na ot\u00e1\u010dky; pou\u017eit\u00ed p\u0159i vy\u0161\u0161\u00edch ot\u00e1\u010dk\u00e1ch m\u016f\u017ee v\u00e9st k poran\u011bn\u00ed klienta p\u0159i manik\u00fa\u0159e.<\/p>\n<p>Korekce prodlou\u017een\u00fdch neht\u016f.<\/p>\n<p>P\u0159\u00edprava na prodlou\u017een\u00ed um\u011bl\u00fdch neht\u016f.<\/p>\n<p>Korekce nehtov\u00e9 plot\u00e9nky.<\/p>\n<p>P\u0159i pr\u00e1ci materi\u00e1l odstra\u0148uje ve form\u011b drobn\u00fdch t\u0159\u00edsek, nikoliv jako prach v pedik\u00fa\u0159e\/podologii.<\/p>\n<p>Zpracov\u00e1n\u00ed zrohovat\u011bl\u00fdch ko\u017en\u00edch ploch.<\/p>\n<p>Zpracov\u00e1n\u00ed otlak\u016f a mozol\u016f.<\/p>\n<p>Vysoce kvalitn\u00ed kov.<\/p>\n<p>Lze podrobit v\u0161em typ\u016fm sterilizace a dezinfekce.<\/p>\n<p>Odoln\u00fd proti korozi.<\/p>\n<p>St\u0159ed ot\u00e1\u010den\u00ed se p\u0159i vysok\u00fdch rychlostech neposouv\u00e1.<\/p>\n<p>Odstra\u0148uje um\u011bl\u00e9 materi\u00e1ly z nehtov\u00e9 plot\u00e9nky.<\/p>\n<p>Pou\u017e\u00edv\u00e1 se pro pr\u00e1ci s problematick\u00fdmi p\u0159\u00edrodn\u00edmi nehty.<\/p>\n<p>Pro zpracov\u00e1n\u00ed hrub\u00e9 poko\u017eky nohou.<\/p>\n","protected":false},"excerpt":{"rendered":"<p>SERIES EXPERT \u2013 ur\u010deno pro profesion\u00e1ln\u00ed pou\u017eit\u00ed p\u0159\u00edstrojov\u00e9 manik\u00fary a pedik\u00fary. Li\u0161\u00ed se v \u0161irok\u00e9 \u0161k\u00e1le tvar\u016f, velikost\u00ed a hodnot zrnitosti pracovn\u00edch \u010d\u00e1st\u00ed. Karbidov\u00e1 fr\u00e9zka pro p\u0159\u00edstrojovou manik\u00faru\/pedik\u00faru. \u010cerven\u00fd z\u00e1\u0159ez m\u011bkk\u00e9 tvrdosti. Tvar &#8222;kuku\u0159ice&#8220; pro korekci um\u011bl\u00fdch neht\u016f, odstra\u0148ov\u00e1n\u00ed gel laku a gelov\u00fdch materi\u00e1l\u016f. Je nezbytn\u00e9 dodr\u017eovat doporu\u010den\u00e9 po\u017eadavky na ot\u00e1\u010dky; pou\u017eit\u00ed p\u0159i vy\u0161\u0161\u00edch ot\u00e1\u010dk\u00e1ch [&hellip;]<\/p>\n","protected":false},"featured_media":4953,"comment_status":"open","ping_status":"closed","template":"","meta":[],"pwb-brand":[],"product_brand":[],"product_cat":[693],"product_tag":[],"berocket_brand":[436],"class_list":{"0":"post-8106","1":"product","2":"type-product","3":"status-publish","4":"has-post-thumbnail","6":"product_cat-karbidove-frezy","7":"berocket_brand-staleks","9":"first","10":"outofstock","11":"taxable","12":"shipping-taxable","13":"purchasable","14":"product-type-simple"},"acf":[],"brands":[],"_links":{"self":[{"href":"https:\/\/mikeladzenailstore.com\/sk\/wp-json\/wp\/v2\/product\/8106","targetHints":{"allow":["GET"]}}],"collection":[{"href":"https:\/\/mikeladzenailstore.com\/sk\/wp-json\/wp\/v2\/product"}],"about":[{"href":"https:\/\/mikeladzenailstore.com\/sk\/wp-json\/wp\/v2\/types\/product"}],"replies":[{"embeddable":true,"href":"https:\/\/mikeladzenailstore.com\/sk\/wp-json\/wp\/v2\/comments?post=8106"}],"version-history":[{"count":0,"href":"https:\/\/mikeladzenailstore.com\/sk\/wp-json\/wp\/v2\/product\/8106\/revisions"}],"wp:featuredmedia":[{"embeddable":true,"href":"https:\/\/mikeladzenailstore.com\/sk\/wp-json\/wp\/v2\/media\/4953"}],"wp:attachment":[{"href":"https:\/\/mikeladzenailstore.com\/sk\/wp-json\/wp\/v2\/media?parent=8106"}],"wp:term":[{"taxonomy":"pwb-brand","embeddable":true,"href":"https:\/\/mikeladzenailstore.com\/sk\/wp-json\/wp\/v2\/pwb-brand?post=8106"},{"taxonomy":"product_brand","embeddable":true,"href":"https:\/\/mikeladzenailstore.com\/sk\/wp-json\/wp\/v2\/product_brand?post=8106"},{"taxonomy":"product_cat","embeddable":true,"href":"https:\/\/mikeladzenailstore.com\/sk\/wp-json\/wp\/v2\/product_cat?post=8106"},{"taxonomy":"product_tag","embeddable":true,"href":"https:\/\/mikeladzenailstore.com\/sk\/wp-json\/wp\/v2\/product_tag?post=8106"},{"taxonomy":"berocket_brand","embeddable":true,"href":"https:\/\/mikeladzenailstore.com\/sk\/wp-json\/wp\/v2\/berocket_brand?post=8106"}],"curies":[{"name":"wp","href":"https:\/\/api.w.org\/{rel}","templated":true}]}}