{"id":8127,"date":"2025-11-15T12:04:37","date_gmt":"2025-11-15T12:04:37","guid":{"rendered":"https:\/\/mikeladzenailstore.com\/p\/cleanser-trendy-nails-500-ml\/"},"modified":"2026-03-04T17:55:27","modified_gmt":"2026-03-04T17:55:27","slug":"cleanser-trendy-nails-500-ml","status":"publish","type":"product","link":"https:\/\/mikeladzenailstore.com\/sk\/produkt\/cleanser-trendy-nails-500-ml\/","title":{"rendered":"Cleanser Trendy nails 500  ml"},"content":{"rendered":"<p>Cleanser Trendy Nails je nepostradatelnou pom\u016fckou v pr\u00e1ci ka\u017ed\u00e9 nehtov\u00e9 specialistky. Cleanser m\u00e1 funkce odma\u0161t\u011bn\u00ed, dehydratace a odstran\u011bn\u00ed lepiv\u00e9 vrstvy po nanesen\u00ed vrchn\u00edho laku Top Trendy Nails. Dod\u00e1 va\u0161emu pokryt\u00ed dal\u0161\u00ed lesk.<\/p>\n","protected":false},"excerpt":{"rendered":"<p>Cleanser Trendy Nails je nepostradatelnou pom\u016fckou v pr\u00e1ci ka\u017ed\u00e9 nehtov\u00e9 specialistky. Cleanser m\u00e1 funkce odma\u0161t\u011bn\u00ed, dehydratace a odstran\u011bn\u00ed lepiv\u00e9 vrstvy po nanesen\u00ed vrchn\u00edho laku Top Trendy Nails. Dod\u00e1 va\u0161emu pokryt\u00ed dal\u0161\u00ed lesk.<\/p>\n","protected":false},"featured_media":4765,"comment_status":"open","ping_status":"closed","template":"","meta":[],"pwb-brand":[],"product_brand":[],"product_cat":[497],"product_tag":[],"berocket_brand":[437],"class_list":{"0":"post-8127","1":"product","2":"type-product","3":"status-publish","4":"has-post-thumbnail","6":"product_cat-specialni-prostredky","7":"berocket_brand-trendy-nails","9":"first","10":"instock","11":"taxable","12":"shipping-taxable","13":"purchasable","14":"product-type-simple"},"acf":[],"brands":[],"_links":{"self":[{"href":"https:\/\/mikeladzenailstore.com\/sk\/wp-json\/wp\/v2\/product\/8127","targetHints":{"allow":["GET"]}}],"collection":[{"href":"https:\/\/mikeladzenailstore.com\/sk\/wp-json\/wp\/v2\/product"}],"about":[{"href":"https:\/\/mikeladzenailstore.com\/sk\/wp-json\/wp\/v2\/types\/product"}],"replies":[{"embeddable":true,"href":"https:\/\/mikeladzenailstore.com\/sk\/wp-json\/wp\/v2\/comments?post=8127"}],"version-history":[{"count":0,"href":"https:\/\/mikeladzenailstore.com\/sk\/wp-json\/wp\/v2\/product\/8127\/revisions"}],"wp:featuredmedia":[{"embeddable":true,"href":"https:\/\/mikeladzenailstore.com\/sk\/wp-json\/wp\/v2\/media\/4765"}],"wp:attachment":[{"href":"https:\/\/mikeladzenailstore.com\/sk\/wp-json\/wp\/v2\/media?parent=8127"}],"wp:term":[{"taxonomy":"pwb-brand","embeddable":true,"href":"https:\/\/mikeladzenailstore.com\/sk\/wp-json\/wp\/v2\/pwb-brand?post=8127"},{"taxonomy":"product_brand","embeddable":true,"href":"https:\/\/mikeladzenailstore.com\/sk\/wp-json\/wp\/v2\/product_brand?post=8127"},{"taxonomy":"product_cat","embeddable":true,"href":"https:\/\/mikeladzenailstore.com\/sk\/wp-json\/wp\/v2\/product_cat?post=8127"},{"taxonomy":"product_tag","embeddable":true,"href":"https:\/\/mikeladzenailstore.com\/sk\/wp-json\/wp\/v2\/product_tag?post=8127"},{"taxonomy":"berocket_brand","embeddable":true,"href":"https:\/\/mikeladzenailstore.com\/sk\/wp-json\/wp\/v2\/berocket_brand?post=8127"}],"curies":[{"name":"wp","href":"https:\/\/api.w.org\/{rel}","templated":true}]}}