{"id":8188,"date":"2025-11-15T12:04:15","date_gmt":"2025-11-15T12:04:15","guid":{"rendered":"https:\/\/mikeladzenailstore.com\/p\/top-milk-trendy-nails-15-ml\/"},"modified":"2026-02-05T09:41:58","modified_gmt":"2026-02-05T09:41:58","slug":"top-milk-trendy-nails-15-ml","status":"publish","type":"product","link":"https:\/\/mikeladzenailstore.com\/sk\/produkt\/top-milk-trendy-nails-15-ml\/","title":{"rendered":"Top PINK Trendy nails"},"content":{"rendered":"<div style=\"width: 464px;\" class=\"wp-video\"><video class=\"wp-video-shortcode\" id=\"video-8188-1\" width=\"464\" height=\"848\" preload=\"metadata\" controls=\"controls\"><source type=\"video\/mp4\" src=\"https:\/\/mikeladzenailstore.com\/wp-content\/uploads\/2025\/11\/video_2026-02-05_09-45-31.mp4?_=1\" \/><a href=\"https:\/\/mikeladzenailstore.com\/wp-content\/uploads\/2025\/11\/video_2026-02-05_09-45-31.mp4\">https:\/\/mikeladzenailstore.com\/wp-content\/uploads\/2025\/11\/video_2026-02-05_09-45-31.mp4<\/a><\/video><\/div>\n<h3 data-start=\"53\" data-end=\"120\">Vrchn\u00ed top bez disperzn\u00ed vrstvy s jemn\u00fdm ml\u00e9\u010dn\u011b r\u016f\u017eov\u00fdm efektem<\/h3>\n<p data-start=\"122\" data-end=\"443\"><strong data-start=\"122\" data-end=\"134\">Top Pink<\/strong> je ide\u00e1ln\u00ed volbou pro ty, kte\u0159\u00ed hledaj\u00ed lesklou a elegantn\u00ed manik\u00faru. D\u00edky jemn\u00e9 pigmentaci rovnom\u011brn\u011b kryje nehty ji\u017e v prvn\u00ed vrstv\u011b a zaji\u0161\u0165uje dokonal\u00fd v\u00fdsledek bez nutnosti opakovan\u00e9 aplikace. St\u0159edn\u011b tekut\u00e1 konzistence umo\u017e\u0148uje snadnou aplikaci bez pilov\u00e1n\u00ed a zaru\u010duje perfektn\u00ed v\u00fdsledek v kr\u00e1tk\u00e9m \u010dase.<\/p>\n<h4 data-start=\"445\" data-end=\"468\">Hlavn\u00ed vlastnosti:<\/h4>\n<p data-start=\"469\" data-end=\"989\">\u2022 Jemn\u00fd ml\u00e9\u010dn\u011b r\u016f\u017eov\u00fd odst\u00edn, kter\u00fd dod\u00e1v\u00e1 m\u011bkk\u00fd a elegantn\u00ed efekt<br data-start=\"535\" data-end=\"538\" \/>\u2022 Leskl\u00fd fini\u0161, jen\u017e si zachov\u00e1v\u00e1 svou brilanci po celou dobu manik\u00fary<br data-start=\"608\" data-end=\"611\" \/>\u2022 Bez disperzn\u00ed (lepiv\u00e9) vrstvy<br data-start=\"642\" data-end=\"645\" \/>\u2022 V\u00fdjime\u010dn\u00e1 v\u00fddr\u017e bez zm\u011bny barvy \u2013 zachov\u00e1v\u00e1 lesk i intenzitu odst\u00ednu<br data-start=\"715\" data-end=\"718\" \/>\u2022 St\u0159edn\u011b hust\u00e1 konzistence pro snadnou aplikaci bez nutnosti pilov\u00e1n\u00ed<br data-start=\"788\" data-end=\"791\" \/>\u2022 Elastick\u00fd a odoln\u00fd \u2013 neprask\u00e1 a nevytv\u00e1\u0159\u00ed odchlipy<br data-start=\"843\" data-end=\"846\" \/>\u2022 Soak Off technologie \u2013 snadn\u00e9 odstran\u011bn\u00ed pomoc\u00ed removeru, fr\u00e9zky nebo piln\u00edku<br data-start=\"925\" data-end=\"928\" \/>\u2022 Dostupn\u00fd v lahvi\u010dk\u00e1ch 8 ml a 15 ml s praktick\u00fdm \u0161t\u011bte\u010dkem<\/p>\n<h4 data-start=\"991\" data-end=\"1010\">Hlavn\u00ed v\u00fdhody:<\/h4>\n<p data-start=\"1011\" data-end=\"1360\">\u2022 Maxim\u00e1ln\u00ed odolnost a dlouhotrvaj\u00edc\u00ed lesk<br data-start=\"1053\" data-end=\"1056\" \/>\u2022 Nem\u011bn\u00ed barvu \u2013 zachov\u00e1v\u00e1 perfektn\u00ed odst\u00edn a\u017e do odstran\u011bn\u00ed<br data-start=\"1116\" data-end=\"1119\" \/>\u2022 \u00daspora \u010dasu: rychl\u00e1 a rovnom\u011brn\u00e1 aplikace bez nutnosti set\u0159en\u00ed<br data-start=\"1183\" data-end=\"1186\" \/>\u2022 Nezved\u00e1 se a neprask\u00e1 \u2013 zaji\u0161\u0165uje dlouhotrvaj\u00edc\u00ed a odolnou manik\u00faru<br data-start=\"1255\" data-end=\"1258\" \/>\u2022 Samovyrovn\u00e1vac\u00ed \u2013 nen\u00ed pot\u0159eba pilov\u00e1n\u00ed<br data-start=\"1299\" data-end=\"1302\" \/>\u2022 Snadn\u00e9 odstran\u011bn\u00ed pomoc\u00ed removeru, fr\u00e9zky nebo piln\u00edku<\/p>\n<h4 data-start=\"1362\" data-end=\"1383\">Jak se aplikuje?<\/h4>\n<ol data-start=\"1384\" data-end=\"1899\">\n<li data-start=\"1384\" data-end=\"1485\">\n<p data-start=\"1387\" data-end=\"1485\">Lze aplikovat na jak\u00fdkoli typ model\u00e1\u017ee (gel, semipermanentn\u00ed lak, acrygel nebo zpev\u0148uj\u00edc\u00ed b\u00e1ze).<\/p>\n<\/li>\n<li data-start=\"1486\" data-end=\"1563\">\n<p data-start=\"1489\" data-end=\"1563\">Naneste tenkou vrstvu <strong data-start=\"1511\" data-end=\"1523\">Top Pink<\/strong> na nehet pomoc\u00ed p\u0159ilo\u017een\u00e9ho \u0161t\u011bte\u010dku.<\/p>\n<\/li>\n<li data-start=\"1564\" data-end=\"1662\">\n<p data-start=\"1567\" data-end=\"1662\">Pro vy\u0161\u0161\u00ed p\u0159esnost v oblasti k\u016f\u017ei\u010dky doporu\u010dujeme pou\u017e\u00edt \u0161t\u011bte\u010dek <strong data-start=\"1633\" data-end=\"1659\">Linear od Trendy Nails<\/strong>.<\/p>\n<\/li>\n<li data-start=\"1663\" data-end=\"1734\">\n<p data-start=\"1666\" data-end=\"1734\">Polymerizace: 60 sekund v LED\/UV lamp\u011b nebo 120 sekund v UV lamp\u011b.<\/p>\n<\/li>\n<li data-start=\"1735\" data-end=\"1770\">\n<p data-start=\"1738\" data-end=\"1770\">Nen\u00ed nutn\u00e9 set\u00edrat cleanserem.<\/p>\n<\/li>\n<li data-start=\"1771\" data-end=\"1899\">\n<p data-start=\"1774\" data-end=\"1899\">Po polymerizaci nechte vychladnout alespo\u0148 <strong data-start=\"1817\" data-end=\"1831\">150 sekund<\/strong> p\u0159ed aplikac\u00ed olej\u00ed\u010dku na k\u016f\u017ei\u010dku, aby nedo\u0161lo ke zmatn\u011bn\u00ed povrchu.<\/p>\n<\/li>\n<\/ol>\n","protected":false},"excerpt":{"rendered":"<p>Vrchn\u00ed top bez disperzn\u00ed vrstvy s jemn\u00fdm ml\u00e9\u010dn\u011b r\u016f\u017eov\u00fdm efektem Top Pink je ide\u00e1ln\u00ed volbou pro ty, kte\u0159\u00ed hledaj\u00ed lesklou a elegantn\u00ed manik\u00faru. D\u00edky jemn\u00e9 pigmentaci rovnom\u011brn\u011b kryje nehty ji\u017e v prvn\u00ed vrstv\u011b a zaji\u0161\u0165uje dokonal\u00fd v\u00fdsledek bez nutnosti opakovan\u00e9 aplikace. St\u0159edn\u011b tekut\u00e1 konzistence umo\u017e\u0148uje snadnou aplikaci bez pilov\u00e1n\u00ed a zaru\u010duje perfektn\u00ed v\u00fdsledek v kr\u00e1tk\u00e9m [&hellip;]<\/p>\n","protected":false},"featured_media":16373,"comment_status":"open","ping_status":"closed","template":"","meta":[],"pwb-brand":[],"product_brand":[],"product_cat":[496,250],"product_tag":[],"berocket_brand":[437],"class_list":{"0":"post-8188","1":"product","2":"type-product","3":"status-publish","4":"has-post-thumbnail","6":"product_cat-bestseller","7":"product_cat-topy-trendy-nails","8":"berocket_brand-trendy-nails","10":"first","11":"outofstock","12":"taxable","13":"shipping-taxable","14":"purchasable","15":"product-type-variable"},"acf":[],"brands":[],"_links":{"self":[{"href":"https:\/\/mikeladzenailstore.com\/sk\/wp-json\/wp\/v2\/product\/8188","targetHints":{"allow":["GET"]}}],"collection":[{"href":"https:\/\/mikeladzenailstore.com\/sk\/wp-json\/wp\/v2\/product"}],"about":[{"href":"https:\/\/mikeladzenailstore.com\/sk\/wp-json\/wp\/v2\/types\/product"}],"replies":[{"embeddable":true,"href":"https:\/\/mikeladzenailstore.com\/sk\/wp-json\/wp\/v2\/comments?post=8188"}],"version-history":[{"count":0,"href":"https:\/\/mikeladzenailstore.com\/sk\/wp-json\/wp\/v2\/product\/8188\/revisions"}],"wp:featuredmedia":[{"embeddable":true,"href":"https:\/\/mikeladzenailstore.com\/sk\/wp-json\/wp\/v2\/media\/16373"}],"wp:attachment":[{"href":"https:\/\/mikeladzenailstore.com\/sk\/wp-json\/wp\/v2\/media?parent=8188"}],"wp:term":[{"taxonomy":"pwb-brand","embeddable":true,"href":"https:\/\/mikeladzenailstore.com\/sk\/wp-json\/wp\/v2\/pwb-brand?post=8188"},{"taxonomy":"product_brand","embeddable":true,"href":"https:\/\/mikeladzenailstore.com\/sk\/wp-json\/wp\/v2\/product_brand?post=8188"},{"taxonomy":"product_cat","embeddable":true,"href":"https:\/\/mikeladzenailstore.com\/sk\/wp-json\/wp\/v2\/product_cat?post=8188"},{"taxonomy":"product_tag","embeddable":true,"href":"https:\/\/mikeladzenailstore.com\/sk\/wp-json\/wp\/v2\/product_tag?post=8188"},{"taxonomy":"berocket_brand","embeddable":true,"href":"https:\/\/mikeladzenailstore.com\/sk\/wp-json\/wp\/v2\/berocket_brand?post=8188"}],"curies":[{"name":"wp","href":"https:\/\/api.w.org\/{rel}","templated":true}]}}