{"id":8312,"date":"2025-11-15T12:03:19","date_gmt":"2025-11-15T12:03:19","guid":{"rendered":"https:\/\/mikeladzenailstore.com\/p\/builder-gel-opal-nude-no-tpo-no-hema-jz-nails-group-15-ml\/"},"modified":"2025-11-15T12:03:19","modified_gmt":"2025-11-15T12:03:19","slug":"builder-gel-opal-nude-no-tpo-no-hema-jz-nails-group-15-ml","status":"publish","type":"product","link":"https:\/\/mikeladzenailstore.com\/sk\/produkt\/builder-gel-opal-nude-no-tpo-no-hema-jz-nails-group-15-ml\/","title":{"rendered":"Builder gel \u201cOpal nude\u201d no TPO\/no hema JZ Nails Group 15 ml"},"content":{"rendered":"<p>Builder Gel s\u00e9rie OPAL<\/p>\n<p>Opal White<\/p>\n<p>Opal Pink<\/p>\n<p>Opal Nude<\/p>\n<\/p>\n<p>Ka\u017ed\u00fd z nich m\u00e1 ml\u00e9\u010dn\u00fd zakalen\u00fd odst\u00edn, ale z\u00e1rove\u0148 dob\u0159e kryje. Jemn\u00e9 t\u0159pytky vlo\u010dek Yuki dopln\u00ed jednobarevn\u00fd povrch ji\u017e hotov\u00fdm designem.<\/p>\n<\/p>\n<p>Technick\u00e9 vlastnosti:<\/p>\n<p>\t\u2022\tGely vy\u017eaduj\u00ed pr\u016fhlednou z\u00e1kladn\u00ed vrstvu (podklad).<\/p>\n<p>\t\u2022\tPolymerizace 90\u2013120 sek. LED.<\/p>\n<p>\t\u2022\tJsou st\u0159edn\u011b teplotn\u00ed.<\/p>\n<p>\t\u2022\tTvarov\u00e1n\u00ed architektury lze prov\u00e9st od 10 sek.<\/p>\n<p>\t\u2022\tIde\u00e1ln\u00ed a odoln\u00e9 p\u0159i no\u0161en\u00ed.<\/p>\n<\/p>\n<p>Slo\u017een\u00ed: DI-HEMA TRIMETHYLHEXYL DICARBAMATE, ISOBORNYL METHACRYLATE, PEG-9 TRIMETHYLOLPROPANE TRIACRYLATE, HYDROXYCYCLO HEXYL PHENYL KETONE, SILICA, BENZOYL ISOPROPANOL, PEG9 DIMETHACRYLATE. +\/- (M\u016e\u017dE OBSAHOVAT): CI 77891 (TITANIUM DIOXIDE), CI 77491 (IRON OXIDES), CI 77492 (IRON OXIDES), CI 47005.<\/p>\n","protected":false},"excerpt":{"rendered":"<p>Builder Gel s\u00e9rie OPAL Opal White Opal Pink Opal Nude Ka\u017ed\u00fd z nich m\u00e1 ml\u00e9\u010dn\u00fd zakalen\u00fd odst\u00edn, ale z\u00e1rove\u0148 dob\u0159e kryje. Jemn\u00e9 t\u0159pytky vlo\u010dek Yuki dopln\u00ed jednobarevn\u00fd povrch ji\u017e hotov\u00fdm designem. Technick\u00e9 vlastnosti: \u2022 Gely vy\u017eaduj\u00ed pr\u016fhlednou z\u00e1kladn\u00ed vrstvu (podklad). \u2022 Polymerizace 90\u2013120 sek. LED. \u2022 Jsou st\u0159edn\u011b teplotn\u00ed. \u2022 Tvarov\u00e1n\u00ed architektury lze prov\u00e9st od [&hellip;]<\/p>\n","protected":false},"featured_media":0,"comment_status":"open","ping_status":"open","template":"","meta":[],"pwb-brand":[],"product_brand":[],"product_cat":[168],"product_tag":[],"berocket_brand":[],"class_list":{"0":"post-8312","1":"product","2":"type-product","3":"status-publish","5":"product_cat-baze-a-topy-pro-manikuru-pedikuru","7":"first","8":"outofstock","9":"taxable","10":"shipping-taxable","11":"purchasable","12":"product-type-simple"},"acf":[],"brands":[],"_links":{"self":[{"href":"https:\/\/mikeladzenailstore.com\/sk\/wp-json\/wp\/v2\/product\/8312","targetHints":{"allow":["GET"]}}],"collection":[{"href":"https:\/\/mikeladzenailstore.com\/sk\/wp-json\/wp\/v2\/product"}],"about":[{"href":"https:\/\/mikeladzenailstore.com\/sk\/wp-json\/wp\/v2\/types\/product"}],"replies":[{"embeddable":true,"href":"https:\/\/mikeladzenailstore.com\/sk\/wp-json\/wp\/v2\/comments?post=8312"}],"version-history":[{"count":0,"href":"https:\/\/mikeladzenailstore.com\/sk\/wp-json\/wp\/v2\/product\/8312\/revisions"}],"wp:attachment":[{"href":"https:\/\/mikeladzenailstore.com\/sk\/wp-json\/wp\/v2\/media?parent=8312"}],"wp:term":[{"taxonomy":"pwb-brand","embeddable":true,"href":"https:\/\/mikeladzenailstore.com\/sk\/wp-json\/wp\/v2\/pwb-brand?post=8312"},{"taxonomy":"product_brand","embeddable":true,"href":"https:\/\/mikeladzenailstore.com\/sk\/wp-json\/wp\/v2\/product_brand?post=8312"},{"taxonomy":"product_cat","embeddable":true,"href":"https:\/\/mikeladzenailstore.com\/sk\/wp-json\/wp\/v2\/product_cat?post=8312"},{"taxonomy":"product_tag","embeddable":true,"href":"https:\/\/mikeladzenailstore.com\/sk\/wp-json\/wp\/v2\/product_tag?post=8312"},{"taxonomy":"berocket_brand","embeddable":true,"href":"https:\/\/mikeladzenailstore.com\/sk\/wp-json\/wp\/v2\/berocket_brand?post=8312"}],"curies":[{"name":"wp","href":"https:\/\/api.w.org\/{rel}","templated":true}]}}