{"id":8372,"date":"2025-11-15T12:02:57","date_gmt":"2025-11-15T12:02:57","guid":{"rendered":"https:\/\/mikeladzenailstore.com\/p\/dream-base-ariel-no-tpo-no-hema-trendy-nails-30-ml\/"},"modified":"2026-03-04T18:47:44","modified_gmt":"2026-03-04T18:47:44","slug":"dream-base-ariel-no-tpo-no-hema-trendy-nails-30-ml","status":"publish","type":"product","link":"https:\/\/mikeladzenailstore.com\/sk\/produkt\/dream-base-ariel-no-tpo-no-hema-trendy-nails-30-ml\/","title":{"rendered":"Dream base Ariel Trendy nails"},"content":{"rendered":"<p data-start=\"89\" data-end=\"422\"><strong data-start=\"89\" data-end=\"163\">Odhalte p\u0159irozenou kr\u00e1su sv\u00fdch neht\u016f s Dream Base Trendy Nails \u2013 ARIEL<\/strong>, nejnov\u011bj\u0161\u00ed generac\u00ed samovyrovn\u00e1vac\u00ed semipermanentn\u00ed b\u00e1ze, ide\u00e1ln\u00ed pro zpevn\u011bn\u00ed neht\u016f bez pilov\u00e1n\u00ed.<br data-start=\"263\" data-end=\"266\" \/>Jej\u00ed <strong data-start=\"271\" data-end=\"310\">kr\u00e9mov\u00e1, elastick\u00e1 a odoln\u00e1 textura<\/strong> se nan\u00e1\u0161\u00ed jako jemn\u00e9 pohlazen\u00ed a zahaluje nehet do <strong data-start=\"362\" data-end=\"419\">elegantn\u00edho a univerz\u00e1ln\u00edho kor\u00e1lov\u011b r\u016f\u017eov\u00e9ho odst\u00ednu<\/strong>.<\/p>\n<p data-start=\"424\" data-end=\"577\"><strong data-start=\"424\" data-end=\"459\">Bezpe\u010dn\u00e9 slo\u017een\u00ed bez HEMA a TPO<\/strong>, \u0161etrn\u00e9 i k citliv\u00fdm neht\u016fm, zaru\u010duje <strong data-start=\"498\" data-end=\"528\">dokonalou v\u00fddr\u017e a\u017e 4 t\u00fddny<\/strong>, s dlouhotrvaj\u00edc\u00edm leskem a maxim\u00e1ln\u00ed odolnost\u00ed.<\/p>\n<p data-start=\"83\" data-end=\"196\"><strong data-start=\"83\" data-end=\"104\">Univerz\u00e1ln\u00ed b\u00e1ze:<\/strong> ide\u00e1ln\u00ed pro zpevn\u011bn\u00ed, drobn\u00e1 prodlou\u017een\u00ed nebo jako podklad pro gel a semipermanentn\u00ed lak.<\/p>\n<p data-start=\"198\" data-end=\"290\"><strong data-start=\"198\" data-end=\"235\">Kr\u00e9mov\u00e1, samovyrovn\u00e1vac\u00ed textura:<\/strong> dokonale se modeluje, nest\u00e9k\u00e1 a nevy\u017eaduje pilov\u00e1n\u00ed.<\/p>\n<p data-start=\"292\" data-end=\"396\"><strong data-start=\"292\" data-end=\"315\">Elastick\u00e1 a odoln\u00e1:<\/strong> navr\u017eena tak, aby odolala ka\u017edodenn\u00ed z\u00e1t\u011b\u017ei; vhodn\u00e1 i pro problematick\u00e9 nehty.<\/p>\n<p data-start=\"398\" data-end=\"458\"><strong data-start=\"398\" data-end=\"424\">V\u00fddr\u017e v\u00edce ne\u017e 4 t\u00fddny<\/strong> bez odchlipov\u00e1n\u00ed nebo prask\u00e1n\u00ed.<\/p>\n<p data-start=\"460\" data-end=\"528\"><strong data-start=\"460\" data-end=\"481\">Low heat formule:<\/strong> maxim\u00e1ln\u00ed komfort v lamp\u011b bez pocitu p\u00e1len\u00ed.<\/p>\n<p data-start=\"530\" data-end=\"590\"><strong data-start=\"530\" data-end=\"562\">Bez nutnosti pou\u017eit\u00ed primeru<\/strong>, bez agresivn\u00edch kyselin.<\/p>\n<p data-start=\"592\" data-end=\"654\"><strong data-start=\"592\" data-end=\"614\">Snadn\u00e9 odstran\u011bn\u00ed:<\/strong> pomoc\u00ed removeru, piln\u00edku nebo fr\u00e9zky.<\/p>\n<p data-start=\"656\" data-end=\"738\"><strong data-start=\"656\" data-end=\"676\">Dostupn\u00e1 balen\u00ed:<\/strong><br data-start=\"676\" data-end=\"679\" \/>\u2013 lahvi\u010dka 5 ml nebo 15 ml se \u0161t\u011bte\u010dkem<br data-start=\"718\" data-end=\"721\" \/>\u2013 kel\u00edmek 30 ml<\/p>\n","protected":false},"excerpt":{"rendered":"<p>Odhalte p\u0159irozenou kr\u00e1su sv\u00fdch neht\u016f s Dream Base Trendy Nails \u2013 ARIEL, nejnov\u011bj\u0161\u00ed generac\u00ed samovyrovn\u00e1vac\u00ed semipermanentn\u00ed b\u00e1ze, ide\u00e1ln\u00ed pro zpevn\u011bn\u00ed neht\u016f bez pilov\u00e1n\u00ed.Jej\u00ed kr\u00e9mov\u00e1, elastick\u00e1 a odoln\u00e1 textura se nan\u00e1\u0161\u00ed jako jemn\u00e9 pohlazen\u00ed a zahaluje nehet do elegantn\u00edho a univerz\u00e1ln\u00edho kor\u00e1lov\u011b r\u016f\u017eov\u00e9ho odst\u00ednu. Bezpe\u010dn\u00e9 slo\u017een\u00ed bez HEMA a TPO, \u0161etrn\u00e9 i k citliv\u00fdm neht\u016fm, zaru\u010duje [&hellip;]<\/p>\n","protected":false},"featured_media":4653,"comment_status":"open","ping_status":"closed","template":"","meta":[],"pwb-brand":[],"product_brand":[],"product_cat":[496],"product_tag":[],"berocket_brand":[437],"class_list":{"0":"post-8372","1":"product","2":"type-product","3":"status-publish","4":"has-post-thumbnail","6":"product_cat-bestseller","7":"berocket_brand-trendy-nails","9":"first","10":"instock","11":"taxable","12":"shipping-taxable","13":"purchasable","14":"product-type-variable"},"acf":[],"brands":[],"_links":{"self":[{"href":"https:\/\/mikeladzenailstore.com\/sk\/wp-json\/wp\/v2\/product\/8372","targetHints":{"allow":["GET"]}}],"collection":[{"href":"https:\/\/mikeladzenailstore.com\/sk\/wp-json\/wp\/v2\/product"}],"about":[{"href":"https:\/\/mikeladzenailstore.com\/sk\/wp-json\/wp\/v2\/types\/product"}],"replies":[{"embeddable":true,"href":"https:\/\/mikeladzenailstore.com\/sk\/wp-json\/wp\/v2\/comments?post=8372"}],"version-history":[{"count":0,"href":"https:\/\/mikeladzenailstore.com\/sk\/wp-json\/wp\/v2\/product\/8372\/revisions"}],"wp:featuredmedia":[{"embeddable":true,"href":"https:\/\/mikeladzenailstore.com\/sk\/wp-json\/wp\/v2\/media\/4653"}],"wp:attachment":[{"href":"https:\/\/mikeladzenailstore.com\/sk\/wp-json\/wp\/v2\/media?parent=8372"}],"wp:term":[{"taxonomy":"pwb-brand","embeddable":true,"href":"https:\/\/mikeladzenailstore.com\/sk\/wp-json\/wp\/v2\/pwb-brand?post=8372"},{"taxonomy":"product_brand","embeddable":true,"href":"https:\/\/mikeladzenailstore.com\/sk\/wp-json\/wp\/v2\/product_brand?post=8372"},{"taxonomy":"product_cat","embeddable":true,"href":"https:\/\/mikeladzenailstore.com\/sk\/wp-json\/wp\/v2\/product_cat?post=8372"},{"taxonomy":"product_tag","embeddable":true,"href":"https:\/\/mikeladzenailstore.com\/sk\/wp-json\/wp\/v2\/product_tag?post=8372"},{"taxonomy":"berocket_brand","embeddable":true,"href":"https:\/\/mikeladzenailstore.com\/sk\/wp-json\/wp\/v2\/berocket_brand?post=8372"}],"curies":[{"name":"wp","href":"https:\/\/api.w.org\/{rel}","templated":true}]}}