{"id":8504,"date":"2025-11-15T12:00:27","date_gmt":"2025-11-15T12:00:27","guid":{"rendered":"https:\/\/mikeladzenailstore.com\/p\/gel-souffle-charlotte-tpo-free-15-ml\/"},"modified":"2026-04-02T10:31:19","modified_gmt":"2026-04-02T10:31:19","slug":"gel-souffle-charlotte-tpo-free-15-ml","status":"publish","type":"product","link":"https:\/\/mikeladzenailstore.com\/sk\/produkt\/gel-souffle-charlotte-tpo-free-15-ml\/","title":{"rendered":"Gel souffle CHARLOTTE Trendy nails 15 ml"},"content":{"rendered":"<p>Souffl\u00e9 gel je vylep\u0161en\u00e1 formule hust\u00e9ho gelu pro model\u00e1\u017e neht\u016f. Umo\u017e\u0148uje vytv\u00e1\u0159et odoln\u00e9, pevn\u00e9 a esteticky atraktivn\u00ed nehty r\u016fzn\u00fdch d\u00e9lek.<\/p>\n<p>Souffl\u00e9 gel m\u00e1 \u0159adu vlastnost\u00ed, kter\u00e9 ur\u010duj\u00ed jeho efektivitu a univerz\u00e1lnost p\u0159i pou\u017eit\u00ed:<\/p>\n<p>\u2022 D\u00edky sv\u00e9 konzistenci dr\u017e\u00ed tvar a nest\u00e9k\u00e1 z nehtu, co\u017e umo\u017e\u0148uje vytv\u00e1\u0159et C-oblouk p\u0159i modelaci prodlou\u017een\u00ed, dlouh\u00fdch d\u00e9lek nebo zpevn\u011bn\u00ed p\u0159\u00edrodn\u00edch neht\u016f.<\/p>\n<p>\u2022 \u010casem se m\u00edrn\u011b srovn\u00e1 a vyhlad\u00ed.<\/p>\n<p>\u2022 Hust\u00fd gel m\u00e1 vysokou pevnost, d\u00edky \u010demu\u017e je ide\u00e1ln\u00ed pro vytvo\u0159en\u00ed pevn\u00e9ho povrchu, kter\u00fd neprask\u00e1 a nel\u00e1me se. Pevnost od tlou\u0161\u0165ky 1,5 mm.<\/p>\n<p>\u2022 M\u00e1 ur\u010ditou pru\u017enost v tlou\u0161\u0165ce 0,5\u20130,7 mm, co\u017e umo\u017e\u0148uje zachovat tvar v\u00fdztu\u017en\u00fdch lini\u00ed i po mechanick\u00e9m zat\u00ed\u017een\u00ed.<\/p>\n<p>\u2022 M\u00e1 jemnou, lehkou a nad\u00fdchanou texturu, kter\u00e1 umo\u017e\u0148uje snadn\u00e9 nan\u00e1\u0161en\u00ed \u0161t\u011btcem.<\/p>\n<p>\u2022 Udr\u017euje oblouk po celou dobu no\u0161en\u00ed modelovan\u00e9ho nehtu.<\/p>\n<p>\u2022 Fixace LED sv\u011btlem: 3 sekundy.<\/p>\n<p>\u2022 \u010cas pro vytvo\u0159en\u00ed oblouku: 15\u201320 sekund (v z\u00e1vislosti na v\u00fdkonu lampy a pigmentaci zvolen\u00e9ho odst\u00ednu).<\/p>\n<p>\u2022 Doba \u00fapln\u00e9 polymerizace: 60\u2013120 sekund.<\/p>\n<p>\u2022 Barevn\u011b odpov\u00edd\u00e1 popul\u00e1rn\u00edm odst\u00edn\u016fm Builder gel Trendy Nails.<\/p>\n<p>\u2022 Vhodn\u00fd pro model\u00e1\u017e na \u0161ablony, na dual forms, p\u0159i dopln\u011bn\u00ed i pro v\u0161echny typy zpevn\u011bn\u00ed p\u0159\u00edrodn\u00edch neht\u016f.<\/p>\n<p>\u2022 Tento materi\u00e1l je ide\u00e1ln\u00ed pro vytvo\u0159en\u00ed odoln\u00e9ho povrchu, kter\u00fd vydr\u017e\u00ed dlouhodob\u00e9 no\u0161en\u00ed a odol\u00e1 po\u0161kozen\u00ed (za p\u0159edpokladu spr\u00e1vn\u00e9ho dodr\u017een\u00ed architektury nehtu).<\/p>\n<p>Pou\u017e\u00edv\u00e1 se v technik\u00e1ch:<\/p>\n<p>\u2022 Model\u00e1\u017e na \u0161ablony pod gel lak i pro vytvo\u0159en\u00ed vymodelovan\u00e9 francie.<\/p>\n<p>\u2022 Pr\u00e1ce s dual forms.<\/p>\n<p>\u2022 Technika dor\u016fst\u00e1n\u00ed \u201ena vzduchu\u201c \u2013 obnova bo\u010dn\u00edch lini\u00ed, voln\u00e9ho okraje, roh\u016f.<\/p>\n<p>\u2022 Dopl\u0148ov\u00e1n\u00ed modelovan\u00fdch neht\u016f.<\/p>\n<p>\u2022 Tvorba 3D art design\u016f.<\/p>\n","protected":false},"excerpt":{"rendered":"<p>Souffl\u00e9 gel je vylep\u0161en\u00e1 formule hust\u00e9ho gelu pro model\u00e1\u017e neht\u016f. Umo\u017e\u0148uje vytv\u00e1\u0159et odoln\u00e9, pevn\u00e9 a esteticky atraktivn\u00ed nehty r\u016fzn\u00fdch d\u00e9lek. Souffl\u00e9 gel m\u00e1 \u0159adu vlastnost\u00ed, kter\u00e9 ur\u010duj\u00ed jeho efektivitu a univerz\u00e1lnost p\u0159i pou\u017eit\u00ed: \u2022 D\u00edky sv\u00e9 konzistenci dr\u017e\u00ed tvar a nest\u00e9k\u00e1 z nehtu, co\u017e umo\u017e\u0148uje vytv\u00e1\u0159et C-oblouk p\u0159i modelaci prodlou\u017een\u00ed, dlouh\u00fdch d\u00e9lek nebo zpevn\u011bn\u00ed p\u0159\u00edrodn\u00edch [&hellip;]<\/p>\n","protected":false},"featured_media":4383,"comment_status":"open","ping_status":"closed","template":"","meta":[],"pwb-brand":[],"product_brand":[],"product_cat":[579],"product_tag":[],"berocket_brand":[437],"class_list":{"0":"post-8504","1":"product","2":"type-product","3":"status-publish","4":"has-post-thumbnail","6":"product_cat-gel-souffle-trendy-nails","7":"berocket_brand-trendy-nails","9":"first","10":"instock","11":"taxable","12":"shipping-taxable","13":"purchasable","14":"product-type-simple"},"acf":[],"brands":[],"_links":{"self":[{"href":"https:\/\/mikeladzenailstore.com\/sk\/wp-json\/wp\/v2\/product\/8504","targetHints":{"allow":["GET"]}}],"collection":[{"href":"https:\/\/mikeladzenailstore.com\/sk\/wp-json\/wp\/v2\/product"}],"about":[{"href":"https:\/\/mikeladzenailstore.com\/sk\/wp-json\/wp\/v2\/types\/product"}],"replies":[{"embeddable":true,"href":"https:\/\/mikeladzenailstore.com\/sk\/wp-json\/wp\/v2\/comments?post=8504"}],"version-history":[{"count":0,"href":"https:\/\/mikeladzenailstore.com\/sk\/wp-json\/wp\/v2\/product\/8504\/revisions"}],"wp:featuredmedia":[{"embeddable":true,"href":"https:\/\/mikeladzenailstore.com\/sk\/wp-json\/wp\/v2\/media\/4383"}],"wp:attachment":[{"href":"https:\/\/mikeladzenailstore.com\/sk\/wp-json\/wp\/v2\/media?parent=8504"}],"wp:term":[{"taxonomy":"pwb-brand","embeddable":true,"href":"https:\/\/mikeladzenailstore.com\/sk\/wp-json\/wp\/v2\/pwb-brand?post=8504"},{"taxonomy":"product_brand","embeddable":true,"href":"https:\/\/mikeladzenailstore.com\/sk\/wp-json\/wp\/v2\/product_brand?post=8504"},{"taxonomy":"product_cat","embeddable":true,"href":"https:\/\/mikeladzenailstore.com\/sk\/wp-json\/wp\/v2\/product_cat?post=8504"},{"taxonomy":"product_tag","embeddable":true,"href":"https:\/\/mikeladzenailstore.com\/sk\/wp-json\/wp\/v2\/product_tag?post=8504"},{"taxonomy":"berocket_brand","embeddable":true,"href":"https:\/\/mikeladzenailstore.com\/sk\/wp-json\/wp\/v2\/berocket_brand?post=8504"}],"curies":[{"name":"wp","href":"https:\/\/api.w.org\/{rel}","templated":true}]}}