{"id":8552,"date":"2025-11-15T12:00:17","date_gmt":"2025-11-15T12:00:17","guid":{"rendered":"https:\/\/mikeladzenailstore.com\/p\/super-gel-space-3-pink-30-ml\/"},"modified":"2026-01-20T10:39:35","modified_gmt":"2026-01-20T10:39:35","slug":"super-gel-space-3-pink-30-ml","status":"publish","type":"product","link":"https:\/\/mikeladzenailstore.com\/sk\/produkt\/super-gel-space-3-pink-30-ml\/","title":{"rendered":"Super gel space 3 \u201cPink\u201d 30 ml"},"content":{"rendered":"<p>\u010c\u00edslo 3 \u2013 tyrkysov\u00fd hlubok\u00fd brok\u00e1t. S\u00e9rie gel\u016f Space \u2013 s\u00e9rie gel\u016f pro glamurov\u00e9, leskl\u00e9 francouzsk\u00e9 manik\u00fary nebo p\u016fsobiv\u00e9 prodlu\u017eov\u00e1n\u00ed. Gely obsahuj\u00ed brok\u00e1tov\u00fd lesk. D\u00edky vysok\u00e9mu obsahu t\u0159pytek jsou gely hust\u00e9 a super pevn\u00e9. Jsou vhodn\u00e9 jak pro modelov\u00e1n\u00ed, tak pro pos\u00edlen\u00ed neht\u016f.<\/p><\/p>\n","protected":false},"excerpt":{"rendered":"<p>\u010c\u00edslo 3 \u2013 tyrkysov\u00fd hlubok\u00fd brok\u00e1t. S\u00e9rie gel\u016f Space \u2013 s\u00e9rie gel\u016f pro glamurov\u00e9, leskl\u00e9 francouzsk\u00e9 manik\u00fary nebo p\u016fsobiv\u00e9 prodlu\u017eov\u00e1n\u00ed. Gely obsahuj\u00ed brok\u00e1tov\u00fd lesk. D\u00edky vysok\u00e9mu obsahu t\u0159pytek jsou gely hust\u00e9 a super pevn\u00e9. Jsou vhodn\u00e9 jak pro modelov\u00e1n\u00ed, tak pro pos\u00edlen\u00ed neht\u016f.<\/p>\n","protected":false},"featured_media":4373,"comment_status":"open","ping_status":"closed","template":"","meta":[],"pwb-brand":[],"product_brand":[],"product_cat":[508,199,704],"product_tag":[],"berocket_brand":[560],"class_list":{"0":"post-8552","1":"product","2":"type-product","3":"status-publish","4":"has-post-thumbnail","6":"product_cat-builder-gel-gel-jelly","7":"product_cat-nail-art","8":"product_cat-slevy","9":"berocket_brand-pink","11":"first","12":"instock","13":"sale","14":"taxable","15":"shipping-taxable","16":"purchasable","17":"product-type-simple"},"acf":[],"brands":[],"_links":{"self":[{"href":"https:\/\/mikeladzenailstore.com\/sk\/wp-json\/wp\/v2\/product\/8552","targetHints":{"allow":["GET"]}}],"collection":[{"href":"https:\/\/mikeladzenailstore.com\/sk\/wp-json\/wp\/v2\/product"}],"about":[{"href":"https:\/\/mikeladzenailstore.com\/sk\/wp-json\/wp\/v2\/types\/product"}],"replies":[{"embeddable":true,"href":"https:\/\/mikeladzenailstore.com\/sk\/wp-json\/wp\/v2\/comments?post=8552"}],"version-history":[{"count":0,"href":"https:\/\/mikeladzenailstore.com\/sk\/wp-json\/wp\/v2\/product\/8552\/revisions"}],"wp:featuredmedia":[{"embeddable":true,"href":"https:\/\/mikeladzenailstore.com\/sk\/wp-json\/wp\/v2\/media\/4373"}],"wp:attachment":[{"href":"https:\/\/mikeladzenailstore.com\/sk\/wp-json\/wp\/v2\/media?parent=8552"}],"wp:term":[{"taxonomy":"pwb-brand","embeddable":true,"href":"https:\/\/mikeladzenailstore.com\/sk\/wp-json\/wp\/v2\/pwb-brand?post=8552"},{"taxonomy":"product_brand","embeddable":true,"href":"https:\/\/mikeladzenailstore.com\/sk\/wp-json\/wp\/v2\/product_brand?post=8552"},{"taxonomy":"product_cat","embeddable":true,"href":"https:\/\/mikeladzenailstore.com\/sk\/wp-json\/wp\/v2\/product_cat?post=8552"},{"taxonomy":"product_tag","embeddable":true,"href":"https:\/\/mikeladzenailstore.com\/sk\/wp-json\/wp\/v2\/product_tag?post=8552"},{"taxonomy":"berocket_brand","embeddable":true,"href":"https:\/\/mikeladzenailstore.com\/sk\/wp-json\/wp\/v2\/berocket_brand?post=8552"}],"curies":[{"name":"wp","href":"https:\/\/api.w.org\/{rel}","templated":true}]}}