{"id":8696,"date":"2025-11-15T11:59:20","date_gmt":"2025-11-15T11:59:20","guid":{"rendered":"https:\/\/mikeladzenailstore.com\/p\/zdobeni-folie-na-pedikuru-032-idol\/"},"modified":"2025-11-15T11:59:20","modified_gmt":"2025-11-15T11:59:20","slug":"zdobeni-folie-na-pedikuru-032-idol","status":"publish","type":"product","link":"https:\/\/mikeladzenailstore.com\/sk\/produkt\/zdobeni-folie-na-pedikuru-032-idol\/","title":{"rendered":"Zdoben\u00ed f\u00f3lie na pedik\u00faru 032 \u201cIdol\u201d"},"content":{"rendered":"<p>Wrapy na pedik\u00faru p\u0159edstavuj\u00ed modern\u00ed \u0159e\u0161en\u00ed pro rychl\u00fd, stylov\u00fd a dlouhotrvaj\u00edc\u00ed nail art.<\/p>\n<p>Vytvo\u0159eny s ohledem na komfort a kvalitu. Nab\u00edzej\u00ed snadnou aplikaci, kter\u00e1 vydr\u017e\u00ed a z\u00e1rove\u0148<\/p>\n<p>je \u0161etrn\u00e1 k neht\u016fm.<\/p>\n<p>Informace o produktu<\/p>\n<p>Materi\u00e1l: Vysoce kvalitn\u00ed a elastick\u00e1 PVC f\u00f3lie.<\/p>\n<p>Velikosti: V balen\u00ed je 6 velikosti<\/p>\n<p>Dokonal\u00e1 vydr\u017e<\/p>\n<p>Snadn\u00e1 aplikace<\/p>\n<p>Lze kombinovat s lakov\u00fdm a gel lakov\u00fdm syst\u00e9mem<\/p>\n<p>Tlou\u0161\u0165ka wrap\u016f je pouze 50 \u00b5m<\/p>\n<p>Varianty aplikaci:<\/p>\n<p>1. Wrapy + b\u011b\u017en\u00fd lak<\/p>\n<p>2. Zaklad z b\u011b\u017en\u00e9ho laku + z\u00e1v\u011br gel lakov\u00fd TOP Coat<\/p>\n<p>N\u00e1vod: Wrapy + b\u011b\u017en\u00fd lak<\/p>\n<p>1. Nejprve je t\u0159eba prov\u00e9st pedik\u00faru a upravit d\u00e9lku a tvar neht\u016f.<\/p>\n<p>2. Odmast\u011bte nehtovou plot\u00e9nku a naneste tenkou vrstvu b\u011b\u017en\u00e9ho laku. Nechte vyschnout.<\/p>\n<p>3. Vezm\u011bte prav\u00edtko ze sady a zm\u011b\u0159te nehet v jeho nej\u0161ir\u0161\u00ed \u010d\u00e1sti, s odskokem 0,8-1 mm z<\/p>\n<p>ka\u017ed\u00e9 strany.<\/p>\n<p>Najdete wrap odpov\u00eddaj\u00edc\u00ed velikosti nehtu a pomoc\u00ed pomeran\u010dov\u00e9ho d\u0159\u00edvka n\u011bj sejmete z<\/p>\n<p>podlo\u017eky.<\/p>\n<p>4. Aplikujeme wrap na nehet.<\/p>\n<p>5.P\u0159istupujte k pilov\u00e1n\u00ed. K tomu pou\u017eijte piln\u00edk 240 grit\u016f.<\/p>\n<p>6. Na z\u00e1v\u011br pou\u017eijte z\u00e1v\u011bre\u010dn\u00fd lak. Aplikujte na cel\u00fd povrch a nechte vyschnout.<\/p>\n<p>N\u00e1vod: Zaklad z b\u011b\u017en\u00e9ho laku + z\u00e1v\u011br gel lakov\u00fd TOP Coat<\/p>\n<p>1. Nejprve je t\u0159eba prov\u00e9st pedik\u00faru a upravit d\u00e9lku a tvar neht\u016f.<\/p>\n<p>2. Odmast\u011bte nehtovou plot\u00e9nku a naneste tenkou vrstvu b\u011b\u017en\u00e9ho laku. Nechte vyschnout.<\/p>\n<p>3. Vezm\u011bte prav\u00edtko ze sady a zm\u011b\u0159te nehet v jeho nej\u0161ir\u0161\u00ed \u010d\u00e1sti, s odskokem 0,8-1 mm z<\/p>\n<p>ka\u017ed\u00e9 strany.<\/p>\n<p>Najdete wrap odpov\u00eddaj\u00edc\u00ed velikosti nehtu a pomoc\u00ed pomeran\u010dov\u00e9ho d\u0159\u00edvka n\u011bj sejmete z<\/p>\n<p>podlo\u017eky.<\/p>\n<p>4. Aplikujeme wrap na nehet.<\/p>\n<p>5.P\u0159istupujte k pilov\u00e1n\u00ed. K tomu pou\u017eijte piln\u00edk 240 grit\u016f.<\/p>\n<p>6. Na z\u00e1v\u011br pou\u017eijte z\u00e1v\u011bre\u010dn\u00fd gel lak (Rubber TOP coat). Aplikujte na cel\u00fd povrch a<\/p>\n<p>vytvr\u010fte v UV\/LED lamp\u011b.<\/p>\n<p>Pou\u017e\u00edvejte produkty bez nebo s minim\u00e1ln\u00edm obsahem HEMA a bez UV filtr\u016f.<\/p>\n<p>P\u0159ed pou\u017eit\u00edm otestujte kompatibilitu sv\u00fdch produkt\u016f s wrapy.<\/p>\n<p>Wrapy lze kdykoliv snadno odstranit bez po\u0161kozen\u00ed p\u0159irozen\u00e9ho nehtu.<\/p>\n<p>1. Zp\u016fsob &#8211; z\u00e1bal (Remover na gel lak)<\/p>\n<p>Zp\u016fsob &#8211; pomeran\u010dov\u00e9 d\u0159\u00edvko + Remover na gel lak<\/p>\n<p>3. Zp\u016fsob &#8211; gelov\u00fd Remover na gel lak<\/p>\n","protected":false},"excerpt":{"rendered":"<p>Wrapy na pedik\u00faru p\u0159edstavuj\u00ed modern\u00ed \u0159e\u0161en\u00ed pro rychl\u00fd, stylov\u00fd a dlouhotrvaj\u00edc\u00ed nail art. Vytvo\u0159eny s ohledem na komfort a kvalitu. Nab\u00edzej\u00ed snadnou aplikaci, kter\u00e1 vydr\u017e\u00ed a z\u00e1rove\u0148 je \u0161etrn\u00e1 k neht\u016fm. Informace o produktu Materi\u00e1l: Vysoce kvalitn\u00ed a elastick\u00e1 PVC f\u00f3lie. Velikosti: V balen\u00ed je 6 velikosti Dokonal\u00e1 vydr\u017e Snadn\u00e1 aplikace Lze kombinovat s lakov\u00fdm [&hellip;]<\/p>\n","protected":false},"featured_media":4275,"comment_status":"open","ping_status":"open","template":"","meta":[],"pwb-brand":[],"product_brand":[],"product_cat":[551],"product_tag":[],"berocket_brand":[],"class_list":{"0":"post-8696","1":"product","2":"type-product","3":"status-publish","4":"has-post-thumbnail","6":"product_cat-zdobici-nalepky","8":"first","9":"outofstock","10":"taxable","11":"shipping-taxable","12":"purchasable","13":"product-type-simple"},"acf":[],"brands":[],"_links":{"self":[{"href":"https:\/\/mikeladzenailstore.com\/sk\/wp-json\/wp\/v2\/product\/8696","targetHints":{"allow":["GET"]}}],"collection":[{"href":"https:\/\/mikeladzenailstore.com\/sk\/wp-json\/wp\/v2\/product"}],"about":[{"href":"https:\/\/mikeladzenailstore.com\/sk\/wp-json\/wp\/v2\/types\/product"}],"replies":[{"embeddable":true,"href":"https:\/\/mikeladzenailstore.com\/sk\/wp-json\/wp\/v2\/comments?post=8696"}],"version-history":[{"count":0,"href":"https:\/\/mikeladzenailstore.com\/sk\/wp-json\/wp\/v2\/product\/8696\/revisions"}],"wp:featuredmedia":[{"embeddable":true,"href":"https:\/\/mikeladzenailstore.com\/sk\/wp-json\/wp\/v2\/media\/4275"}],"wp:attachment":[{"href":"https:\/\/mikeladzenailstore.com\/sk\/wp-json\/wp\/v2\/media?parent=8696"}],"wp:term":[{"taxonomy":"pwb-brand","embeddable":true,"href":"https:\/\/mikeladzenailstore.com\/sk\/wp-json\/wp\/v2\/pwb-brand?post=8696"},{"taxonomy":"product_brand","embeddable":true,"href":"https:\/\/mikeladzenailstore.com\/sk\/wp-json\/wp\/v2\/product_brand?post=8696"},{"taxonomy":"product_cat","embeddable":true,"href":"https:\/\/mikeladzenailstore.com\/sk\/wp-json\/wp\/v2\/product_cat?post=8696"},{"taxonomy":"product_tag","embeddable":true,"href":"https:\/\/mikeladzenailstore.com\/sk\/wp-json\/wp\/v2\/product_tag?post=8696"},{"taxonomy":"berocket_brand","embeddable":true,"href":"https:\/\/mikeladzenailstore.com\/sk\/wp-json\/wp\/v2\/berocket_brand?post=8696"}],"curies":[{"name":"wp","href":"https:\/\/api.w.org\/{rel}","templated":true}]}}