{"id":8717,"date":"2025-11-15T11:59:08","date_gmt":"2025-11-15T11:59:08","guid":{"rendered":"https:\/\/mikeladzenailstore.com\/p\/butter-yellow-base-tpo-free-trendy-nails\/"},"modified":"2025-11-15T11:59:08","modified_gmt":"2025-11-15T11:59:08","slug":"butter-yellow-base-tpo-free-trendy-nails","status":"publish","type":"product","link":"https:\/\/mikeladzenailstore.com\/sk\/produkt\/butter-yellow-base-tpo-free-trendy-nails\/","title":{"rendered":"Butter yellow base TPO free Trendy nails"},"content":{"rendered":"<p>HEMA FREE \/ TPO FREE<\/p>\n<\/p>\n<p>B\u00e1ze v jemn\u00e9m kr\u00e9mov\u011b \u017elut\u00e9m odst\u00ednu \u2013 spojen\u00ed m\u00f3dn\u00ed barvy sez\u00f3ny a profesion\u00e1ln\u00ed kvality.<\/p>\n<\/p>\n<p>\u23f1 Doba polymerace: 60\u2013120 sekund v z\u00e1vislosti na barv\u011b b\u00e1ze a v\u00fdkonu lampy.<\/p>\n<\/p>\n<p>\u2e3b<\/p>\n<\/p>\n<p>V\u00fdhody produktu:<\/p>\n<\/p>\n<p>\u2728 Bezpe\u010dn\u00e9 slo\u017een\u00ed<\/p>\n<p>Neobsahuje HEMA ani TPO \u2013 vhodn\u00e1 i pro citlivou poko\u017eku, sni\u017euje riziko alergick\u00fdch reakc\u00ed.<\/p>\n<\/p>\n<p>  Vysok\u00e1 adheze<\/p>\n<p>Zaji\u0161\u0165uje pevn\u00e9 spojen\u00ed s p\u0159\u00edrodn\u00ed nehtovou plot\u00e9nkou \u2013 v\u00fddr\u017e bez odlupov\u00e1n\u00ed.<\/p>\n<\/p>\n<p>  Snadn\u00e1 pr\u00e1ce<\/p>\n<p>\u2022 Samovyrovn\u00e1vac\u00ed<\/p>\n<p>\u2022 Nest\u00e9k\u00e1<\/p>\n<p>\u2022 St\u0159edn\u011b hust\u00e1 konzistence \u2013 snadno se kontroluje p\u0159i aplikaci<\/p>\n<p>\u2022 Vhodn\u00e1 pro nehtov\u00e9 stylisty v\u0161ech \u00farovn\u00ed<\/p><\/p>\n","protected":false},"excerpt":{"rendered":"<p>HEMA FREE \/ TPO FREE B\u00e1ze v jemn\u00e9m kr\u00e9mov\u011b \u017elut\u00e9m odst\u00ednu \u2013 spojen\u00ed m\u00f3dn\u00ed barvy sez\u00f3ny a profesion\u00e1ln\u00ed kvality. \u23f1 Doba polymerace: 60\u2013120 sekund v z\u00e1vislosti na barv\u011b b\u00e1ze a v\u00fdkonu lampy. \u2e3b V\u00fdhody produktu: \u2728 Bezpe\u010dn\u00e9 slo\u017een\u00ed Neobsahuje HEMA ani TPO \u2013 vhodn\u00e1 i pro citlivou poko\u017eku, sni\u017euje riziko alergick\u00fdch reakc\u00ed. Vysok\u00e1 adheze Zaji\u0161\u0165uje [&hellip;]<\/p>\n","protected":false},"featured_media":0,"comment_status":"open","ping_status":"open","template":"","meta":[],"pwb-brand":[],"product_brand":[],"product_cat":[],"product_tag":[],"berocket_brand":[],"class_list":{"0":"post-8717","1":"product","2":"type-product","3":"status-publish","6":"first","7":"outofstock","8":"taxable","9":"shipping-taxable","10":"purchasable","11":"product-type-simple"},"acf":[],"brands":[],"_links":{"self":[{"href":"https:\/\/mikeladzenailstore.com\/sk\/wp-json\/wp\/v2\/product\/8717","targetHints":{"allow":["GET"]}}],"collection":[{"href":"https:\/\/mikeladzenailstore.com\/sk\/wp-json\/wp\/v2\/product"}],"about":[{"href":"https:\/\/mikeladzenailstore.com\/sk\/wp-json\/wp\/v2\/types\/product"}],"replies":[{"embeddable":true,"href":"https:\/\/mikeladzenailstore.com\/sk\/wp-json\/wp\/v2\/comments?post=8717"}],"version-history":[{"count":0,"href":"https:\/\/mikeladzenailstore.com\/sk\/wp-json\/wp\/v2\/product\/8717\/revisions"}],"wp:attachment":[{"href":"https:\/\/mikeladzenailstore.com\/sk\/wp-json\/wp\/v2\/media?parent=8717"}],"wp:term":[{"taxonomy":"pwb-brand","embeddable":true,"href":"https:\/\/mikeladzenailstore.com\/sk\/wp-json\/wp\/v2\/pwb-brand?post=8717"},{"taxonomy":"product_brand","embeddable":true,"href":"https:\/\/mikeladzenailstore.com\/sk\/wp-json\/wp\/v2\/product_brand?post=8717"},{"taxonomy":"product_cat","embeddable":true,"href":"https:\/\/mikeladzenailstore.com\/sk\/wp-json\/wp\/v2\/product_cat?post=8717"},{"taxonomy":"product_tag","embeddable":true,"href":"https:\/\/mikeladzenailstore.com\/sk\/wp-json\/wp\/v2\/product_tag?post=8717"},{"taxonomy":"berocket_brand","embeddable":true,"href":"https:\/\/mikeladzenailstore.com\/sk\/wp-json\/wp\/v2\/berocket_brand?post=8717"}],"curies":[{"name":"wp","href":"https:\/\/api.w.org\/{rel}","templated":true}]}}