{"id":8735,"date":"2025-11-15T11:57:08","date_gmt":"2025-11-15T11:57:08","guid":{"rendered":"https:\/\/mikeladzenailstore.com\/p\/dragon-fly-1\/"},"modified":"2026-01-16T19:00:00","modified_gmt":"2026-01-16T19:00:00","slug":"dragon-fly-1","status":"publish","type":"product","link":"https:\/\/mikeladzenailstore.com\/sk\/produkt\/dragon-fly-1\/","title":{"rendered":"Dragon Fly 1 Trendy nails"},"content":{"rendered":"<p data-start=\"38\" data-end=\"81\"><strong data-start=\"38\" data-end=\"81\">Holografick\u00e9 \u0161upinky s duhov\u00fdmi odlesky<\/strong><\/p>\n<p data-start=\"83\" data-end=\"263\">Sm\u011bs modr\u00fdch a fialov\u00fdch vlo\u010dek, kter\u00e9 m\u011bn\u00ed odst\u00edn podle barvy podkladu.<br data-start=\"155\" data-end=\"158\" \/>Jsou tenk\u00e9 a v r\u016fzn\u00fdch velikostech, ide\u00e1ln\u00ed pro zapracov\u00e1n\u00ed do struktury nebo pro aplikaci na cel\u00fd nehet.<\/p>\n<p data-start=\"265\" data-end=\"295\"><strong data-start=\"265\" data-end=\"276\">Balen\u00ed:<\/strong> 2 g s aplik\u00e1torem.<\/p>\n<h3 data-start=\"297\" data-end=\"314\">Jak aplikovat<\/h3>\n<ol data-start=\"315\" data-end=\"725\">\n<li data-start=\"315\" data-end=\"394\">\n<p data-start=\"318\" data-end=\"394\">Naneste druhou vrstvu barevn\u00e9ho semipermanentn\u00edho laku <strong data-start=\"373\" data-end=\"391\">bez polymerace<\/strong>.<\/p>\n<\/li>\n<li data-start=\"395\" data-end=\"490\">\n<p data-start=\"398\" data-end=\"490\">Pomoc\u00ed aplik\u00e1toru <strong data-start=\"416\" data-end=\"447\">vmas\u00edrujte \u0161upinky do nehtu<\/strong>, nebo je naneste \u0161t\u011btcem jemn\u00fdmi pohyby.<\/p>\n<\/li>\n<li data-start=\"491\" data-end=\"602\">\n<p data-start=\"494\" data-end=\"542\">Zafixujte tenkou vrstvou <strong data-start=\"519\" data-end=\"527\">base<\/strong> a polymerujte:<\/p>\n<ul data-start=\"546\" data-end=\"602\">\n<li data-start=\"546\" data-end=\"574\">\n<p data-start=\"548\" data-end=\"574\">30 sekund v LED\/UV lamp\u011b<\/p>\n<\/li>\n<li data-start=\"578\" data-end=\"602\">\n<p data-start=\"580\" data-end=\"602\">60 sekund v UV lamp\u011b<\/p>\n<\/li>\n<\/ul>\n<\/li>\n<li data-start=\"603\" data-end=\"725\">\n<p data-start=\"606\" data-end=\"664\">Na z\u00e1v\u011br naneste sv\u016fj obl\u00edben\u00fd <strong data-start=\"637\" data-end=\"649\">top coat<\/strong> a polymerujte:<\/p>\n<ul data-start=\"668\" data-end=\"725\">\n<li data-start=\"668\" data-end=\"696\">\n<p data-start=\"670\" data-end=\"696\">60 sekund v LED\/UV lamp\u011b<\/p>\n<\/li>\n<li data-start=\"700\" data-end=\"725\">\n<p data-start=\"702\" data-end=\"725\">120 sekund v UV lamp\u011b<\/p>\n<\/li>\n<\/ul>\n<\/li>\n<\/ol>\n","protected":false},"excerpt":{"rendered":"<p>Holografick\u00e9 \u0161upinky s duhov\u00fdmi odlesky Sm\u011bs modr\u00fdch a fialov\u00fdch vlo\u010dek, kter\u00e9 m\u011bn\u00ed odst\u00edn podle barvy podkladu.Jsou tenk\u00e9 a v r\u016fzn\u00fdch velikostech, ide\u00e1ln\u00ed pro zapracov\u00e1n\u00ed do struktury nebo pro aplikaci na cel\u00fd nehet. Balen\u00ed: 2 g s aplik\u00e1torem. Jak aplikovat Naneste druhou vrstvu barevn\u00e9ho semipermanentn\u00edho laku bez polymerace. Pomoc\u00ed aplik\u00e1toru vmas\u00edrujte \u0161upinky do nehtu, nebo je [&hellip;]<\/p>\n","protected":false},"featured_media":4037,"comment_status":"open","ping_status":"closed","template":"","meta":[],"pwb-brand":[],"product_brand":[],"product_cat":[199],"product_tag":[],"berocket_brand":[437],"class_list":{"0":"post-8735","1":"product","2":"type-product","3":"status-publish","4":"has-post-thumbnail","6":"product_cat-nail-art","7":"berocket_brand-trendy-nails","9":"first","10":"instock","11":"taxable","12":"shipping-taxable","13":"purchasable","14":"product-type-simple"},"acf":[],"brands":[],"_links":{"self":[{"href":"https:\/\/mikeladzenailstore.com\/sk\/wp-json\/wp\/v2\/product\/8735","targetHints":{"allow":["GET"]}}],"collection":[{"href":"https:\/\/mikeladzenailstore.com\/sk\/wp-json\/wp\/v2\/product"}],"about":[{"href":"https:\/\/mikeladzenailstore.com\/sk\/wp-json\/wp\/v2\/types\/product"}],"replies":[{"embeddable":true,"href":"https:\/\/mikeladzenailstore.com\/sk\/wp-json\/wp\/v2\/comments?post=8735"}],"version-history":[{"count":0,"href":"https:\/\/mikeladzenailstore.com\/sk\/wp-json\/wp\/v2\/product\/8735\/revisions"}],"wp:featuredmedia":[{"embeddable":true,"href":"https:\/\/mikeladzenailstore.com\/sk\/wp-json\/wp\/v2\/media\/4037"}],"wp:attachment":[{"href":"https:\/\/mikeladzenailstore.com\/sk\/wp-json\/wp\/v2\/media?parent=8735"}],"wp:term":[{"taxonomy":"pwb-brand","embeddable":true,"href":"https:\/\/mikeladzenailstore.com\/sk\/wp-json\/wp\/v2\/pwb-brand?post=8735"},{"taxonomy":"product_brand","embeddable":true,"href":"https:\/\/mikeladzenailstore.com\/sk\/wp-json\/wp\/v2\/product_brand?post=8735"},{"taxonomy":"product_cat","embeddable":true,"href":"https:\/\/mikeladzenailstore.com\/sk\/wp-json\/wp\/v2\/product_cat?post=8735"},{"taxonomy":"product_tag","embeddable":true,"href":"https:\/\/mikeladzenailstore.com\/sk\/wp-json\/wp\/v2\/product_tag?post=8735"},{"taxonomy":"berocket_brand","embeddable":true,"href":"https:\/\/mikeladzenailstore.com\/sk\/wp-json\/wp\/v2\/berocket_brand?post=8735"}],"curies":[{"name":"wp","href":"https:\/\/api.w.org\/{rel}","templated":true}]}}