{"id":8759,"date":"2025-11-15T11:56:54","date_gmt":"2025-11-15T11:56:54","guid":{"rendered":"https:\/\/mikeladzenailstore.com\/p\/stamping-palete-3-trendy-nails\/"},"modified":"2025-11-30T13:43:32","modified_gmt":"2025-11-30T13:43:32","slug":"stamping-palete-3-trendy-nails","status":"publish","type":"product","link":"https:\/\/mikeladzenailstore.com\/sk\/produkt\/stamping-palete-3-trendy-nails\/","title":{"rendered":"Stamping palete #3 Trendy nails"},"content":{"rendered":"<p>Raz\u00edtkovac\u00ed desti\u010dky s r\u016fzn\u00fdmi motivy. Maj\u00ed hlubok\u00e9 grav\u00edrov\u00e1n\u00ed, d\u00edky kter\u00e9mu se motivy p\u0159en\u00e1\u0161ej\u00ed \u010dist\u011b a s maxim\u00e1ln\u00edmi detaily. Jsou vyrobeny z nerezov\u00e9 oceli, tak\u017ee jsou pevn\u00e9, odoln\u00e9 a pohodln\u00e9 na pou\u017e\u00edv\u00e1n\u00ed. Hladk\u00fd povrch se snadno \u010dist\u00ed.<\/p>\n","protected":false},"excerpt":{"rendered":"<p>Raz\u00edtkovac\u00ed desti\u010dky s r\u016fzn\u00fdmi motivy. Maj\u00ed hlubok\u00e9 grav\u00edrov\u00e1n\u00ed, d\u00edky kter\u00e9mu se motivy p\u0159en\u00e1\u0161ej\u00ed \u010dist\u011b a s maxim\u00e1ln\u00edmi detaily. Jsou vyrobeny z nerezov\u00e9 oceli, tak\u017ee jsou pevn\u00e9, odoln\u00e9 a pohodln\u00e9 na pou\u017e\u00edv\u00e1n\u00ed. Hladk\u00fd povrch se snadno \u010dist\u00ed.<\/p>\n","protected":false},"featured_media":3026,"comment_status":"open","ping_status":"closed","template":"","meta":[],"pwb-brand":[],"product_brand":[],"product_cat":[529],"product_tag":[],"berocket_brand":[],"class_list":{"0":"post-8759","1":"product","2":"type-product","3":"status-publish","4":"has-post-thumbnail","6":"product_cat-nail-stamping","8":"first","9":"instock","10":"taxable","11":"shipping-taxable","12":"purchasable","13":"product-type-simple"},"acf":[],"brands":[],"_links":{"self":[{"href":"https:\/\/mikeladzenailstore.com\/sk\/wp-json\/wp\/v2\/product\/8759","targetHints":{"allow":["GET"]}}],"collection":[{"href":"https:\/\/mikeladzenailstore.com\/sk\/wp-json\/wp\/v2\/product"}],"about":[{"href":"https:\/\/mikeladzenailstore.com\/sk\/wp-json\/wp\/v2\/types\/product"}],"replies":[{"embeddable":true,"href":"https:\/\/mikeladzenailstore.com\/sk\/wp-json\/wp\/v2\/comments?post=8759"}],"version-history":[{"count":0,"href":"https:\/\/mikeladzenailstore.com\/sk\/wp-json\/wp\/v2\/product\/8759\/revisions"}],"wp:featuredmedia":[{"embeddable":true,"href":"https:\/\/mikeladzenailstore.com\/sk\/wp-json\/wp\/v2\/media\/3026"}],"wp:attachment":[{"href":"https:\/\/mikeladzenailstore.com\/sk\/wp-json\/wp\/v2\/media?parent=8759"}],"wp:term":[{"taxonomy":"pwb-brand","embeddable":true,"href":"https:\/\/mikeladzenailstore.com\/sk\/wp-json\/wp\/v2\/pwb-brand?post=8759"},{"taxonomy":"product_brand","embeddable":true,"href":"https:\/\/mikeladzenailstore.com\/sk\/wp-json\/wp\/v2\/product_brand?post=8759"},{"taxonomy":"product_cat","embeddable":true,"href":"https:\/\/mikeladzenailstore.com\/sk\/wp-json\/wp\/v2\/product_cat?post=8759"},{"taxonomy":"product_tag","embeddable":true,"href":"https:\/\/mikeladzenailstore.com\/sk\/wp-json\/wp\/v2\/product_tag?post=8759"},{"taxonomy":"berocket_brand","embeddable":true,"href":"https:\/\/mikeladzenailstore.com\/sk\/wp-json\/wp\/v2\/berocket_brand?post=8759"}],"curies":[{"name":"wp","href":"https:\/\/api.w.org\/{rel}","templated":true}]}}