{"id":8822,"date":"2025-11-15T11:56:31","date_gmt":"2025-11-15T11:56:31","guid":{"rendered":"https:\/\/mikeladzenailstore.com\/p\/led-lampicka-trendy-nails\/"},"modified":"2026-03-04T17:25:36","modified_gmt":"2026-03-04T17:25:36","slug":"led-lampicka-trendy-nails","status":"publish","type":"product","link":"https:\/\/mikeladzenailstore.com\/sk\/produkt\/led-lampicka-trendy-nails\/","title":{"rendered":"Led lampi\u010dka Trendy nails"},"content":{"rendered":"<p>Kompaktn\u00ed a autonomn\u00ed lampi\u010dka je ur\u010dena pro rychlou fixaci v\u0161ech druh\u016f gel\u016f na nehty, gel lak\u016f a LED\/UV gel\u016f. Je vybavena optick\u00fdm sklem, kter\u00e9 zesiluje z\u00e1\u0159en\u00ed pro efektivn\u011bj\u0161\u00ed vytvrzen\u00ed materi\u00e1lu. D\u00edky n\u00edzk\u00e9 hmotnosti a mal\u00fdm rozm\u011br\u016fm je pohodln\u00e9 ji m\u00edt v\u017edy s sebou.<\/p>\n<\/p>\n<p>\u2022 Materi\u00e1l t\u011bla: plast<\/p>\n<p>\u2022 Rozm\u011br: 113\u00d719\u00d719 mm<\/p>\n<p>\u2022 Po\u010det LED diod: 3 + optick\u00e9 sklo<\/p>\n<p>\u2022 V\u00fdkon: 3 W<\/p>\n<p>\u2022 Doba fixace materi\u00e1lu: 3\u201325 s<\/p>\n<p>\u2022 \u010casova\u010d: 20\/60 s<\/p>\n<p>\u2022 Nap\u00e1jen\u00ed: akumul\u00e1tor, nab\u00edjen\u00ed p\u0159es Type-C kabel<\/p>\n<p>\u2022 Doba provozu na baterii: a\u017e 40 min<\/p><\/p>\n","protected":false},"excerpt":{"rendered":"<p>Kompaktn\u00ed a autonomn\u00ed lampi\u010dka je ur\u010dena pro rychlou fixaci v\u0161ech druh\u016f gel\u016f na nehty, gel lak\u016f a LED\/UV gel\u016f. Je vybavena optick\u00fdm sklem, kter\u00e9 zesiluje z\u00e1\u0159en\u00ed pro efektivn\u011bj\u0161\u00ed vytvrzen\u00ed materi\u00e1lu. D\u00edky n\u00edzk\u00e9 hmotnosti a mal\u00fdm rozm\u011br\u016fm je pohodln\u00e9 ji m\u00edt v\u017edy s sebou. \u2022 Materi\u00e1l t\u011bla: plast \u2022 Rozm\u011br: 113\u00d719\u00d719 mm \u2022 Po\u010det LED diod: [&hellip;]<\/p>\n","protected":false},"featured_media":2968,"comment_status":"open","ping_status":"closed","template":"","meta":[],"pwb-brand":[],"product_brand":[],"product_cat":[532,497,648],"product_tag":[],"berocket_brand":[437],"class_list":{"0":"post-8822","1":"product","2":"type-product","3":"status-publish","4":"has-post-thumbnail","6":"product_cat-novinky","7":"product_cat-specialni-prostredky","8":"product_cat-upper-forms","9":"berocket_brand-trendy-nails","11":"first","12":"instock","13":"taxable","14":"shipping-taxable","15":"purchasable","16":"product-type-simple"},"acf":[],"brands":[],"_links":{"self":[{"href":"https:\/\/mikeladzenailstore.com\/sk\/wp-json\/wp\/v2\/product\/8822","targetHints":{"allow":["GET"]}}],"collection":[{"href":"https:\/\/mikeladzenailstore.com\/sk\/wp-json\/wp\/v2\/product"}],"about":[{"href":"https:\/\/mikeladzenailstore.com\/sk\/wp-json\/wp\/v2\/types\/product"}],"replies":[{"embeddable":true,"href":"https:\/\/mikeladzenailstore.com\/sk\/wp-json\/wp\/v2\/comments?post=8822"}],"version-history":[{"count":0,"href":"https:\/\/mikeladzenailstore.com\/sk\/wp-json\/wp\/v2\/product\/8822\/revisions"}],"wp:featuredmedia":[{"embeddable":true,"href":"https:\/\/mikeladzenailstore.com\/sk\/wp-json\/wp\/v2\/media\/2968"}],"wp:attachment":[{"href":"https:\/\/mikeladzenailstore.com\/sk\/wp-json\/wp\/v2\/media?parent=8822"}],"wp:term":[{"taxonomy":"pwb-brand","embeddable":true,"href":"https:\/\/mikeladzenailstore.com\/sk\/wp-json\/wp\/v2\/pwb-brand?post=8822"},{"taxonomy":"product_brand","embeddable":true,"href":"https:\/\/mikeladzenailstore.com\/sk\/wp-json\/wp\/v2\/product_brand?post=8822"},{"taxonomy":"product_cat","embeddable":true,"href":"https:\/\/mikeladzenailstore.com\/sk\/wp-json\/wp\/v2\/product_cat?post=8822"},{"taxonomy":"product_tag","embeddable":true,"href":"https:\/\/mikeladzenailstore.com\/sk\/wp-json\/wp\/v2\/product_tag?post=8822"},{"taxonomy":"berocket_brand","embeddable":true,"href":"https:\/\/mikeladzenailstore.com\/sk\/wp-json\/wp\/v2\/berocket_brand?post=8822"}],"curies":[{"name":"wp","href":"https:\/\/api.w.org\/{rel}","templated":true}]}}