{"id":8855,"date":"2025-11-15T11:56:19","date_gmt":"2025-11-15T11:56:19","guid":{"rendered":"https:\/\/mikeladzenailstore.com\/p\/brush-for-the-gradient-trendy-nails\/"},"modified":"2026-02-21T19:06:53","modified_gmt":"2026-02-21T19:06:53","slug":"brush-for-the-gradient-trendy-nails","status":"publish","type":"product","link":"https:\/\/mikeladzenailstore.com\/sk\/produkt\/brush-for-the-gradient-trendy-nails\/","title":{"rendered":"Brush for the gradient Trendy nails"},"content":{"rendered":"<p>\u0160t\u011btec na ombr\u00e9 \u010d. 1 \u2013 nejjemn\u011bj\u0161\u00ed syntetick\u00e9 \u0161t\u011btiny, kter\u00e9 vytv\u00e1\u0159ej\u00ed plynul\u00fd p\u0159echod v technice \u201eGradient\u201c.<\/p>\n","protected":false},"excerpt":{"rendered":"<p>\u0160t\u011btec na ombr\u00e9 \u010d. 1 \u2013 nejjemn\u011bj\u0161\u00ed syntetick\u00e9 \u0161t\u011btiny, kter\u00e9 vytv\u00e1\u0159ej\u00ed plynul\u00fd p\u0159echod v technice \u201eGradient\u201c.<\/p>\n","protected":false},"featured_media":2943,"comment_status":"open","ping_status":"closed","template":"","meta":[],"pwb-brand":[],"product_brand":[],"product_cat":[526],"product_tag":[],"berocket_brand":[437],"class_list":{"0":"post-8855","1":"product","2":"type-product","3":"status-publish","4":"has-post-thumbnail","6":"product_cat-stetce-na-nechty","7":"berocket_brand-trendy-nails","9":"first","10":"instock","11":"taxable","12":"shipping-taxable","13":"purchasable","14":"product-type-simple"},"acf":[],"brands":[],"_links":{"self":[{"href":"https:\/\/mikeladzenailstore.com\/sk\/wp-json\/wp\/v2\/product\/8855","targetHints":{"allow":["GET"]}}],"collection":[{"href":"https:\/\/mikeladzenailstore.com\/sk\/wp-json\/wp\/v2\/product"}],"about":[{"href":"https:\/\/mikeladzenailstore.com\/sk\/wp-json\/wp\/v2\/types\/product"}],"replies":[{"embeddable":true,"href":"https:\/\/mikeladzenailstore.com\/sk\/wp-json\/wp\/v2\/comments?post=8855"}],"version-history":[{"count":0,"href":"https:\/\/mikeladzenailstore.com\/sk\/wp-json\/wp\/v2\/product\/8855\/revisions"}],"wp:featuredmedia":[{"embeddable":true,"href":"https:\/\/mikeladzenailstore.com\/sk\/wp-json\/wp\/v2\/media\/2943"}],"wp:attachment":[{"href":"https:\/\/mikeladzenailstore.com\/sk\/wp-json\/wp\/v2\/media?parent=8855"}],"wp:term":[{"taxonomy":"pwb-brand","embeddable":true,"href":"https:\/\/mikeladzenailstore.com\/sk\/wp-json\/wp\/v2\/pwb-brand?post=8855"},{"taxonomy":"product_brand","embeddable":true,"href":"https:\/\/mikeladzenailstore.com\/sk\/wp-json\/wp\/v2\/product_brand?post=8855"},{"taxonomy":"product_cat","embeddable":true,"href":"https:\/\/mikeladzenailstore.com\/sk\/wp-json\/wp\/v2\/product_cat?post=8855"},{"taxonomy":"product_tag","embeddable":true,"href":"https:\/\/mikeladzenailstore.com\/sk\/wp-json\/wp\/v2\/product_tag?post=8855"},{"taxonomy":"berocket_brand","embeddable":true,"href":"https:\/\/mikeladzenailstore.com\/sk\/wp-json\/wp\/v2\/berocket_brand?post=8855"}],"curies":[{"name":"wp","href":"https:\/\/api.w.org\/{rel}","templated":true}]}}