{"id":8867,"date":"2025-11-15T11:56:08","date_gmt":"2025-11-15T11:56:08","guid":{"rendered":"https:\/\/mikeladzenailstore.com\/p\/modeling-gel-chiffon-trendy-nails-15-ml\/"},"modified":"2026-04-16T14:36:50","modified_gmt":"2026-04-16T14:36:50","slug":"modeling-gel-chiffon-trendy-nails-15-ml","status":"publish","type":"product","link":"https:\/\/mikeladzenailstore.com\/sk\/produkt\/modeling-gel-chiffon-trendy-nails-15-ml\/","title":{"rendered":"Modeling gel CHIFFON  Trendy nails"},"content":{"rendered":"<p data-start=\"68\" data-end=\"258\"><strong data-start=\"68\" data-end=\"107\">Objevte novou \u00farove\u0148 modelace neht\u016f<\/strong> s na\u0161\u00edm <strong data-start=\"116\" data-end=\"144\">Modeling gelem \u201eChiffon\u201c<\/strong> \u2013 profesion\u00e1ln\u00ed formul\u00ed <strong data-start=\"169\" data-end=\"187\">bez HEMA a TPO<\/strong>, kter\u00e1 v jednom produktu spojuje <strong data-start=\"221\" data-end=\"257\">bezpe\u010dnost, v\u00fdkon a v\u0161estrannost<\/strong>.<\/p>\n<p data-start=\"260\" data-end=\"425\">D\u00edky <strong data-start=\"265\" data-end=\"305\">st\u0159edn\u00ed, samovyrovn\u00e1vac\u00ed konzistenci<\/strong> je ide\u00e1ln\u00ed pro v\u0161echny typy aplikac\u00ed: <strong data-start=\"344\" data-end=\"389\">zpevn\u011bn\u00ed, refill, modelaci i prodlu\u017eov\u00e1n\u00ed<\/strong> na \u0161ablon\u00e1ch nebo <strong data-start=\"408\" data-end=\"424\">dual form\u00e1ch<\/strong>.<\/p>\n<p data-start=\"427\" data-end=\"567\">Jeho <strong data-start=\"432\" data-end=\"452\">hedv\u00e1bn\u00e1 textura<\/strong> se snadno tvaruje, vytv\u00e1\u0159\u00ed <strong data-start=\"480\" data-end=\"518\">hladk\u00fd, rovnom\u011brn\u00fd a odoln\u00fd povrch<\/strong> a z\u00e1rove\u0148 si zachov\u00e1v\u00e1 <strong data-start=\"542\" data-end=\"566\">vyv\u00e1\u017eenou elasticitu<\/strong>.<\/p>\n<p data-start=\"569\" data-end=\"743\">Odst\u00edn <strong data-start=\"576\" data-end=\"587\">Chiffon<\/strong> \u2013 <strong data-start=\"590\" data-end=\"613\">jemn\u00e1 ml\u00e9\u010dn\u011b r\u016f\u017eov\u00e1<\/strong> \u2013 dod\u00e1v\u00e1 neht\u016fm <strong data-start=\"630\" data-end=\"670\">p\u0159irozen\u00fd, sv\u011b\u017e\u00ed a z\u00e1\u0159iv\u00fd nude efekt<\/strong>. Ide\u00e1ln\u00ed pro <strong data-start=\"684\" data-end=\"698\">babyboomer<\/strong>, <strong data-start=\"700\" data-end=\"716\">jemn\u00fd french<\/strong> i <strong data-start=\"719\" data-end=\"742\">\u010dist\u00e9 salonn\u00ed looky<\/strong>.<\/p>\n<p data-start=\"745\" data-end=\"923\"><strong data-start=\"745\" data-end=\"805\">Vysok\u00e1 p\u0159ilnavost, dlouh\u00e1 v\u00fddr\u017e a struktur\u00e1ln\u00ed stabilita<\/strong> \u010din\u00ed tento gel <strong data-start=\"821\" data-end=\"868\">dokonal\u00fdm spojencem ka\u017ed\u00e9 nehtov\u00e9 stylistky<\/strong>, kter\u00e1 po\u017eaduje <strong data-start=\"885\" data-end=\"922\">bezchybn\u00e9 v\u00fdsledky bez kompromis\u016f<\/strong>.<\/p>\n","protected":false},"excerpt":{"rendered":"<p>Objevte novou \u00farove\u0148 modelace neht\u016f s na\u0161\u00edm Modeling gelem \u201eChiffon\u201c \u2013 profesion\u00e1ln\u00ed formul\u00ed bez HEMA a TPO, kter\u00e1 v jednom produktu spojuje bezpe\u010dnost, v\u00fdkon a v\u0161estrannost. D\u00edky st\u0159edn\u00ed, samovyrovn\u00e1vac\u00ed konzistenci je ide\u00e1ln\u00ed pro v\u0161echny typy aplikac\u00ed: zpevn\u011bn\u00ed, refill, modelaci i prodlu\u017eov\u00e1n\u00ed na \u0161ablon\u00e1ch nebo dual form\u00e1ch. Jeho hedv\u00e1bn\u00e1 textura se snadno tvaruje, vytv\u00e1\u0159\u00ed hladk\u00fd, rovnom\u011brn\u00fd [&hellip;]<\/p>\n","protected":false},"featured_media":2877,"comment_status":"open","ping_status":"closed","template":"","meta":[],"pwb-brand":[],"product_brand":[],"product_cat":[656,532],"product_tag":[],"berocket_brand":[437],"class_list":{"0":"post-8867","1":"product","2":"type-product","3":"status-publish","4":"has-post-thumbnail","6":"product_cat-modeling-gel-trendy-nails","7":"product_cat-novinky","8":"berocket_brand-trendy-nails","10":"first","11":"outofstock","12":"taxable","13":"shipping-taxable","14":"purchasable","15":"product-type-variable"},"acf":[],"brands":[],"_links":{"self":[{"href":"https:\/\/mikeladzenailstore.com\/sk\/wp-json\/wp\/v2\/product\/8867","targetHints":{"allow":["GET"]}}],"collection":[{"href":"https:\/\/mikeladzenailstore.com\/sk\/wp-json\/wp\/v2\/product"}],"about":[{"href":"https:\/\/mikeladzenailstore.com\/sk\/wp-json\/wp\/v2\/types\/product"}],"replies":[{"embeddable":true,"href":"https:\/\/mikeladzenailstore.com\/sk\/wp-json\/wp\/v2\/comments?post=8867"}],"version-history":[{"count":1,"href":"https:\/\/mikeladzenailstore.com\/sk\/wp-json\/wp\/v2\/product\/8867\/revisions"}],"predecessor-version":[{"id":21215,"href":"https:\/\/mikeladzenailstore.com\/sk\/wp-json\/wp\/v2\/product\/8867\/revisions\/21215"}],"wp:featuredmedia":[{"embeddable":true,"href":"https:\/\/mikeladzenailstore.com\/sk\/wp-json\/wp\/v2\/media\/2877"}],"wp:attachment":[{"href":"https:\/\/mikeladzenailstore.com\/sk\/wp-json\/wp\/v2\/media?parent=8867"}],"wp:term":[{"taxonomy":"pwb-brand","embeddable":true,"href":"https:\/\/mikeladzenailstore.com\/sk\/wp-json\/wp\/v2\/pwb-brand?post=8867"},{"taxonomy":"product_brand","embeddable":true,"href":"https:\/\/mikeladzenailstore.com\/sk\/wp-json\/wp\/v2\/product_brand?post=8867"},{"taxonomy":"product_cat","embeddable":true,"href":"https:\/\/mikeladzenailstore.com\/sk\/wp-json\/wp\/v2\/product_cat?post=8867"},{"taxonomy":"product_tag","embeddable":true,"href":"https:\/\/mikeladzenailstore.com\/sk\/wp-json\/wp\/v2\/product_tag?post=8867"},{"taxonomy":"berocket_brand","embeddable":true,"href":"https:\/\/mikeladzenailstore.com\/sk\/wp-json\/wp\/v2\/berocket_brand?post=8867"}],"curies":[{"name":"wp","href":"https:\/\/api.w.org\/{rel}","templated":true}]}}