{"id":8885,"date":"2025-11-15T11:56:08","date_gmt":"2025-11-15T11:56:08","guid":{"rendered":"https:\/\/mikeladzenailstore.com\/p\/pink-polygel-premium-rose-modelovaci-polygel-premiove-kvality-15-ml\/"},"modified":"2026-01-20T10:46:38","modified_gmt":"2026-01-20T10:46:38","slug":"pink-polygel-premium-rose-modelovaci-polygel-premiove-kvality-15-ml","status":"publish","type":"product","link":"https:\/\/mikeladzenailstore.com\/sk\/produkt\/pink-polygel-premium-rose-modelovaci-polygel-premiove-kvality-15-ml\/","title":{"rendered":"Pink Polygel Premium Rose \u2013 modelovac\u00ed polygel pr\u00e9miov\u00e9 kvality\/15 ml"},"content":{"rendered":"<p>POLYGEL Premium Rose<\/p>\n<p>Odst\u00edn:<\/p>\n<p>Kryc\u00ed, jemn\u011b b\u00e9\u017eov\u00fd odst\u00edn. Ide\u00e1ln\u00ed pro zakryt\u00ed nehtov\u00e9 plot\u00e9nky a vytvo\u0159en\u00ed p\u0159irozen\u00e9ho vzhledu.<\/p>\n<p>Konzistence:<\/p>\n<p>Hust\u00e1 a plastick\u00e1. Snadno se tvaruje \u0161t\u011btcem nebo pomeran\u010dov\u00fdm d\u0159\u00edvkem navlh\u010den\u00fdm v roztoku pro pr\u00e1ci s polygely. Nerozt\u00e9k\u00e1 se a b\u011bhem pr\u00e1ce si zachov\u00e1v\u00e1 tvar. SAMOVYROVN\u00c1VAC\u00cd!<\/p>\n<p>Textura:<\/p>\n<p>Bez zrnitosti.<\/p>\n","protected":false},"excerpt":{"rendered":"<p>POLYGEL Premium Rose Odst\u00edn: Kryc\u00ed, jemn\u011b b\u00e9\u017eov\u00fd odst\u00edn. Ide\u00e1ln\u00ed pro zakryt\u00ed nehtov\u00e9 plot\u00e9nky a vytvo\u0159en\u00ed p\u0159irozen\u00e9ho vzhledu. Konzistence: Hust\u00e1 a plastick\u00e1. Snadno se tvaruje \u0161t\u011btcem nebo pomeran\u010dov\u00fdm d\u0159\u00edvkem navlh\u010den\u00fdm v roztoku pro pr\u00e1ci s polygely. Nerozt\u00e9k\u00e1 se a b\u011bhem pr\u00e1ce si zachov\u00e1v\u00e1 tvar. SAMOVYROVN\u00c1VAC\u00cd! Textura: Bez zrnitosti.<\/p>\n","protected":false},"featured_media":2905,"comment_status":"open","ping_status":"closed","template":"","meta":[],"pwb-brand":[],"product_brand":[],"product_cat":[532,542,704],"product_tag":[],"berocket_brand":[560],"class_list":{"0":"post-8885","1":"product","2":"type-product","3":"status-publish","4":"has-post-thumbnail","6":"product_cat-novinky","7":"product_cat-polygel","8":"product_cat-slevy","9":"berocket_brand-pink","11":"first","12":"instock","13":"sale","14":"taxable","15":"shipping-taxable","16":"purchasable","17":"product-type-simple"},"acf":[],"brands":[],"_links":{"self":[{"href":"https:\/\/mikeladzenailstore.com\/sk\/wp-json\/wp\/v2\/product\/8885","targetHints":{"allow":["GET"]}}],"collection":[{"href":"https:\/\/mikeladzenailstore.com\/sk\/wp-json\/wp\/v2\/product"}],"about":[{"href":"https:\/\/mikeladzenailstore.com\/sk\/wp-json\/wp\/v2\/types\/product"}],"replies":[{"embeddable":true,"href":"https:\/\/mikeladzenailstore.com\/sk\/wp-json\/wp\/v2\/comments?post=8885"}],"version-history":[{"count":0,"href":"https:\/\/mikeladzenailstore.com\/sk\/wp-json\/wp\/v2\/product\/8885\/revisions"}],"wp:featuredmedia":[{"embeddable":true,"href":"https:\/\/mikeladzenailstore.com\/sk\/wp-json\/wp\/v2\/media\/2905"}],"wp:attachment":[{"href":"https:\/\/mikeladzenailstore.com\/sk\/wp-json\/wp\/v2\/media?parent=8885"}],"wp:term":[{"taxonomy":"pwb-brand","embeddable":true,"href":"https:\/\/mikeladzenailstore.com\/sk\/wp-json\/wp\/v2\/pwb-brand?post=8885"},{"taxonomy":"product_brand","embeddable":true,"href":"https:\/\/mikeladzenailstore.com\/sk\/wp-json\/wp\/v2\/product_brand?post=8885"},{"taxonomy":"product_cat","embeddable":true,"href":"https:\/\/mikeladzenailstore.com\/sk\/wp-json\/wp\/v2\/product_cat?post=8885"},{"taxonomy":"product_tag","embeddable":true,"href":"https:\/\/mikeladzenailstore.com\/sk\/wp-json\/wp\/v2\/product_tag?post=8885"},{"taxonomy":"berocket_brand","embeddable":true,"href":"https:\/\/mikeladzenailstore.com\/sk\/wp-json\/wp\/v2\/berocket_brand?post=8885"}],"curies":[{"name":"wp","href":"https:\/\/api.w.org\/{rel}","templated":true}]}}