{"id":8888,"date":"2025-11-15T11:56:08","date_gmt":"2025-11-15T11:56:08","guid":{"rendered":"https:\/\/mikeladzenailstore.com\/p\/pink-milk-olive-liquid-gel-tekuty-modelovaci-gel-v-odstinu-mlecne-olivy-15-m\/"},"modified":"2026-01-20T10:46:59","modified_gmt":"2026-01-20T10:46:59","slug":"pink-milk-olive-liquid-gel-tekuty-modelovaci-gel-v-odstinu-mlecne-olivy-15-m","status":"publish","type":"product","link":"https:\/\/mikeladzenailstore.com\/sk\/produkt\/pink-milk-olive-liquid-gel-tekuty-modelovaci-gel-v-odstinu-mlecne-olivy-15-m\/","title":{"rendered":"Pink \u201eMILK Olive\u201c Liquid Gel \u2013 tekut\u00fd builder gel v odst\u00ednu ml\u00e9\u010dn\u00e9 olivy15 m"},"content":{"rendered":"<p>Pink Buildel Liquid Gel<\/p>\n<p>Tekut\u00fd gel pro zpevn\u011bn\u00ed a obnovu neht\u016f.<\/p>\n<p>MILK Olive \u2013 tekut\u00fd modelovac\u00ed gel v odst\u00ednu ml\u00e9\u010dn\u00e9 olivy.<\/p>\n<p>Co to je?<\/p>\n<p>Buildel Liquid Gel m\u00e1 konzistenci podobnou rubber bazi. Samovyrovn\u00e1vac\u00ed, nen\u00ed p\u0159\u00edli\u0161 tekut\u00fd, tak\u017ee se s n\u00edm pohodln\u011b pracuje na jak\u00e9koli d\u00e9lce neht\u016f.<\/p>\n<p>\u2022 vhodn\u00fd pro modelaci, zpevn\u011bn\u00ed a opravu neht\u016f;<\/p>\n<p>\u2022 dokonale vytvrzuje ve vrstv\u011b 1 mm \u2013 doporu\u010dujeme modelovat ve dvou vrstv\u00e1ch;<\/p>\n<p>\u2022 bezkyselinov\u00fd;<\/p>\n<p>\u2022 tvrd\u00fd typ gelu.<\/p>\n","protected":false},"excerpt":{"rendered":"<p>Pink Buildel Liquid Gel Tekut\u00fd gel pro zpevn\u011bn\u00ed a obnovu neht\u016f. MILK Olive \u2013 tekut\u00fd modelovac\u00ed gel v odst\u00ednu ml\u00e9\u010dn\u00e9 olivy. Co to je? Buildel Liquid Gel m\u00e1 konzistenci podobnou rubber bazi. Samovyrovn\u00e1vac\u00ed, nen\u00ed p\u0159\u00edli\u0161 tekut\u00fd, tak\u017ee se s n\u00edm pohodln\u011b pracuje na jak\u00e9koli d\u00e9lce neht\u016f. \u2022 vhodn\u00fd pro modelaci, zpevn\u011bn\u00ed a opravu neht\u016f; \u2022 [&hellip;]<\/p>\n","protected":false},"featured_media":2909,"comment_status":"open","ping_status":"closed","template":"","meta":[],"pwb-brand":[],"product_brand":[],"product_cat":[554,704],"product_tag":[],"berocket_brand":[560],"class_list":{"0":"post-8888","1":"product","2":"type-product","3":"status-publish","4":"has-post-thumbnail","6":"product_cat-gel-in-a-bottle","7":"product_cat-slevy","8":"berocket_brand-pink","10":"first","11":"instock","12":"sale","13":"taxable","14":"shipping-taxable","15":"purchasable","16":"product-type-simple"},"acf":[],"brands":[],"_links":{"self":[{"href":"https:\/\/mikeladzenailstore.com\/sk\/wp-json\/wp\/v2\/product\/8888","targetHints":{"allow":["GET"]}}],"collection":[{"href":"https:\/\/mikeladzenailstore.com\/sk\/wp-json\/wp\/v2\/product"}],"about":[{"href":"https:\/\/mikeladzenailstore.com\/sk\/wp-json\/wp\/v2\/types\/product"}],"replies":[{"embeddable":true,"href":"https:\/\/mikeladzenailstore.com\/sk\/wp-json\/wp\/v2\/comments?post=8888"}],"version-history":[{"count":0,"href":"https:\/\/mikeladzenailstore.com\/sk\/wp-json\/wp\/v2\/product\/8888\/revisions"}],"wp:featuredmedia":[{"embeddable":true,"href":"https:\/\/mikeladzenailstore.com\/sk\/wp-json\/wp\/v2\/media\/2909"}],"wp:attachment":[{"href":"https:\/\/mikeladzenailstore.com\/sk\/wp-json\/wp\/v2\/media?parent=8888"}],"wp:term":[{"taxonomy":"pwb-brand","embeddable":true,"href":"https:\/\/mikeladzenailstore.com\/sk\/wp-json\/wp\/v2\/pwb-brand?post=8888"},{"taxonomy":"product_brand","embeddable":true,"href":"https:\/\/mikeladzenailstore.com\/sk\/wp-json\/wp\/v2\/product_brand?post=8888"},{"taxonomy":"product_cat","embeddable":true,"href":"https:\/\/mikeladzenailstore.com\/sk\/wp-json\/wp\/v2\/product_cat?post=8888"},{"taxonomy":"product_tag","embeddable":true,"href":"https:\/\/mikeladzenailstore.com\/sk\/wp-json\/wp\/v2\/product_tag?post=8888"},{"taxonomy":"berocket_brand","embeddable":true,"href":"https:\/\/mikeladzenailstore.com\/sk\/wp-json\/wp\/v2\/berocket_brand?post=8888"}],"curies":[{"name":"wp","href":"https:\/\/api.w.org\/{rel}","templated":true}]}}