{"id":8894,"date":"2025-11-15T11:55:56","date_gmt":"2025-11-15T11:55:56","guid":{"rendered":"https:\/\/mikeladzenailstore.com\/p\/modeling-gel-cinnamon-trendy-nails-15-ml\/"},"modified":"2026-03-12T20:20:35","modified_gmt":"2026-03-12T20:20:35","slug":"modeling-gel-cinnamon-trendy-nails-15-ml","status":"publish","type":"product","link":"https:\/\/mikeladzenailstore.com\/sk\/produkt\/modeling-gel-cinnamon-trendy-nails-15-ml\/","title":{"rendered":"Modeling gel CINAMMON  Trendy nails 15 ml"},"content":{"rendered":"<p data-start=\"68\" data-end=\"260\"><strong data-start=\"68\" data-end=\"107\">Objevte novou \u00farove\u0148 modelace neht\u016f<\/strong> s na\u0161\u00edm <strong data-start=\"116\" data-end=\"145\">Modeling gelem \u201eCinnamon\u201c<\/strong> \u2013 profesion\u00e1ln\u00ed formul\u00ed <strong data-start=\"170\" data-end=\"188\">bez HEMA a TPO<\/strong>, kter\u00e1 zaru\u010duje <strong data-start=\"205\" data-end=\"241\">bezpe\u010dnost, v\u00fdkon a v\u0161estrannost<\/strong> v jednom produktu.<\/p>\n<p data-start=\"262\" data-end=\"404\">D\u00edky <strong data-start=\"267\" data-end=\"307\">st\u0159edn\u00ed, samovyrovn\u00e1vac\u00ed konzistenci<\/strong> je ide\u00e1ln\u00ed pro <strong data-start=\"323\" data-end=\"368\">modelaci, refill, zpevn\u011bn\u00ed i prodlu\u017eov\u00e1n\u00ed<\/strong> na \u0161ablon\u00e1ch nebo <strong data-start=\"387\" data-end=\"403\">dual form\u00e1ch<\/strong>.<\/p>\n<p data-start=\"406\" data-end=\"560\">Jeho <strong data-start=\"411\" data-end=\"454\">kr\u00e9mov\u00e1 a dob\u0159e kontrolovateln\u00e1 textura<\/strong> se snadno tvaruje, zaji\u0161\u0165uje <strong data-start=\"484\" data-end=\"525\">precizn\u00ed aplikaci a rovnom\u011brn\u00fd povrch<\/strong> s <strong data-start=\"528\" data-end=\"559\">minim\u00e1ln\u00ed pot\u0159ebou pilov\u00e1n\u00ed<\/strong>.<\/p>\n<p data-start=\"562\" data-end=\"762\">Odst\u00edn <strong data-start=\"569\" data-end=\"581\">Cinnamon<\/strong> \u2013 <strong data-start=\"584\" data-end=\"640\">tepl\u00e1 sko\u0159icov\u011b r\u016f\u017eov\u00e1 s karamelov\u011b b\u00e9\u017eov\u00fdmi podt\u00f3ny<\/strong> \u2013 vytv\u00e1\u0159\u00ed <strong data-start=\"651\" data-end=\"686\">sofistikovan\u00fd a p\u0159irozen\u00fd efekt<\/strong>, ide\u00e1ln\u00ed pro <strong data-start=\"700\" data-end=\"761\">nude b\u00e1ze, elegantn\u00ed looky i jemnou francouzskou manik\u00faru<\/strong>.<\/p>\n<p data-start=\"764\" data-end=\"945\">D\u00edky <strong data-start=\"769\" data-end=\"837\">vysok\u00e9 p\u0159ilnavosti, struktur\u00e1ln\u00ed stabilit\u011b a v\u00fddr\u017ei p\u0159es 4 t\u00fddny<\/strong> je tento gel <strong data-start=\"851\" data-end=\"887\">ide\u00e1ln\u00ed volbou pro profesion\u00e1lky<\/strong>, kter\u00e9 hledaj\u00ed <strong data-start=\"903\" data-end=\"944\">kvalitu a spolehlivost bez kompromis\u016f<\/strong>.<\/p>\n","protected":false},"excerpt":{"rendered":"<p>Objevte novou \u00farove\u0148 modelace neht\u016f s na\u0161\u00edm Modeling gelem \u201eCinnamon\u201c \u2013 profesion\u00e1ln\u00ed formul\u00ed bez HEMA a TPO, kter\u00e1 zaru\u010duje bezpe\u010dnost, v\u00fdkon a v\u0161estrannost v jednom produktu. D\u00edky st\u0159edn\u00ed, samovyrovn\u00e1vac\u00ed konzistenci je ide\u00e1ln\u00ed pro modelaci, refill, zpevn\u011bn\u00ed i prodlu\u017eov\u00e1n\u00ed na \u0161ablon\u00e1ch nebo dual form\u00e1ch. Jeho kr\u00e9mov\u00e1 a dob\u0159e kontrolovateln\u00e1 textura se snadno tvaruje, zaji\u0161\u0165uje precizn\u00ed aplikaci [&hellip;]<\/p>\n","protected":false},"featured_media":2855,"comment_status":"open","ping_status":"closed","template":"","meta":[],"pwb-brand":[],"product_brand":[],"product_cat":[508,704],"product_tag":[],"berocket_brand":[437],"class_list":{"0":"post-8894","1":"product","2":"type-product","3":"status-publish","4":"has-post-thumbnail","6":"product_cat-builder-gel-gel-jelly","7":"product_cat-slevy","8":"berocket_brand-trendy-nails","10":"first","11":"instock","12":"taxable","13":"shipping-taxable","14":"purchasable","15":"product-type-simple"},"acf":[],"brands":[],"_links":{"self":[{"href":"https:\/\/mikeladzenailstore.com\/sk\/wp-json\/wp\/v2\/product\/8894","targetHints":{"allow":["GET"]}}],"collection":[{"href":"https:\/\/mikeladzenailstore.com\/sk\/wp-json\/wp\/v2\/product"}],"about":[{"href":"https:\/\/mikeladzenailstore.com\/sk\/wp-json\/wp\/v2\/types\/product"}],"replies":[{"embeddable":true,"href":"https:\/\/mikeladzenailstore.com\/sk\/wp-json\/wp\/v2\/comments?post=8894"}],"version-history":[{"count":0,"href":"https:\/\/mikeladzenailstore.com\/sk\/wp-json\/wp\/v2\/product\/8894\/revisions"}],"wp:featuredmedia":[{"embeddable":true,"href":"https:\/\/mikeladzenailstore.com\/sk\/wp-json\/wp\/v2\/media\/2855"}],"wp:attachment":[{"href":"https:\/\/mikeladzenailstore.com\/sk\/wp-json\/wp\/v2\/media?parent=8894"}],"wp:term":[{"taxonomy":"pwb-brand","embeddable":true,"href":"https:\/\/mikeladzenailstore.com\/sk\/wp-json\/wp\/v2\/pwb-brand?post=8894"},{"taxonomy":"product_brand","embeddable":true,"href":"https:\/\/mikeladzenailstore.com\/sk\/wp-json\/wp\/v2\/product_brand?post=8894"},{"taxonomy":"product_cat","embeddable":true,"href":"https:\/\/mikeladzenailstore.com\/sk\/wp-json\/wp\/v2\/product_cat?post=8894"},{"taxonomy":"product_tag","embeddable":true,"href":"https:\/\/mikeladzenailstore.com\/sk\/wp-json\/wp\/v2\/product_tag?post=8894"},{"taxonomy":"berocket_brand","embeddable":true,"href":"https:\/\/mikeladzenailstore.com\/sk\/wp-json\/wp\/v2\/berocket_brand?post=8894"}],"curies":[{"name":"wp","href":"https:\/\/api.w.org\/{rel}","templated":true}]}}