{"id":8900,"date":"2025-11-15T11:55:56","date_gmt":"2025-11-15T11:55:56","guid":{"rendered":"https:\/\/mikeladzenailstore.com\/p\/modeling-gel-tiramisu-trendy-nails-15-ml\/"},"modified":"2026-04-15T17:20:37","modified_gmt":"2026-04-15T17:20:37","slug":"modeling-gel-tiramisu-trendy-nails-15-ml","status":"publish","type":"product","link":"https:\/\/mikeladzenailstore.com\/sk\/produkt\/modeling-gel-tiramisu-trendy-nails-15-ml\/","title":{"rendered":"Modeling gel TIRAMISU  Trendy nails 15 ml"},"content":{"rendered":"<p data-start=\"68\" data-end=\"278\"><strong data-start=\"68\" data-end=\"107\">Objevte novou \u00farove\u0148 modelace neht\u016f<\/strong> s na\u0161\u00edm <strong data-start=\"116\" data-end=\"145\">Modeling gelem \u201eTiramisu\u201c<\/strong> \u2013 profesion\u00e1ln\u00ed formul\u00ed <strong data-start=\"170\" data-end=\"188\">bez HEMA a TPO<\/strong>, kter\u00e1 spojuje <strong data-start=\"204\" data-end=\"259\">bezpe\u010dnost, vysok\u00fd v\u00fdkon a v\u0161estrannou pou\u017eitelnost<\/strong> v jednom produktu.<\/p>\n<p data-start=\"280\" data-end=\"422\">D\u00edky <strong data-start=\"285\" data-end=\"325\">st\u0159edn\u00ed, samovyrovn\u00e1vac\u00ed konzistenci<\/strong> je ide\u00e1ln\u00ed pro <strong data-start=\"341\" data-end=\"386\">zpevn\u011bn\u00ed, refill, modelaci i prodlu\u017eov\u00e1n\u00ed<\/strong> na \u0161ablon\u00e1ch nebo <strong data-start=\"405\" data-end=\"421\">dual form\u00e1ch<\/strong>.<\/p>\n<p data-start=\"424\" data-end=\"599\">Jeho <strong data-start=\"429\" data-end=\"459\">kr\u00e9mov\u00e1 a hedv\u00e1bn\u00e1 textura<\/strong> se snadno tvaruje, zaji\u0161\u0165uje <strong data-start=\"489\" data-end=\"519\">rovnom\u011brn\u00fd a odoln\u00fd povrch<\/strong> a z\u00e1rove\u0148 si zachov\u00e1v\u00e1 <strong data-start=\"543\" data-end=\"567\">vyv\u00e1\u017eenou elasticitu<\/strong>, i p\u0159i tvorb\u011b tenk\u00fdch struktur.<\/p>\n<p data-start=\"601\" data-end=\"820\">Odst\u00edn <strong data-start=\"608\" data-end=\"620\">Tiramisu<\/strong> \u2013 <strong data-start=\"623\" data-end=\"689\">tepl\u00e1 karamelov\u011b r\u016f\u017eov\u00e1 s jemn\u00fdmi b\u00e9\u017eov\u00fdmi a l\u00edskov\u00fdmi podt\u00f3ny<\/strong> \u2013 dod\u00e1v\u00e1 neht\u016fm <strong data-start=\"706\" data-end=\"738\">elegantn\u00ed a p\u0159irozen\u00fd vzhled<\/strong>, ide\u00e1ln\u00ed pro <strong data-start=\"752\" data-end=\"788\">camouflage b\u00e1ze, klasick\u00fd french<\/strong> i <strong data-start=\"791\" data-end=\"819\">sofistikovan\u00e9 nude looky<\/strong>.<\/p>\n<p data-start=\"822\" data-end=\"1000\">D\u00edky <strong data-start=\"827\" data-end=\"889\">vysok\u00e9 p\u0159ilnavosti, dlouh\u00e9 v\u00fddr\u017ei a struktur\u00e1ln\u00ed stabilit\u011b<\/strong> je tento gel <strong data-start=\"903\" data-end=\"946\">dokonal\u00fdm spojencem ka\u017ed\u00e9 profesion\u00e1lky<\/strong>, kter\u00e1 hled\u00e1 <strong data-start=\"960\" data-end=\"999\">bezchybn\u00e9 a dlouhotrvaj\u00edc\u00ed v\u00fdsledky<\/strong>.<\/p>\n","protected":false},"excerpt":{"rendered":"<p>Objevte novou \u00farove\u0148 modelace neht\u016f s na\u0161\u00edm Modeling gelem \u201eTiramisu\u201c \u2013 profesion\u00e1ln\u00ed formul\u00ed bez HEMA a TPO, kter\u00e1 spojuje bezpe\u010dnost, vysok\u00fd v\u00fdkon a v\u0161estrannou pou\u017eitelnost v jednom produktu. D\u00edky st\u0159edn\u00ed, samovyrovn\u00e1vac\u00ed konzistenci je ide\u00e1ln\u00ed pro zpevn\u011bn\u00ed, refill, modelaci i prodlu\u017eov\u00e1n\u00ed na \u0161ablon\u00e1ch nebo dual form\u00e1ch. Jeho kr\u00e9mov\u00e1 a hedv\u00e1bn\u00e1 textura se snadno tvaruje, zaji\u0161\u0165uje rovnom\u011brn\u00fd [&hellip;]<\/p>\n","protected":false},"featured_media":2859,"comment_status":"open","ping_status":"closed","template":"","meta":[],"pwb-brand":[],"product_brand":[],"product_cat":[656],"product_tag":[],"berocket_brand":[437],"class_list":{"0":"post-8900","1":"product","2":"type-product","3":"status-publish","4":"has-post-thumbnail","6":"product_cat-modeling-gel-trendy-nails","7":"berocket_brand-trendy-nails","9":"first","10":"instock","11":"taxable","12":"shipping-taxable","13":"purchasable","14":"product-type-simple"},"acf":[],"brands":[],"_links":{"self":[{"href":"https:\/\/mikeladzenailstore.com\/sk\/wp-json\/wp\/v2\/product\/8900","targetHints":{"allow":["GET"]}}],"collection":[{"href":"https:\/\/mikeladzenailstore.com\/sk\/wp-json\/wp\/v2\/product"}],"about":[{"href":"https:\/\/mikeladzenailstore.com\/sk\/wp-json\/wp\/v2\/types\/product"}],"replies":[{"embeddable":true,"href":"https:\/\/mikeladzenailstore.com\/sk\/wp-json\/wp\/v2\/comments?post=8900"}],"version-history":[{"count":1,"href":"https:\/\/mikeladzenailstore.com\/sk\/wp-json\/wp\/v2\/product\/8900\/revisions"}],"predecessor-version":[{"id":20885,"href":"https:\/\/mikeladzenailstore.com\/sk\/wp-json\/wp\/v2\/product\/8900\/revisions\/20885"}],"wp:featuredmedia":[{"embeddable":true,"href":"https:\/\/mikeladzenailstore.com\/sk\/wp-json\/wp\/v2\/media\/2859"}],"wp:attachment":[{"href":"https:\/\/mikeladzenailstore.com\/sk\/wp-json\/wp\/v2\/media?parent=8900"}],"wp:term":[{"taxonomy":"pwb-brand","embeddable":true,"href":"https:\/\/mikeladzenailstore.com\/sk\/wp-json\/wp\/v2\/pwb-brand?post=8900"},{"taxonomy":"product_brand","embeddable":true,"href":"https:\/\/mikeladzenailstore.com\/sk\/wp-json\/wp\/v2\/product_brand?post=8900"},{"taxonomy":"product_cat","embeddable":true,"href":"https:\/\/mikeladzenailstore.com\/sk\/wp-json\/wp\/v2\/product_cat?post=8900"},{"taxonomy":"product_tag","embeddable":true,"href":"https:\/\/mikeladzenailstore.com\/sk\/wp-json\/wp\/v2\/product_tag?post=8900"},{"taxonomy":"berocket_brand","embeddable":true,"href":"https:\/\/mikeladzenailstore.com\/sk\/wp-json\/wp\/v2\/berocket_brand?post=8900"}],"curies":[{"name":"wp","href":"https:\/\/api.w.org\/{rel}","templated":true}]}}