{"id":8912,"date":"2025-11-15T11:55:56","date_gmt":"2025-11-15T11:55:56","guid":{"rendered":"https:\/\/mikeladzenailstore.com\/p\/modeling-gel-brown-sugar-trendy-nails-15-ml\/"},"modified":"2026-04-15T17:16:03","modified_gmt":"2026-04-15T17:16:03","slug":"modeling-gel-brown-sugar-trendy-nails-15-ml","status":"publish","type":"product","link":"https:\/\/mikeladzenailstore.com\/sk\/produkt\/modeling-gel-brown-sugar-trendy-nails-15-ml\/","title":{"rendered":"Modeling gel BROWN SUGAR Trendy nails"},"content":{"rendered":"<p data-start=\"68\" data-end=\"257\"><strong data-start=\"68\" data-end=\"107\">Objevte novou \u00farove\u0148 modelace neht\u016f<\/strong> s na\u0161\u00edm <strong data-start=\"116\" data-end=\"143\">Modeling gelem \u201eAlmond\u201c<\/strong> \u2013 profesion\u00e1ln\u00ed formul\u00ed <strong data-start=\"168\" data-end=\"186\">bez HEMA a TPO<\/strong>, kter\u00e1 v jednom produktu spojuje <strong data-start=\"220\" data-end=\"256\">bezpe\u010dnost, v\u00fdkon a v\u0161estrannost<\/strong>.<\/p>\n<p data-start=\"259\" data-end=\"424\">D\u00edky <strong data-start=\"264\" data-end=\"304\">st\u0159edn\u00ed, samovyrovn\u00e1vac\u00ed konzistenci<\/strong> je ide\u00e1ln\u00ed pro v\u0161echny typy aplikac\u00ed: <strong data-start=\"343\" data-end=\"388\">zpevn\u011bn\u00ed, refill, modelaci i prodlu\u017eov\u00e1n\u00ed<\/strong> na \u0161ablon\u00e1ch nebo <strong data-start=\"407\" data-end=\"423\">dual form\u00e1ch<\/strong>.<\/p>\n<p data-start=\"426\" data-end=\"566\">Jeho <strong data-start=\"431\" data-end=\"451\">hedv\u00e1bn\u00e1 textura<\/strong> se snadno tvaruje, vytv\u00e1\u0159\u00ed <strong data-start=\"479\" data-end=\"517\">hladk\u00fd, rovnom\u011brn\u00fd a odoln\u00fd povrch<\/strong> a z\u00e1rove\u0148 si zachov\u00e1v\u00e1 <strong data-start=\"541\" data-end=\"565\">vyv\u00e1\u017eenou elasticitu<\/strong>.<\/p>\n<p data-start=\"568\" data-end=\"757\">Odst\u00edn <strong data-start=\"575\" data-end=\"585\">Almond<\/strong> \u2013 <strong data-start=\"588\" data-end=\"648\">neutr\u00e1ln\u00ed r\u016f\u017eovo-b\u00e9\u017eov\u00fd t\u00f3n s tepl\u00fdmi, kr\u00e9mov\u00fdmi podt\u00f3ny<\/strong> \u2013 dod\u00e1v\u00e1 neht\u016fm <strong data-start=\"665\" data-end=\"701\">elegantn\u00ed a p\u0159irozen\u00fd nude efekt<\/strong>, ide\u00e1ln\u00ed pro <strong data-start=\"715\" data-end=\"731\">jemn\u00fd french<\/strong> i <strong data-start=\"734\" data-end=\"756\">soft salonn\u00ed looky<\/strong>.<\/p>\n<p data-start=\"759\" data-end=\"937\"><strong data-start=\"759\" data-end=\"819\">Vysok\u00e1 p\u0159ilnavost, dlouh\u00e1 v\u00fddr\u017e a struktur\u00e1ln\u00ed stabilita<\/strong> \u010din\u00ed tento gel <strong data-start=\"835\" data-end=\"882\">dokonal\u00fdm spojencem ka\u017ed\u00e9 nehtov\u00e9 stylistky<\/strong>, kter\u00e1 po\u017eaduje <strong data-start=\"899\" data-end=\"936\">bezchybn\u00e9 v\u00fdsledky bez kompromis\u016f<\/strong>.<\/p>\n","protected":false},"excerpt":{"rendered":"<p>Objevte novou \u00farove\u0148 modelace neht\u016f s na\u0161\u00edm Modeling gelem \u201eAlmond\u201c \u2013 profesion\u00e1ln\u00ed formul\u00ed bez HEMA a TPO, kter\u00e1 v jednom produktu spojuje bezpe\u010dnost, v\u00fdkon a v\u0161estrannost. D\u00edky st\u0159edn\u00ed, samovyrovn\u00e1vac\u00ed konzistenci je ide\u00e1ln\u00ed pro v\u0161echny typy aplikac\u00ed: zpevn\u011bn\u00ed, refill, modelaci i prodlu\u017eov\u00e1n\u00ed na \u0161ablon\u00e1ch nebo dual form\u00e1ch. Jeho hedv\u00e1bn\u00e1 textura se snadno tvaruje, vytv\u00e1\u0159\u00ed hladk\u00fd, rovnom\u011brn\u00fd [&hellip;]<\/p>\n","protected":false},"featured_media":2867,"comment_status":"open","ping_status":"closed","template":"","meta":[],"pwb-brand":[],"product_brand":[],"product_cat":[656],"product_tag":[],"berocket_brand":[437],"class_list":{"0":"post-8912","1":"product","2":"type-product","3":"status-publish","4":"has-post-thumbnail","6":"product_cat-modeling-gel-trendy-nails","7":"berocket_brand-trendy-nails","9":"first","10":"outofstock","11":"taxable","12":"shipping-taxable","13":"purchasable","14":"product-type-variable"},"acf":[],"brands":[],"_links":{"self":[{"href":"https:\/\/mikeladzenailstore.com\/sk\/wp-json\/wp\/v2\/product\/8912","targetHints":{"allow":["GET"]}}],"collection":[{"href":"https:\/\/mikeladzenailstore.com\/sk\/wp-json\/wp\/v2\/product"}],"about":[{"href":"https:\/\/mikeladzenailstore.com\/sk\/wp-json\/wp\/v2\/types\/product"}],"replies":[{"embeddable":true,"href":"https:\/\/mikeladzenailstore.com\/sk\/wp-json\/wp\/v2\/comments?post=8912"}],"version-history":[{"count":1,"href":"https:\/\/mikeladzenailstore.com\/sk\/wp-json\/wp\/v2\/product\/8912\/revisions"}],"predecessor-version":[{"id":20877,"href":"https:\/\/mikeladzenailstore.com\/sk\/wp-json\/wp\/v2\/product\/8912\/revisions\/20877"}],"wp:featuredmedia":[{"embeddable":true,"href":"https:\/\/mikeladzenailstore.com\/sk\/wp-json\/wp\/v2\/media\/2867"}],"wp:attachment":[{"href":"https:\/\/mikeladzenailstore.com\/sk\/wp-json\/wp\/v2\/media?parent=8912"}],"wp:term":[{"taxonomy":"pwb-brand","embeddable":true,"href":"https:\/\/mikeladzenailstore.com\/sk\/wp-json\/wp\/v2\/pwb-brand?post=8912"},{"taxonomy":"product_brand","embeddable":true,"href":"https:\/\/mikeladzenailstore.com\/sk\/wp-json\/wp\/v2\/product_brand?post=8912"},{"taxonomy":"product_cat","embeddable":true,"href":"https:\/\/mikeladzenailstore.com\/sk\/wp-json\/wp\/v2\/product_cat?post=8912"},{"taxonomy":"product_tag","embeddable":true,"href":"https:\/\/mikeladzenailstore.com\/sk\/wp-json\/wp\/v2\/product_tag?post=8912"},{"taxonomy":"berocket_brand","embeddable":true,"href":"https:\/\/mikeladzenailstore.com\/sk\/wp-json\/wp\/v2\/berocket_brand?post=8912"}],"curies":[{"name":"wp","href":"https:\/\/api.w.org\/{rel}","templated":true}]}}