{"id":8921,"date":"2025-11-15T11:55:56","date_gmt":"2025-11-15T11:55:56","guid":{"rendered":"https:\/\/mikeladzenailstore.com\/p\/modeling-gel-peony-trendy-nails-15-ml\/"},"modified":"2026-03-04T18:02:02","modified_gmt":"2026-03-04T18:02:02","slug":"modeling-gel-peony-trendy-nails-15-ml","status":"publish","type":"product","link":"https:\/\/mikeladzenailstore.com\/sk\/produkt\/modeling-gel-peony-trendy-nails-15-ml\/","title":{"rendered":"Modeling gel PEONY Trendy nails"},"content":{"rendered":"<p data-start=\"68\" data-end=\"265\"><strong data-start=\"68\" data-end=\"107\">Objevte novou \u00farove\u0148 modelace neht\u016f<\/strong> s na\u0161\u00edm <strong data-start=\"116\" data-end=\"142\">Modeling gelem \u201ePeony\u201c<\/strong> \u2013 profesion\u00e1ln\u00ed formul\u00ed <strong data-start=\"167\" data-end=\"185\">bez HEMA a TPO<\/strong>, kter\u00e1 spojuje <strong data-start=\"201\" data-end=\"264\">maxim\u00e1ln\u00ed bezpe\u010dnost, vysok\u00fd v\u00fdkon a absolutn\u00ed v\u0161estrannost<\/strong>.<\/p>\n<p data-start=\"267\" data-end=\"409\">D\u00edky <strong data-start=\"272\" data-end=\"312\">st\u0159edn\u00ed, samovyrovn\u00e1vac\u00ed konzistenci<\/strong> je ide\u00e1ln\u00ed pro <strong data-start=\"328\" data-end=\"373\">refill, zpevn\u011bn\u00ed, modelaci i prodlu\u017eov\u00e1n\u00ed<\/strong> na \u0161ablon\u00e1ch nebo <strong data-start=\"392\" data-end=\"408\">dual form\u00e1ch<\/strong>.<\/p>\n<p data-start=\"411\" data-end=\"571\">Jeho <strong data-start=\"416\" data-end=\"443\">m\u011bkk\u00e1 a kr\u00e9mov\u00e1 textura<\/strong> se velmi snadno zpracov\u00e1v\u00e1, zaji\u0161\u0165uje <strong data-start=\"482\" data-end=\"526\">rovnom\u011brnou aplikaci a pevnou konstrukci<\/strong> a z\u00e1rove\u0148 <strong data-start=\"537\" data-end=\"570\">minimalizuje pot\u0159ebu pilov\u00e1n\u00ed<\/strong>.<\/p>\n<p data-start=\"573\" data-end=\"779\">Odst\u00edn <strong data-start=\"580\" data-end=\"589\">Peony<\/strong> \u2013 <strong data-start=\"592\" data-end=\"650\">intenzivn\u00ed r\u016f\u017eovo-mauve t\u00f3n s jemn\u00fdm pudrov\u00fdm podt\u00f3nem<\/strong> \u2013 vytv\u00e1\u0159\u00ed <strong data-start=\"661\" data-end=\"694\">modern\u00ed a sofistikovan\u00fd efekt<\/strong>, ide\u00e1ln\u00ed pro <strong data-start=\"708\" data-end=\"778\">elegantn\u00ed b\u00e1ze, \u017eensk\u00e9 looky i propracovanou francouzskou manik\u00faru<\/strong>.<\/p>\n<p data-start=\"781\" data-end=\"941\">D\u00edky <strong data-start=\"786\" data-end=\"832\">vynikaj\u00edc\u00ed p\u0159ilnavosti a dlouhodob\u00e9 v\u00fddr\u017ei<\/strong> je tento gel <strong data-start=\"846\" data-end=\"884\">perfektn\u00ed volbou pro profesion\u00e1lky<\/strong>, kter\u00e9 po\u017eaduj\u00ed <strong data-start=\"901\" data-end=\"940\">bezchybn\u00e9 a dlouhotrvaj\u00edc\u00ed v\u00fdsledky<\/strong>.<\/p>\n","protected":false},"excerpt":{"rendered":"<p>Objevte novou \u00farove\u0148 modelace neht\u016f s na\u0161\u00edm Modeling gelem \u201ePeony\u201c \u2013 profesion\u00e1ln\u00ed formul\u00ed bez HEMA a TPO, kter\u00e1 spojuje maxim\u00e1ln\u00ed bezpe\u010dnost, vysok\u00fd v\u00fdkon a absolutn\u00ed v\u0161estrannost. D\u00edky st\u0159edn\u00ed, samovyrovn\u00e1vac\u00ed konzistenci je ide\u00e1ln\u00ed pro refill, zpevn\u011bn\u00ed, modelaci i prodlu\u017eov\u00e1n\u00ed na \u0161ablon\u00e1ch nebo dual form\u00e1ch. Jeho m\u011bkk\u00e1 a kr\u00e9mov\u00e1 textura se velmi snadno zpracov\u00e1v\u00e1, zaji\u0161\u0165uje rovnom\u011brnou aplikaci [&hellip;]<\/p>\n","protected":false},"featured_media":2873,"comment_status":"open","ping_status":"closed","template":"","meta":[],"pwb-brand":[],"product_brand":[],"product_cat":[656],"product_tag":[],"berocket_brand":[437],"class_list":{"0":"post-8921","1":"product","2":"type-product","3":"status-publish","4":"has-post-thumbnail","6":"product_cat-modeling-gel-trendy-nails","7":"berocket_brand-trendy-nails","9":"first","10":"instock","11":"taxable","12":"shipping-taxable","13":"purchasable","14":"product-type-simple"},"acf":[],"brands":[],"_links":{"self":[{"href":"https:\/\/mikeladzenailstore.com\/sk\/wp-json\/wp\/v2\/product\/8921","targetHints":{"allow":["GET"]}}],"collection":[{"href":"https:\/\/mikeladzenailstore.com\/sk\/wp-json\/wp\/v2\/product"}],"about":[{"href":"https:\/\/mikeladzenailstore.com\/sk\/wp-json\/wp\/v2\/types\/product"}],"replies":[{"embeddable":true,"href":"https:\/\/mikeladzenailstore.com\/sk\/wp-json\/wp\/v2\/comments?post=8921"}],"version-history":[{"count":0,"href":"https:\/\/mikeladzenailstore.com\/sk\/wp-json\/wp\/v2\/product\/8921\/revisions"}],"wp:featuredmedia":[{"embeddable":true,"href":"https:\/\/mikeladzenailstore.com\/sk\/wp-json\/wp\/v2\/media\/2873"}],"wp:attachment":[{"href":"https:\/\/mikeladzenailstore.com\/sk\/wp-json\/wp\/v2\/media?parent=8921"}],"wp:term":[{"taxonomy":"pwb-brand","embeddable":true,"href":"https:\/\/mikeladzenailstore.com\/sk\/wp-json\/wp\/v2\/pwb-brand?post=8921"},{"taxonomy":"product_brand","embeddable":true,"href":"https:\/\/mikeladzenailstore.com\/sk\/wp-json\/wp\/v2\/product_brand?post=8921"},{"taxonomy":"product_cat","embeddable":true,"href":"https:\/\/mikeladzenailstore.com\/sk\/wp-json\/wp\/v2\/product_cat?post=8921"},{"taxonomy":"product_tag","embeddable":true,"href":"https:\/\/mikeladzenailstore.com\/sk\/wp-json\/wp\/v2\/product_tag?post=8921"},{"taxonomy":"berocket_brand","embeddable":true,"href":"https:\/\/mikeladzenailstore.com\/sk\/wp-json\/wp\/v2\/berocket_brand?post=8921"}],"curies":[{"name":"wp","href":"https:\/\/api.w.org\/{rel}","templated":true}]}}