{"id":8930,"date":"2025-11-15T11:55:42","date_gmt":"2025-11-15T11:55:42","guid":{"rendered":"https:\/\/mikeladzenailstore.com\/p\/builder-gel-mood-shine-3-pink-30-ml\/"},"modified":"2026-02-22T19:37:47","modified_gmt":"2026-02-22T19:37:47","slug":"builder-gel-mood-shine-3-pink-30-ml","status":"publish","type":"product","link":"https:\/\/mikeladzenailstore.com\/sk\/produkt\/builder-gel-mood-shine-3-pink-30-ml\/","title":{"rendered":"Builder gel Mood shine 3 Pink\u201d 30 ml"},"content":{"rendered":"<p>MOOD Shine gel \u21163 \u2013 modela\u010dn\u00ed gel s ml\u00e9\u010dn\u00fdmi t\u0159pytkami.\u2028\u2028Mood Shine Gel je \u0159ada modela\u010dn\u00edch gel\u016f st\u0159edn\u00ed hustoty, kter\u00e9 obsahuj\u00ed shimmer a t\u0159pytky pro maxim\u00e1ln\u011b z\u00e1\u0159iv\u00fd efekt. Tento gel spojuje estetiku a funk\u010dnost:<\/p>\n<p>\u2022 Z\u00e1\u0159iv\u00fd a jasn\u00fd vzhled \u2013 d\u00edky obsahu t\u0159pytek, vlo\u010dek Yukki a shimmeru.<\/p>\n<p>\u2022 Pevnost a odolnost \u2013 tato \u0159ada gel\u016f je mimo\u0159\u00e1dn\u011b siln\u00e1 a zvl\u00e1dne jakoukoli d\u00e9lku neht\u016f.<\/p>\n<p>\u2022 St\u0159edn\u00ed konzistence \u2013 nen\u00ed ani p\u0159\u00edli\u0161 hust\u00fd, ani p\u0159\u00edli\u0161 \u0159\u00eddk\u00fd; zaji\u0161\u0165uje pohodl\u00ed p\u0159i aplikaci a kontrolu tvaru.<\/p>\n<p>\u2022 Pohodl\u00ed p\u0159i pr\u00e1ci \u2013 s dobrou tixotropi\u00ed (p\u0159i p\u016fsoben\u00ed \u0161t\u011btce se gel pohybuje, ale \u201enest\u00e9k\u00e1\u201c), vhodn\u00fd pro pr\u00e1ci na horn\u00edch form\u00e1ch, ide\u00e1ln\u00ed pro dopln\u011bn\u00ed v oblasti k\u016f\u017ei\u010dky nebo pro korekci.<\/p>\n","protected":false},"excerpt":{"rendered":"<p>MOOD Shine gel \u21163 \u2013 modela\u010dn\u00ed gel s ml\u00e9\u010dn\u00fdmi t\u0159pytkami.\u2028\u2028Mood Shine Gel je \u0159ada modela\u010dn\u00edch gel\u016f st\u0159edn\u00ed hustoty, kter\u00e9 obsahuj\u00ed shimmer a t\u0159pytky pro maxim\u00e1ln\u011b z\u00e1\u0159iv\u00fd efekt. Tento gel spojuje estetiku a funk\u010dnost: \u2022 Z\u00e1\u0159iv\u00fd a jasn\u00fd vzhled \u2013 d\u00edky obsahu t\u0159pytek, vlo\u010dek Yukki a shimmeru. \u2022 Pevnost a odolnost \u2013 tato \u0159ada gel\u016f je [&hellip;]<\/p>\n","protected":false},"featured_media":2830,"comment_status":"open","ping_status":"closed","template":"","meta":[],"pwb-brand":[],"product_brand":[],"product_cat":[652],"product_tag":[],"berocket_brand":[560],"class_list":{"0":"post-8930","1":"product","2":"type-product","3":"status-publish","4":"has-post-thumbnail","6":"product_cat-builder-gely-pink","7":"berocket_brand-pink","9":"first","10":"outofstock","11":"taxable","12":"shipping-taxable","13":"purchasable","14":"product-type-simple"},"acf":[],"brands":[],"_links":{"self":[{"href":"https:\/\/mikeladzenailstore.com\/sk\/wp-json\/wp\/v2\/product\/8930","targetHints":{"allow":["GET"]}}],"collection":[{"href":"https:\/\/mikeladzenailstore.com\/sk\/wp-json\/wp\/v2\/product"}],"about":[{"href":"https:\/\/mikeladzenailstore.com\/sk\/wp-json\/wp\/v2\/types\/product"}],"replies":[{"embeddable":true,"href":"https:\/\/mikeladzenailstore.com\/sk\/wp-json\/wp\/v2\/comments?post=8930"}],"version-history":[{"count":0,"href":"https:\/\/mikeladzenailstore.com\/sk\/wp-json\/wp\/v2\/product\/8930\/revisions"}],"wp:featuredmedia":[{"embeddable":true,"href":"https:\/\/mikeladzenailstore.com\/sk\/wp-json\/wp\/v2\/media\/2830"}],"wp:attachment":[{"href":"https:\/\/mikeladzenailstore.com\/sk\/wp-json\/wp\/v2\/media?parent=8930"}],"wp:term":[{"taxonomy":"pwb-brand","embeddable":true,"href":"https:\/\/mikeladzenailstore.com\/sk\/wp-json\/wp\/v2\/pwb-brand?post=8930"},{"taxonomy":"product_brand","embeddable":true,"href":"https:\/\/mikeladzenailstore.com\/sk\/wp-json\/wp\/v2\/product_brand?post=8930"},{"taxonomy":"product_cat","embeddable":true,"href":"https:\/\/mikeladzenailstore.com\/sk\/wp-json\/wp\/v2\/product_cat?post=8930"},{"taxonomy":"product_tag","embeddable":true,"href":"https:\/\/mikeladzenailstore.com\/sk\/wp-json\/wp\/v2\/product_tag?post=8930"},{"taxonomy":"berocket_brand","embeddable":true,"href":"https:\/\/mikeladzenailstore.com\/sk\/wp-json\/wp\/v2\/berocket_brand?post=8930"}],"curies":[{"name":"wp","href":"https:\/\/api.w.org\/{rel}","templated":true}]}}