{"id":8954,"date":"2025-11-15T12:06:44","date_gmt":"2025-11-15T12:06:44","guid":{"rendered":"https:\/\/mikeladzenailstore.com\/p\/pink-super-gel-business-%e2%84%965-30-ml\/"},"modified":"2025-11-15T12:06:44","modified_gmt":"2025-11-15T12:06:44","slug":"pink-super-gel-business-%e2%84%965-30-ml","status":"publish","type":"product","link":"https:\/\/mikeladzenailstore.com\/sk\/produkt\/pink-super-gel-business-%e2%84%965-30-ml\/","title":{"rendered":"PINK Super Gel Business \u21165 \/30 ml"},"content":{"rendered":"<p>Kolekce Business gel\u016f &#8211;  n\u00e1dhern\u00e9, elegantn\u00ed a nude odst\u00edny. Navr\u017een\u00e9 pro \u017eeny, kter\u00e9 miluj\u00ed styl \u201eOld Money\u201c a oce\u0148uj\u00ed rychlost. V\u017edy\u0165 sta\u010d\u00ed zakr\u00fdt v jedn\u00e9 vrstv\u011b a \u201edrah\u00e1\u201c manik\u00fara je hotov\u00e1.<\/p>\n<p>Jedn\u00e1 se o gely velmi pohodln\u00e9 st\u0159edn\u00ed konzistence, sp\u00ed\u0161e tekut\u00e9. Pevn\u00e9, d\u00edky t\u00e9to konzistenci jsou vhodn\u00e9 jak pro zpevn\u011bn\u00ed (umo\u017e\u0148uj\u00ed nan\u00e1\u0161en\u00ed gelu tence), tak pro modelov\u00e1n\u00ed d\u00e9lky neht\u016f.<\/p>\n","protected":false},"excerpt":{"rendered":"<p>Kolekce Business gel\u016f &#8211; n\u00e1dhern\u00e9, elegantn\u00ed a nude odst\u00edny. Navr\u017een\u00e9 pro \u017eeny, kter\u00e9 miluj\u00ed styl \u201eOld Money\u201c a oce\u0148uj\u00ed rychlost. V\u017edy\u0165 sta\u010d\u00ed zakr\u00fdt v jedn\u00e9 vrstv\u011b a \u201edrah\u00e1\u201c manik\u00fara je hotov\u00e1. Jedn\u00e1 se o gely velmi pohodln\u00e9 st\u0159edn\u00ed konzistence, sp\u00ed\u0161e tekut\u00e9. Pevn\u00e9, d\u00edky t\u00e9to konzistenci jsou vhodn\u00e9 jak pro zpevn\u011bn\u00ed (umo\u017e\u0148uj\u00ed nan\u00e1\u0161en\u00ed gelu tence), tak [&hellip;]<\/p>\n","protected":false},"featured_media":0,"comment_status":"open","ping_status":"open","template":"","meta":[],"pwb-brand":[],"product_brand":[],"product_cat":[168],"product_tag":[],"berocket_brand":[],"class_list":{"0":"post-8954","1":"product","2":"type-product","3":"status-publish","5":"product_cat-baze-a-topy-pro-manikuru-pedikuru","7":"first","8":"outofstock","9":"taxable","10":"shipping-taxable","11":"purchasable","12":"product-type-simple"},"acf":[],"brands":[],"_links":{"self":[{"href":"https:\/\/mikeladzenailstore.com\/sk\/wp-json\/wp\/v2\/product\/8954","targetHints":{"allow":["GET"]}}],"collection":[{"href":"https:\/\/mikeladzenailstore.com\/sk\/wp-json\/wp\/v2\/product"}],"about":[{"href":"https:\/\/mikeladzenailstore.com\/sk\/wp-json\/wp\/v2\/types\/product"}],"replies":[{"embeddable":true,"href":"https:\/\/mikeladzenailstore.com\/sk\/wp-json\/wp\/v2\/comments?post=8954"}],"version-history":[{"count":0,"href":"https:\/\/mikeladzenailstore.com\/sk\/wp-json\/wp\/v2\/product\/8954\/revisions"}],"wp:attachment":[{"href":"https:\/\/mikeladzenailstore.com\/sk\/wp-json\/wp\/v2\/media?parent=8954"}],"wp:term":[{"taxonomy":"pwb-brand","embeddable":true,"href":"https:\/\/mikeladzenailstore.com\/sk\/wp-json\/wp\/v2\/pwb-brand?post=8954"},{"taxonomy":"product_brand","embeddable":true,"href":"https:\/\/mikeladzenailstore.com\/sk\/wp-json\/wp\/v2\/product_brand?post=8954"},{"taxonomy":"product_cat","embeddable":true,"href":"https:\/\/mikeladzenailstore.com\/sk\/wp-json\/wp\/v2\/product_cat?post=8954"},{"taxonomy":"product_tag","embeddable":true,"href":"https:\/\/mikeladzenailstore.com\/sk\/wp-json\/wp\/v2\/product_tag?post=8954"},{"taxonomy":"berocket_brand","embeddable":true,"href":"https:\/\/mikeladzenailstore.com\/sk\/wp-json\/wp\/v2\/berocket_brand?post=8954"}],"curies":[{"name":"wp","href":"https:\/\/api.w.org\/{rel}","templated":true}]}}