{"id":8960,"date":"2025-11-15T12:06:44","date_gmt":"2025-11-15T12:06:44","guid":{"rendered":"https:\/\/mikeladzenailstore.com\/p\/pink-super-gel-space-%e2%84%963-15-ml\/"},"modified":"2026-03-09T11:43:38","modified_gmt":"2026-03-09T11:43:38","slug":"pink-super-gel-space-%e2%84%963-15-ml","status":"publish","type":"product","link":"https:\/\/mikeladzenailstore.com\/sk\/produkt\/pink-super-gel-space-%e2%84%963-15-ml\/","title":{"rendered":"PINK Super Gel Space \u21163 \/15 ml"},"content":{"rendered":"<p>\u0158ada gel\u016f Space &#8211; jsou to gely pro okouzluj\u00edc\u00ed a leskl\u00e9 nehty s french designem nebo pro p\u016fsobiv\u00e9 prodlou\u017een\u00e9 nehty. Gely se skl\u00e1daj\u00ed z brok\u00e1tov\u00fdch t\u0159pytek. D\u00edky velk\u00e9mu obsahu t\u0159pytek jsou gely hust\u00e9 a super pevn\u00e9. Gely jsou vhodn\u00e9 jak pro model\u00e1\u017e, tak pro zpevn\u011bn\u00ed neht\u016f.<\/p>\n<p>Polymerace v lamp\u011b po dobu 1 min.<\/p>\n","protected":false},"excerpt":{"rendered":"<p>\u0158ada gel\u016f Space &#8211; jsou to gely pro okouzluj\u00edc\u00ed a leskl\u00e9 nehty s french designem nebo pro p\u016fsobiv\u00e9 prodlou\u017een\u00e9 nehty. Gely se skl\u00e1daj\u00ed z brok\u00e1tov\u00fdch t\u0159pytek. D\u00edky velk\u00e9mu obsahu t\u0159pytek jsou gely hust\u00e9 a super pevn\u00e9. Gely jsou vhodn\u00e9 jak pro model\u00e1\u017e, tak pro zpevn\u011bn\u00ed neht\u016f. Polymerace v lamp\u011b po dobu 1 min.<\/p>\n","protected":false},"featured_media":4931,"comment_status":"open","ping_status":"closed","template":"","meta":[],"pwb-brand":[],"product_brand":[],"product_cat":[508,652],"product_tag":[],"berocket_brand":[560],"class_list":{"0":"post-8960","1":"product","2":"type-product","3":"status-publish","4":"has-post-thumbnail","6":"product_cat-builder-gel-gel-jelly","7":"product_cat-builder-gely-pink","8":"berocket_brand-pink","10":"first","11":"outofstock","12":"taxable","13":"shipping-taxable","14":"purchasable","15":"product-type-simple"},"acf":[],"brands":[],"_links":{"self":[{"href":"https:\/\/mikeladzenailstore.com\/sk\/wp-json\/wp\/v2\/product\/8960","targetHints":{"allow":["GET"]}}],"collection":[{"href":"https:\/\/mikeladzenailstore.com\/sk\/wp-json\/wp\/v2\/product"}],"about":[{"href":"https:\/\/mikeladzenailstore.com\/sk\/wp-json\/wp\/v2\/types\/product"}],"replies":[{"embeddable":true,"href":"https:\/\/mikeladzenailstore.com\/sk\/wp-json\/wp\/v2\/comments?post=8960"}],"version-history":[{"count":0,"href":"https:\/\/mikeladzenailstore.com\/sk\/wp-json\/wp\/v2\/product\/8960\/revisions"}],"wp:featuredmedia":[{"embeddable":true,"href":"https:\/\/mikeladzenailstore.com\/sk\/wp-json\/wp\/v2\/media\/4931"}],"wp:attachment":[{"href":"https:\/\/mikeladzenailstore.com\/sk\/wp-json\/wp\/v2\/media?parent=8960"}],"wp:term":[{"taxonomy":"pwb-brand","embeddable":true,"href":"https:\/\/mikeladzenailstore.com\/sk\/wp-json\/wp\/v2\/pwb-brand?post=8960"},{"taxonomy":"product_brand","embeddable":true,"href":"https:\/\/mikeladzenailstore.com\/sk\/wp-json\/wp\/v2\/product_brand?post=8960"},{"taxonomy":"product_cat","embeddable":true,"href":"https:\/\/mikeladzenailstore.com\/sk\/wp-json\/wp\/v2\/product_cat?post=8960"},{"taxonomy":"product_tag","embeddable":true,"href":"https:\/\/mikeladzenailstore.com\/sk\/wp-json\/wp\/v2\/product_tag?post=8960"},{"taxonomy":"berocket_brand","embeddable":true,"href":"https:\/\/mikeladzenailstore.com\/sk\/wp-json\/wp\/v2\/berocket_brand?post=8960"}],"curies":[{"name":"wp","href":"https:\/\/api.w.org\/{rel}","templated":true}]}}