{"id":8969,"date":"2025-11-15T12:06:44","date_gmt":"2025-11-15T12:06:44","guid":{"rendered":"https:\/\/mikeladzenailstore.com\/p\/pink-super-gel-lolly-15-ml-pop-%e2%84%966\/"},"modified":"2026-03-09T11:43:10","modified_gmt":"2026-03-09T11:43:10","slug":"pink-super-gel-lolly-15-ml-pop-%e2%84%966","status":"publish","type":"product","link":"https:\/\/mikeladzenailstore.com\/sk\/produkt\/pink-super-gel-lolly-15-ml-pop-%e2%84%966\/","title":{"rendered":"Pink Super Gel Lolly 15 ml Pop \u21166"},"content":{"rendered":"<p>P\u0159edstavujeme novou kolekci stavebn\u00edch tvrd\u00fdch gel\u016f z \u0159ady Super Gel.<\/p>\n<p>Jedn\u00e1 se o gely velmi pohodln\u00e9 st\u0159edn\u00ed konzistence, sp\u00ed\u0161e tekut\u00e9. Pevn\u00e9, d\u00edky t\u00e9to konzistenci jsou vhodn\u00e9 jak pro zpevn\u011bn\u00ed neht\u016f (umo\u017e\u0148uj\u00ed nan\u00e1\u0161en\u00ed gelu tence), tak pro modelov\u00e1n\u00ed d\u00e9lky neht\u016f.<\/p>\n<p>Kolekce Lolly Pop je jarn\u00ed-letn\u00ed kolekce stavebn\u00edch gel\u016f st\u0159edn\u00ed konzistence, n\u00e1chyln\u011bj\u0161\u00ed k tekutosti.\u00a0 Jedn\u00e1 se o siln\u00e9 gely, kter\u00e9 jsou ide\u00e1ln\u00ed pro zpevn\u011bn\u00ed nebo modelaci libovoln\u00e9 d\u00e9lky neht\u016f .<\/p>\n","protected":false},"excerpt":{"rendered":"<p>P\u0159edstavujeme novou kolekci stavebn\u00edch tvrd\u00fdch gel\u016f z \u0159ady Super Gel. Jedn\u00e1 se o gely velmi pohodln\u00e9 st\u0159edn\u00ed konzistence, sp\u00ed\u0161e tekut\u00e9. Pevn\u00e9, d\u00edky t\u00e9to konzistenci jsou vhodn\u00e9 jak pro zpevn\u011bn\u00ed neht\u016f (umo\u017e\u0148uj\u00ed nan\u00e1\u0161en\u00ed gelu tence), tak pro modelov\u00e1n\u00ed d\u00e9lky neht\u016f. Kolekce Lolly Pop je jarn\u00ed-letn\u00ed kolekce stavebn\u00edch gel\u016f st\u0159edn\u00ed konzistence, n\u00e1chyln\u011bj\u0161\u00ed k tekutosti.\u00a0 Jedn\u00e1 se o [&hellip;]<\/p>\n","protected":false},"featured_media":4939,"comment_status":"open","ping_status":"closed","template":"","meta":[],"pwb-brand":[],"product_brand":[],"product_cat":[508,652],"product_tag":[],"berocket_brand":[560],"class_list":{"0":"post-8969","1":"product","2":"type-product","3":"status-publish","4":"has-post-thumbnail","6":"product_cat-builder-gel-gel-jelly","7":"product_cat-builder-gely-pink","8":"berocket_brand-pink","10":"first","11":"outofstock","12":"taxable","13":"shipping-taxable","14":"purchasable","15":"product-type-simple"},"acf":[],"brands":[],"_links":{"self":[{"href":"https:\/\/mikeladzenailstore.com\/sk\/wp-json\/wp\/v2\/product\/8969","targetHints":{"allow":["GET"]}}],"collection":[{"href":"https:\/\/mikeladzenailstore.com\/sk\/wp-json\/wp\/v2\/product"}],"about":[{"href":"https:\/\/mikeladzenailstore.com\/sk\/wp-json\/wp\/v2\/types\/product"}],"replies":[{"embeddable":true,"href":"https:\/\/mikeladzenailstore.com\/sk\/wp-json\/wp\/v2\/comments?post=8969"}],"version-history":[{"count":0,"href":"https:\/\/mikeladzenailstore.com\/sk\/wp-json\/wp\/v2\/product\/8969\/revisions"}],"wp:featuredmedia":[{"embeddable":true,"href":"https:\/\/mikeladzenailstore.com\/sk\/wp-json\/wp\/v2\/media\/4939"}],"wp:attachment":[{"href":"https:\/\/mikeladzenailstore.com\/sk\/wp-json\/wp\/v2\/media?parent=8969"}],"wp:term":[{"taxonomy":"pwb-brand","embeddable":true,"href":"https:\/\/mikeladzenailstore.com\/sk\/wp-json\/wp\/v2\/pwb-brand?post=8969"},{"taxonomy":"product_brand","embeddable":true,"href":"https:\/\/mikeladzenailstore.com\/sk\/wp-json\/wp\/v2\/product_brand?post=8969"},{"taxonomy":"product_cat","embeddable":true,"href":"https:\/\/mikeladzenailstore.com\/sk\/wp-json\/wp\/v2\/product_cat?post=8969"},{"taxonomy":"product_tag","embeddable":true,"href":"https:\/\/mikeladzenailstore.com\/sk\/wp-json\/wp\/v2\/product_tag?post=8969"},{"taxonomy":"berocket_brand","embeddable":true,"href":"https:\/\/mikeladzenailstore.com\/sk\/wp-json\/wp\/v2\/berocket_brand?post=8969"}],"curies":[{"name":"wp","href":"https:\/\/api.w.org\/{rel}","templated":true}]}}