{"id":8981,"date":"2025-11-15T12:06:32","date_gmt":"2025-11-15T12:06:32","guid":{"rendered":"https:\/\/mikeladzenailstore.com\/p\/nitrilove-rukavice-nitril-s-100-ks-nepudrovane-perletove-stribrne\/"},"modified":"2025-11-15T12:06:32","modified_gmt":"2025-11-15T12:06:32","slug":"nitrilove-rukavice-nitril-s-100-ks-nepudrovane-perletove-stribrne","status":"publish","type":"product","link":"https:\/\/mikeladzenailstore.com\/sk\/produkt\/nitrilove-rukavice-nitril-s-100-ks-nepudrovane-perletove-stribrne\/","title":{"rendered":"Nitrilov\u00e9 rukavice NITRIL  \u201cS\u201d 100 ks, nepudrovan\u00e9, perle\u0165ov\u011b st\u0159\u00edbrn\u00e9,"},"content":{"rendered":"<p>Siln\u00e9 nitrilov\u00e9 rukavice pro n\u00e1ro\u010dn\u00e9 \u010dinnosti<\/p>\n<p>\tZdrsn\u011bn\u00fd povrch cel\u00e9 rukavice pro lep\u0161\u00ed \u00fachop a citlivost<\/p>\n<p>\tVelmi p\u0159\u00edjemn\u011b se nos\u00ed a nezp\u016fsobuj\u00ed alergick\u00e9 reakce<\/p>\n<p>\tVnit\u0159n\u00ed povrchov\u00e1 \u00faprava pro rychl\u00e9 a snadn\u00e9 nasazen\u00ed<\/p>\n<p>\tZv\u00fd\u0161en\u00e1 odolnost proti mnoha chemick\u00fdm l\u00e1tk\u00e1m<\/p>\n","protected":false},"excerpt":{"rendered":"<p>Siln\u00e9 nitrilov\u00e9 rukavice pro n\u00e1ro\u010dn\u00e9 \u010dinnosti Zdrsn\u011bn\u00fd povrch cel\u00e9 rukavice pro lep\u0161\u00ed \u00fachop a citlivost Velmi p\u0159\u00edjemn\u011b se nos\u00ed a nezp\u016fsobuj\u00ed alergick\u00e9 reakce Vnit\u0159n\u00ed povrchov\u00e1 \u00faprava pro rychl\u00e9 a snadn\u00e9 nasazen\u00ed Zv\u00fd\u0161en\u00e1 odolnost proti mnoha chemick\u00fdm l\u00e1tk\u00e1m<\/p>\n","protected":false},"featured_media":0,"comment_status":"open","ping_status":"open","template":"","meta":[],"pwb-brand":[],"product_brand":[],"product_cat":[],"product_tag":[],"berocket_brand":[],"class_list":{"0":"post-8981","1":"product","2":"type-product","3":"status-publish","6":"first","7":"outofstock","8":"taxable","9":"shipping-taxable","10":"purchasable","11":"product-type-simple"},"acf":[],"brands":[],"_links":{"self":[{"href":"https:\/\/mikeladzenailstore.com\/sk\/wp-json\/wp\/v2\/product\/8981","targetHints":{"allow":["GET"]}}],"collection":[{"href":"https:\/\/mikeladzenailstore.com\/sk\/wp-json\/wp\/v2\/product"}],"about":[{"href":"https:\/\/mikeladzenailstore.com\/sk\/wp-json\/wp\/v2\/types\/product"}],"replies":[{"embeddable":true,"href":"https:\/\/mikeladzenailstore.com\/sk\/wp-json\/wp\/v2\/comments?post=8981"}],"version-history":[{"count":0,"href":"https:\/\/mikeladzenailstore.com\/sk\/wp-json\/wp\/v2\/product\/8981\/revisions"}],"wp:attachment":[{"href":"https:\/\/mikeladzenailstore.com\/sk\/wp-json\/wp\/v2\/media?parent=8981"}],"wp:term":[{"taxonomy":"pwb-brand","embeddable":true,"href":"https:\/\/mikeladzenailstore.com\/sk\/wp-json\/wp\/v2\/pwb-brand?post=8981"},{"taxonomy":"product_brand","embeddable":true,"href":"https:\/\/mikeladzenailstore.com\/sk\/wp-json\/wp\/v2\/product_brand?post=8981"},{"taxonomy":"product_cat","embeddable":true,"href":"https:\/\/mikeladzenailstore.com\/sk\/wp-json\/wp\/v2\/product_cat?post=8981"},{"taxonomy":"product_tag","embeddable":true,"href":"https:\/\/mikeladzenailstore.com\/sk\/wp-json\/wp\/v2\/product_tag?post=8981"},{"taxonomy":"berocket_brand","embeddable":true,"href":"https:\/\/mikeladzenailstore.com\/sk\/wp-json\/wp\/v2\/berocket_brand?post=8981"}],"curies":[{"name":"wp","href":"https:\/\/api.w.org\/{rel}","templated":true}]}}