{"id":8996,"date":"2025-11-15T12:06:32","date_gmt":"2025-11-15T12:06:32","guid":{"rendered":"https:\/\/mikeladzenailstore.com\/p\/pink-prof-shimmer-%e2%84%963\/"},"modified":"2025-11-15T12:06:32","modified_gmt":"2025-11-15T12:06:32","slug":"pink-prof-shimmer-%e2%84%963","status":"publish","type":"product","link":"https:\/\/mikeladzenailstore.com\/sk\/produkt\/pink-prof-shimmer-%e2%84%963\/","title":{"rendered":"Pink Prof Shimmer \u21163"},"content":{"rendered":"<p>PROF SHIMMER je nov\u00e1 \u0159ada profesion\u00e1ln\u00edch z\u00e1\u0159iv\u00fdch t\u0159pytek, kter\u00e9 lze p\u0159idat do jak\u00e9hokoli produktu: a\u0165 u\u017e je to gel, gel lak, gel barva, top, b\u00e1ze nebo akryl.<\/p>\n<\/p>\n<p>Jsou \u0161etrn\u00e9 ke v\u0161em produkt\u016fm, neodlupuj\u00ed se ani nem\u011bn\u00ed barvu b\u011bhem polymerace.<\/p>\n<\/p>\n<p>Pokud m\u00e1te gel nebo b\u00e1zi, kter\u00e1 stagnovala &#8211; p\u0159idejte trochu profi shimmeru a z\u00edsk\u00e1te nov\u00fd odst\u00edn ve sv\u00e9 paletce! <\/p>\n<\/p>\n<p>V\u00fdhody : <\/p>\n<p>&#8211; lze m\u00edchat s jak\u00fdmkoliv materi\u00e1lem (b\u00e1ze, gel, gel lak, top, akrylov\u00fd gel, akrylov\u00fd pr\u00e1\u0161ek atd.); <\/p>\n<p>&#8211; m\u016f\u017eete t\u0159\u00edt na velmi tepl\u00fd top;<\/p>\n<p>&#8211; mohou b\u00fdt pou\u017eity viz\u00e1\u017eisty; <\/p>\n<\/p>\n<p>V \u0159ad\u011b je 6 barev: <\/p>\n<p>PROFI SHIMMER<\/p>\n<p>1) nar\u016f\u017eov\u011bl\u00fd st\u0159\u00edbrn\u00fd jisk\u0159iv\u00fd t\u0159pyt<\/p>\n<p>2) b\u00edlo-st\u0159\u00edbrno-zlat\u00fd jisk\u0159iv\u00fd t\u0159pyt<\/p>\n<p>3) broskvov\u011b-r\u016f\u017eov\u00fd prach <\/p>\n<p>4) fialovo-r\u016f\u017eov\u00fd prach <\/p>\n<p>5) super jisk\u0159iv\u00fd st\u0159\u00edbrno-modr\u00fd t\u0159pyt <\/p>\n<p>6) st\u0159\u00edbrn\u00fd prach<\/p>\n","protected":false},"excerpt":{"rendered":"<p>PROF SHIMMER je nov\u00e1 \u0159ada profesion\u00e1ln\u00edch z\u00e1\u0159iv\u00fdch t\u0159pytek, kter\u00e9 lze p\u0159idat do jak\u00e9hokoli produktu: a\u0165 u\u017e je to gel, gel lak, gel barva, top, b\u00e1ze nebo akryl. Jsou \u0161etrn\u00e9 ke v\u0161em produkt\u016fm, neodlupuj\u00ed se ani nem\u011bn\u00ed barvu b\u011bhem polymerace. Pokud m\u00e1te gel nebo b\u00e1zi, kter\u00e1 stagnovala &#8211; p\u0159idejte trochu profi shimmeru a z\u00edsk\u00e1te nov\u00fd odst\u00edn [&hellip;]<\/p>\n","protected":false},"featured_media":0,"comment_status":"open","ping_status":"open","template":"","meta":[],"pwb-brand":[],"product_brand":[],"product_cat":[704],"product_tag":[],"berocket_brand":[],"class_list":{"0":"post-8996","1":"product","2":"type-product","3":"status-publish","5":"product_cat-slevy","7":"first","8":"instock","9":"taxable","10":"shipping-taxable","11":"purchasable","12":"product-type-simple"},"acf":[],"brands":[],"_links":{"self":[{"href":"https:\/\/mikeladzenailstore.com\/sk\/wp-json\/wp\/v2\/product\/8996","targetHints":{"allow":["GET"]}}],"collection":[{"href":"https:\/\/mikeladzenailstore.com\/sk\/wp-json\/wp\/v2\/product"}],"about":[{"href":"https:\/\/mikeladzenailstore.com\/sk\/wp-json\/wp\/v2\/types\/product"}],"replies":[{"embeddable":true,"href":"https:\/\/mikeladzenailstore.com\/sk\/wp-json\/wp\/v2\/comments?post=8996"}],"version-history":[{"count":0,"href":"https:\/\/mikeladzenailstore.com\/sk\/wp-json\/wp\/v2\/product\/8996\/revisions"}],"wp:attachment":[{"href":"https:\/\/mikeladzenailstore.com\/sk\/wp-json\/wp\/v2\/media?parent=8996"}],"wp:term":[{"taxonomy":"pwb-brand","embeddable":true,"href":"https:\/\/mikeladzenailstore.com\/sk\/wp-json\/wp\/v2\/pwb-brand?post=8996"},{"taxonomy":"product_brand","embeddable":true,"href":"https:\/\/mikeladzenailstore.com\/sk\/wp-json\/wp\/v2\/product_brand?post=8996"},{"taxonomy":"product_cat","embeddable":true,"href":"https:\/\/mikeladzenailstore.com\/sk\/wp-json\/wp\/v2\/product_cat?post=8996"},{"taxonomy":"product_tag","embeddable":true,"href":"https:\/\/mikeladzenailstore.com\/sk\/wp-json\/wp\/v2\/product_tag?post=8996"},{"taxonomy":"berocket_brand","embeddable":true,"href":"https:\/\/mikeladzenailstore.com\/sk\/wp-json\/wp\/v2\/berocket_brand?post=8996"}],"curies":[{"name":"wp","href":"https:\/\/api.w.org\/{rel}","templated":true}]}}