{"id":9011,"date":"2025-11-15T12:06:21","date_gmt":"2025-11-15T12:06:21","guid":{"rendered":"https:\/\/mikeladzenailstore.com\/p\/staleks-karbidovy-brusny-nadstavec-frustum-red-ft70r060-14\/"},"modified":"2026-01-11T12:43:44","modified_gmt":"2026-01-11T12:43:44","slug":"staleks-karbidovy-brusny-nadstavec-frustum-red-ft70r060-14","status":"publish","type":"product","link":"https:\/\/mikeladzenailstore.com\/sk\/produkt\/staleks-karbidovy-brusny-nadstavec-frustum-red-ft70r060-14\/","title":{"rendered":"Staleks Karbidov\u00fd br\u00fasny nadstavec &#8211; \u201cfrustum\u201d red &#8211; FT70R060\/14"},"content":{"rendered":"<p>Karbidov\u00e1 fr\u00e9za pro hardwarovou manik\u00faru\/pedik\u00faru.<\/p>\n<p>&#8211; \u010cerven\u00fd z\u00e1\u0159ez m\u011bkk\u00e9 tvrdosti.<\/p>\n<p>&#8211; Tvar &#8222;frustum&#8220; je ur\u010den ke korekci um\u011bl\u00e9ho nehtu, odstra\u0148ov\u00e1n\u00ed um\u011bl\u00e9ho materi\u00e1lu, opracov\u00e1n\u00ed k\u016f\u017ee chodidel a pol\u0161t\u00e1\u0159k\u016f prst\u016f u nohou v manik\u00fa\u0159e.<\/p>\n<p>&#8211; Korekce tenk\u00e9ho um\u011bl\u00e9ho materi\u00e1lu.<\/p>\n<p>&#8211; Odstran\u011bn\u00ed p\u0159ebytk\u016f materi\u00e1lu.<\/p>\n<p>&#8211; Zpracov\u00e1n\u00ed odchl\u00edpen\u00ed v bo\u010dn\u00edch nehtov\u00fdch z\u00e1hybech v pedik\u00fa\u0159e\/podologii.<\/p>\n<p>&#8211; Zpracov\u00e1n\u00ed zrohovat\u011bn\u00ed a mozol\u016f.<\/p>\n<p>&#8211; Vysoce kvalitn\u00ed kov &#8211; lze podrobit v\u0161em typ\u016fm sterilizace a dezinfekce &#8211; odoln\u00fd proti korozi.<\/p>\n<p>Pr\u016fm\u011br: 6 mm<\/p>\n<p>D\u00e9lka pracovn\u00ed \u010d\u00e1sti: 14 mm<\/p>\n","protected":false},"excerpt":{"rendered":"<p>Karbidov\u00e1 fr\u00e9za pro hardwarovou manik\u00faru\/pedik\u00faru. &#8211; \u010cerven\u00fd z\u00e1\u0159ez m\u011bkk\u00e9 tvrdosti. &#8211; Tvar &#8222;frustum&#8220; je ur\u010den ke korekci um\u011bl\u00e9ho nehtu, odstra\u0148ov\u00e1n\u00ed um\u011bl\u00e9ho materi\u00e1lu, opracov\u00e1n\u00ed k\u016f\u017ee chodidel a pol\u0161t\u00e1\u0159k\u016f prst\u016f u nohou v manik\u00fa\u0159e. &#8211; Korekce tenk\u00e9ho um\u011bl\u00e9ho materi\u00e1lu. &#8211; Odstran\u011bn\u00ed p\u0159ebytk\u016f materi\u00e1lu. &#8211; Zpracov\u00e1n\u00ed odchl\u00edpen\u00ed v bo\u010dn\u00edch nehtov\u00fdch z\u00e1hybech v pedik\u00fa\u0159e\/podologii. &#8211; Zpracov\u00e1n\u00ed zrohovat\u011bn\u00ed a mozol\u016f. [&hellip;]<\/p>\n","protected":false},"featured_media":4889,"comment_status":"open","ping_status":"closed","template":"","meta":[],"pwb-brand":[],"product_brand":[],"product_cat":[693],"product_tag":[],"berocket_brand":[436],"class_list":{"0":"post-9011","1":"product","2":"type-product","3":"status-publish","4":"has-post-thumbnail","6":"product_cat-karbidove-frezy","7":"berocket_brand-staleks","9":"first","10":"outofstock","11":"taxable","12":"shipping-taxable","13":"purchasable","14":"product-type-simple"},"acf":[],"brands":[],"_links":{"self":[{"href":"https:\/\/mikeladzenailstore.com\/sk\/wp-json\/wp\/v2\/product\/9011","targetHints":{"allow":["GET"]}}],"collection":[{"href":"https:\/\/mikeladzenailstore.com\/sk\/wp-json\/wp\/v2\/product"}],"about":[{"href":"https:\/\/mikeladzenailstore.com\/sk\/wp-json\/wp\/v2\/types\/product"}],"replies":[{"embeddable":true,"href":"https:\/\/mikeladzenailstore.com\/sk\/wp-json\/wp\/v2\/comments?post=9011"}],"version-history":[{"count":0,"href":"https:\/\/mikeladzenailstore.com\/sk\/wp-json\/wp\/v2\/product\/9011\/revisions"}],"wp:featuredmedia":[{"embeddable":true,"href":"https:\/\/mikeladzenailstore.com\/sk\/wp-json\/wp\/v2\/media\/4889"}],"wp:attachment":[{"href":"https:\/\/mikeladzenailstore.com\/sk\/wp-json\/wp\/v2\/media?parent=9011"}],"wp:term":[{"taxonomy":"pwb-brand","embeddable":true,"href":"https:\/\/mikeladzenailstore.com\/sk\/wp-json\/wp\/v2\/pwb-brand?post=9011"},{"taxonomy":"product_brand","embeddable":true,"href":"https:\/\/mikeladzenailstore.com\/sk\/wp-json\/wp\/v2\/product_brand?post=9011"},{"taxonomy":"product_cat","embeddable":true,"href":"https:\/\/mikeladzenailstore.com\/sk\/wp-json\/wp\/v2\/product_cat?post=9011"},{"taxonomy":"product_tag","embeddable":true,"href":"https:\/\/mikeladzenailstore.com\/sk\/wp-json\/wp\/v2\/product_tag?post=9011"},{"taxonomy":"berocket_brand","embeddable":true,"href":"https:\/\/mikeladzenailstore.com\/sk\/wp-json\/wp\/v2\/berocket_brand?post=9011"}],"curies":[{"name":"wp","href":"https:\/\/api.w.org\/{rel}","templated":true}]}}