{"id":9038,"date":"2025-11-15T12:06:11","date_gmt":"2025-11-15T12:06:11","guid":{"rendered":"https:\/\/mikeladzenailstore.com\/p\/liquid-3-in-1-cleanserdehydration-brush-cleaner-jz-nails-group\/"},"modified":"2026-04-15T17:22:38","modified_gmt":"2026-04-15T17:22:38","slug":"liquid-3-in-1-cleanserdehydration-brush-cleaner-jz-nails-group","status":"publish","type":"product","link":"https:\/\/mikeladzenailstore.com\/sk\/produkt\/liquid-3-in-1-cleanserdehydration-brush-cleaner-jz-nails-group\/","title":{"rendered":"Liquid 3 in 1 (Cleanser+dehydration+ brush cleaner) JZ Nails Group"},"content":{"rendered":"<p>Liquid All in One \u2013 univerz\u00e1ln\u00ed p\u0159\u00edpravek pro odma\u0161t\u011bn\u00ed, dezinfekci a dehydrataci p\u0159\u00edrodn\u00ed nehtov\u00e9 plot\u00e9nky p\u0159ed aplikac\u00ed jak\u00e9hokoli typu um\u011bl\u00e9ho materi\u00e1lu: lak, gel-lak, gel, polygel, akryl.<\/p>\n<p>D\u00edky o\u010di\u0161t\u011bn\u00e9mu slo\u017een\u00ed rozpou\u0161t\u011bdel zabra\u0148uje odlupov\u00e1n\u00ed a od\u0161t\u011bpov\u00e1n\u00ed materi\u00e1lu, m\u00e1 zv\u00fd\u0161en\u00fd antiseptick\u00fd \u00fa\u010dinek.<\/p>\n<p>P\u0159\u00edpravek je ide\u00e1ln\u00ed pro pr\u00e1ci s polygely \u2013 nenaru\u0161uje jejich konzistenci ani formuli b\u011bhem polymerace a z\u00e1rove\u0148 skv\u011ble \u010dist\u00ed \u0161t\u011btce.<\/p>\n<p>Vyvinuto Juli\u00ed Zvarych pro univerz\u00e1ln\u00ed pou\u017eit\u00ed profesion\u00e1l\u016f!<\/p>\n<p>All in One<\/p>\n<p>Pouze pro profesion\u00e1ln\u00ed pou\u017eit\u00ed.<\/p>\n<p>Vyhn\u011bte se kontaktu se sliznicemi a dlouhodob\u00e9mu kontaktu s poko\u017ekou.<\/p>\n<p>Slo\u017een\u00ed: isopropyl alcohol, Isobutyl acetate, dimethyl ketone, Violet 2C| 60725<\/p>\n","protected":false},"excerpt":{"rendered":"<p>Liquid All in One \u2013 univerz\u00e1ln\u00ed p\u0159\u00edpravek pro odma\u0161t\u011bn\u00ed, dezinfekci a dehydrataci p\u0159\u00edrodn\u00ed nehtov\u00e9 plot\u00e9nky p\u0159ed aplikac\u00ed jak\u00e9hokoli typu um\u011bl\u00e9ho materi\u00e1lu: lak, gel-lak, gel, polygel, akryl. D\u00edky o\u010di\u0161t\u011bn\u00e9mu slo\u017een\u00ed rozpou\u0161t\u011bdel zabra\u0148uje odlupov\u00e1n\u00ed a od\u0161t\u011bpov\u00e1n\u00ed materi\u00e1lu, m\u00e1 zv\u00fd\u0161en\u00fd antiseptick\u00fd \u00fa\u010dinek. P\u0159\u00edpravek je ide\u00e1ln\u00ed pro pr\u00e1ci s polygely \u2013 nenaru\u0161uje jejich konzistenci ani formuli b\u011bhem polymerace a [&hellip;]<\/p>\n","protected":false},"featured_media":4875,"comment_status":"open","ping_status":"closed","template":"","meta":[],"pwb-brand":[],"product_brand":[],"product_cat":[496,497],"product_tag":[],"berocket_brand":[557],"class_list":{"0":"post-9038","1":"product","2":"type-product","3":"status-publish","4":"has-post-thumbnail","6":"product_cat-bestseller","7":"product_cat-specialni-prostredky","8":"berocket_brand-jz-nails-group","10":"first","11":"instock","12":"taxable","13":"shipping-taxable","14":"purchasable","15":"product-type-simple"},"acf":[],"brands":[],"_links":{"self":[{"href":"https:\/\/mikeladzenailstore.com\/sk\/wp-json\/wp\/v2\/product\/9038","targetHints":{"allow":["GET"]}}],"collection":[{"href":"https:\/\/mikeladzenailstore.com\/sk\/wp-json\/wp\/v2\/product"}],"about":[{"href":"https:\/\/mikeladzenailstore.com\/sk\/wp-json\/wp\/v2\/types\/product"}],"replies":[{"embeddable":true,"href":"https:\/\/mikeladzenailstore.com\/sk\/wp-json\/wp\/v2\/comments?post=9038"}],"version-history":[{"count":0,"href":"https:\/\/mikeladzenailstore.com\/sk\/wp-json\/wp\/v2\/product\/9038\/revisions"}],"wp:featuredmedia":[{"embeddable":true,"href":"https:\/\/mikeladzenailstore.com\/sk\/wp-json\/wp\/v2\/media\/4875"}],"wp:attachment":[{"href":"https:\/\/mikeladzenailstore.com\/sk\/wp-json\/wp\/v2\/media?parent=9038"}],"wp:term":[{"taxonomy":"pwb-brand","embeddable":true,"href":"https:\/\/mikeladzenailstore.com\/sk\/wp-json\/wp\/v2\/pwb-brand?post=9038"},{"taxonomy":"product_brand","embeddable":true,"href":"https:\/\/mikeladzenailstore.com\/sk\/wp-json\/wp\/v2\/product_brand?post=9038"},{"taxonomy":"product_cat","embeddable":true,"href":"https:\/\/mikeladzenailstore.com\/sk\/wp-json\/wp\/v2\/product_cat?post=9038"},{"taxonomy":"product_tag","embeddable":true,"href":"https:\/\/mikeladzenailstore.com\/sk\/wp-json\/wp\/v2\/product_tag?post=9038"},{"taxonomy":"berocket_brand","embeddable":true,"href":"https:\/\/mikeladzenailstore.com\/sk\/wp-json\/wp\/v2\/berocket_brand?post=9038"}],"curies":[{"name":"wp","href":"https:\/\/api.w.org\/{rel}","templated":true}]}}