{"id":9050,"date":"2025-11-15T12:06:11","date_gmt":"2025-11-15T12:06:11","guid":{"rendered":"https:\/\/mikeladzenailstore.com\/p\/podo-sponge-120-grit-jz-nails-group\/"},"modified":"2025-11-15T12:06:11","modified_gmt":"2025-11-15T12:06:11","slug":"podo-sponge-120-grit-jz-nails-group","status":"publish","type":"product","link":"https:\/\/mikeladzenailstore.com\/sk\/produkt\/podo-sponge-120-grit-jz-nails-group\/","title":{"rendered":"Podo sponge 120 grit JZ Nails Group"},"content":{"rendered":"<\/p>\n<p>V\u00fdm\u011bnn\u00e9  piln\u00edk Podo. Pr\u016fm\u011br 20 mm<\/p>\n<\/p>\n<p>Podo buff &#8211; zrnitost 120 grit (bezpe\u010dn\u00e9 zpracov\u00e1n\u00ed na p\u011bnov\u00e9m podkladu. Zrnitost je ekvivalentn\u00ed piln\u00edku, ale d\u00edky m\u011bkk\u00e9 p\u011bnov\u00e9 z\u00e1kladn\u011b lze o\u0161et\u0159ovat i jemn\u00e1 m\u00edsta poko\u017eky nohou) <\/p>\n","protected":false},"excerpt":{"rendered":"<p>V\u00fdm\u011bnn\u00e9 piln\u00edk Podo. Pr\u016fm\u011br 20 mm Podo buff &#8211; zrnitost 120 grit (bezpe\u010dn\u00e9 zpracov\u00e1n\u00ed na p\u011bnov\u00e9m podkladu. Zrnitost je ekvivalentn\u00ed piln\u00edku, ale d\u00edky m\u011bkk\u00e9 p\u011bnov\u00e9 z\u00e1kladn\u011b lze o\u0161et\u0159ovat i jemn\u00e1 m\u00edsta poko\u017eky nohou)<\/p>\n","protected":false},"featured_media":4879,"comment_status":"open","ping_status":"open","template":"","meta":[],"pwb-brand":[],"product_brand":[],"product_cat":[205],"product_tag":[],"berocket_brand":[557],"class_list":{"0":"post-9050","1":"product","2":"type-product","3":"status-publish","4":"has-post-thumbnail","6":"product_cat-pedikura","7":"berocket_brand-jz-nails-group","9":"first","10":"instock","11":"taxable","12":"shipping-taxable","13":"purchasable","14":"product-type-simple"},"acf":[],"brands":[],"_links":{"self":[{"href":"https:\/\/mikeladzenailstore.com\/sk\/wp-json\/wp\/v2\/product\/9050","targetHints":{"allow":["GET"]}}],"collection":[{"href":"https:\/\/mikeladzenailstore.com\/sk\/wp-json\/wp\/v2\/product"}],"about":[{"href":"https:\/\/mikeladzenailstore.com\/sk\/wp-json\/wp\/v2\/types\/product"}],"replies":[{"embeddable":true,"href":"https:\/\/mikeladzenailstore.com\/sk\/wp-json\/wp\/v2\/comments?post=9050"}],"version-history":[{"count":0,"href":"https:\/\/mikeladzenailstore.com\/sk\/wp-json\/wp\/v2\/product\/9050\/revisions"}],"wp:featuredmedia":[{"embeddable":true,"href":"https:\/\/mikeladzenailstore.com\/sk\/wp-json\/wp\/v2\/media\/4879"}],"wp:attachment":[{"href":"https:\/\/mikeladzenailstore.com\/sk\/wp-json\/wp\/v2\/media?parent=9050"}],"wp:term":[{"taxonomy":"pwb-brand","embeddable":true,"href":"https:\/\/mikeladzenailstore.com\/sk\/wp-json\/wp\/v2\/pwb-brand?post=9050"},{"taxonomy":"product_brand","embeddable":true,"href":"https:\/\/mikeladzenailstore.com\/sk\/wp-json\/wp\/v2\/product_brand?post=9050"},{"taxonomy":"product_cat","embeddable":true,"href":"https:\/\/mikeladzenailstore.com\/sk\/wp-json\/wp\/v2\/product_cat?post=9050"},{"taxonomy":"product_tag","embeddable":true,"href":"https:\/\/mikeladzenailstore.com\/sk\/wp-json\/wp\/v2\/product_tag?post=9050"},{"taxonomy":"berocket_brand","embeddable":true,"href":"https:\/\/mikeladzenailstore.com\/sk\/wp-json\/wp\/v2\/berocket_brand?post=9050"}],"curies":[{"name":"wp","href":"https:\/\/api.w.org\/{rel}","templated":true}]}}