{"id":9053,"date":"2025-11-15T12:06:11","date_gmt":"2025-11-15T12:06:11","guid":{"rendered":"https:\/\/mikeladzenailstore.com\/p\/podo-file-150-grit-jz-nails-group\/"},"modified":"2025-11-15T12:06:11","modified_gmt":"2025-11-15T12:06:11","slug":"podo-file-150-grit-jz-nails-group","status":"publish","type":"product","link":"https:\/\/mikeladzenailstore.com\/sk\/produkt\/podo-file-150-grit-jz-nails-group\/","title":{"rendered":"Podo file  150 grit JZ Nails Group"},"content":{"rendered":"<p>V\u00fdm\u011bnn\u00fd piln\u00edk o hrubosti 150 grit<\/p>\n<\/p>\n<p>V\u00fdm\u011bnn\u00fd piln\u00edk pro pododisky na chodidla 20 mm, m\u00e1 b\u00edlou estetickou barvu, je vyroben z kvalitn\u00edho japonsk\u00e9ho brusn\u00e9ho pap\u00edru, kter\u00fd umo\u017e\u0148uje stabiln\u00ed pr\u00e1ci po celou dobu pedik\u00fary i p\u0159i siln\u00e9 kerat\u00f3ze \u010di hydratuj\u00edc\u00ed pr\u00e1ci. M\u00e1 siln\u011b p\u0159ilnavou z\u00e1kladnu. <\/p>\n<\/p>\n<p>S hrubosti 150 grit (i p\u0159es svoj\u00ed  drobnou zrnitost) se pracuje  profesion\u00e1ln\u011b a jemn\u011b i s hrubou poko\u017ekou.<\/p>\n<\/p>\n<p> Piln\u00edk je jednor\u00e1zov\u00fd &#8211; nutnost likvidace po pou\u017eit\u00ed. Nepodl\u00e9h\u00e1 zpracov\u00e1n\u00ed a op\u011btovn\u00e9mu pou\u017eit\u00ed. <\/p>\n<\/p>\n<p>Mno\u017estv\u00ed v balen\u00ed je 50 kus\u016f<\/p>\n","protected":false},"excerpt":{"rendered":"<p>V\u00fdm\u011bnn\u00fd piln\u00edk o hrubosti 150 grit V\u00fdm\u011bnn\u00fd piln\u00edk pro pododisky na chodidla 20 mm, m\u00e1 b\u00edlou estetickou barvu, je vyroben z kvalitn\u00edho japonsk\u00e9ho brusn\u00e9ho pap\u00edru, kter\u00fd umo\u017e\u0148uje stabiln\u00ed pr\u00e1ci po celou dobu pedik\u00fary i p\u0159i siln\u00e9 kerat\u00f3ze \u010di hydratuj\u00edc\u00ed pr\u00e1ci. M\u00e1 siln\u011b p\u0159ilnavou z\u00e1kladnu. S hrubosti 150 grit (i p\u0159es svoj\u00ed drobnou zrnitost) se pracuje [&hellip;]<\/p>\n","protected":false},"featured_media":4880,"comment_status":"open","ping_status":"open","template":"","meta":[],"pwb-brand":[],"product_brand":[],"product_cat":[205],"product_tag":[],"berocket_brand":[],"class_list":{"0":"post-9053","1":"product","2":"type-product","3":"status-publish","4":"has-post-thumbnail","6":"product_cat-pedikura","8":"first","9":"outofstock","10":"taxable","11":"shipping-taxable","12":"purchasable","13":"product-type-simple"},"acf":[],"brands":[],"_links":{"self":[{"href":"https:\/\/mikeladzenailstore.com\/sk\/wp-json\/wp\/v2\/product\/9053","targetHints":{"allow":["GET"]}}],"collection":[{"href":"https:\/\/mikeladzenailstore.com\/sk\/wp-json\/wp\/v2\/product"}],"about":[{"href":"https:\/\/mikeladzenailstore.com\/sk\/wp-json\/wp\/v2\/types\/product"}],"replies":[{"embeddable":true,"href":"https:\/\/mikeladzenailstore.com\/sk\/wp-json\/wp\/v2\/comments?post=9053"}],"version-history":[{"count":0,"href":"https:\/\/mikeladzenailstore.com\/sk\/wp-json\/wp\/v2\/product\/9053\/revisions"}],"wp:featuredmedia":[{"embeddable":true,"href":"https:\/\/mikeladzenailstore.com\/sk\/wp-json\/wp\/v2\/media\/4880"}],"wp:attachment":[{"href":"https:\/\/mikeladzenailstore.com\/sk\/wp-json\/wp\/v2\/media?parent=9053"}],"wp:term":[{"taxonomy":"pwb-brand","embeddable":true,"href":"https:\/\/mikeladzenailstore.com\/sk\/wp-json\/wp\/v2\/pwb-brand?post=9053"},{"taxonomy":"product_brand","embeddable":true,"href":"https:\/\/mikeladzenailstore.com\/sk\/wp-json\/wp\/v2\/product_brand?post=9053"},{"taxonomy":"product_cat","embeddable":true,"href":"https:\/\/mikeladzenailstore.com\/sk\/wp-json\/wp\/v2\/product_cat?post=9053"},{"taxonomy":"product_tag","embeddable":true,"href":"https:\/\/mikeladzenailstore.com\/sk\/wp-json\/wp\/v2\/product_tag?post=9053"},{"taxonomy":"berocket_brand","embeddable":true,"href":"https:\/\/mikeladzenailstore.com\/sk\/wp-json\/wp\/v2\/berocket_brand?post=9053"}],"curies":[{"name":"wp","href":"https:\/\/api.w.org\/{rel}","templated":true}]}}