{"id":9056,"date":"2025-11-15T12:06:11","date_gmt":"2025-11-15T12:06:11","guid":{"rendered":"https:\/\/mikeladzenailstore.com\/p\/podo-sponge-180-grit-jz-nails-group-25-kusu\/"},"modified":"2025-11-15T12:06:11","modified_gmt":"2025-11-15T12:06:11","slug":"podo-sponge-180-grit-jz-nails-group-25-kusu","status":"publish","type":"product","link":"https:\/\/mikeladzenailstore.com\/sk\/produkt\/podo-sponge-180-grit-jz-nails-group-25-kusu\/","title":{"rendered":"Podo sponge 180 grit JZ Nails Group 25 kusu"},"content":{"rendered":"<p>v\u00fdm\u011bnn\u00e9 piln\u00edk Podo. Pr\u016fm\u011br 20 mm<\/p>\n<\/p>\n<p>Podo buff (brusivo) &#8211; zrnitost 180 grit &#8211; pou\u017eit\u00ed pro posledn\u00ed f\u00e1ze o\u0161et\u0159en\u00ed nohou. Ide\u00e1ln\u00ed pro pr\u00e1ci s olejem IQ<\/p>\n","protected":false},"excerpt":{"rendered":"<p>v\u00fdm\u011bnn\u00e9 piln\u00edk Podo. Pr\u016fm\u011br 20 mm Podo buff (brusivo) &#8211; zrnitost 180 grit &#8211; pou\u017eit\u00ed pro posledn\u00ed f\u00e1ze o\u0161et\u0159en\u00ed nohou. Ide\u00e1ln\u00ed pro pr\u00e1ci s olejem IQ<\/p>\n","protected":false},"featured_media":4881,"comment_status":"open","ping_status":"open","template":"","meta":[],"pwb-brand":[],"product_brand":[],"product_cat":[205],"product_tag":[],"berocket_brand":[],"class_list":{"0":"post-9056","1":"product","2":"type-product","3":"status-publish","4":"has-post-thumbnail","6":"product_cat-pedikura","8":"first","9":"instock","10":"taxable","11":"shipping-taxable","12":"purchasable","13":"product-type-simple"},"acf":[],"brands":[],"_links":{"self":[{"href":"https:\/\/mikeladzenailstore.com\/sk\/wp-json\/wp\/v2\/product\/9056","targetHints":{"allow":["GET"]}}],"collection":[{"href":"https:\/\/mikeladzenailstore.com\/sk\/wp-json\/wp\/v2\/product"}],"about":[{"href":"https:\/\/mikeladzenailstore.com\/sk\/wp-json\/wp\/v2\/types\/product"}],"replies":[{"embeddable":true,"href":"https:\/\/mikeladzenailstore.com\/sk\/wp-json\/wp\/v2\/comments?post=9056"}],"version-history":[{"count":0,"href":"https:\/\/mikeladzenailstore.com\/sk\/wp-json\/wp\/v2\/product\/9056\/revisions"}],"wp:featuredmedia":[{"embeddable":true,"href":"https:\/\/mikeladzenailstore.com\/sk\/wp-json\/wp\/v2\/media\/4881"}],"wp:attachment":[{"href":"https:\/\/mikeladzenailstore.com\/sk\/wp-json\/wp\/v2\/media?parent=9056"}],"wp:term":[{"taxonomy":"pwb-brand","embeddable":true,"href":"https:\/\/mikeladzenailstore.com\/sk\/wp-json\/wp\/v2\/pwb-brand?post=9056"},{"taxonomy":"product_brand","embeddable":true,"href":"https:\/\/mikeladzenailstore.com\/sk\/wp-json\/wp\/v2\/product_brand?post=9056"},{"taxonomy":"product_cat","embeddable":true,"href":"https:\/\/mikeladzenailstore.com\/sk\/wp-json\/wp\/v2\/product_cat?post=9056"},{"taxonomy":"product_tag","embeddable":true,"href":"https:\/\/mikeladzenailstore.com\/sk\/wp-json\/wp\/v2\/product_tag?post=9056"},{"taxonomy":"berocket_brand","embeddable":true,"href":"https:\/\/mikeladzenailstore.com\/sk\/wp-json\/wp\/v2\/berocket_brand?post=9056"}],"curies":[{"name":"wp","href":"https:\/\/api.w.org\/{rel}","templated":true}]}}