{"id":9065,"date":"2025-11-15T12:06:00","date_gmt":"2025-11-15T12:06:00","guid":{"rendered":"https:\/\/mikeladzenailstore.com\/p\/builder-gel-no-tpo-no-hema-nude-sparkling-jz-nails-group-15-ml\/"},"modified":"2026-01-07T21:38:07","modified_gmt":"2026-01-07T21:38:07","slug":"builder-gel-no-tpo-no-hema-nude-sparkling-jz-nails-group-15-ml","status":"publish","type":"product","link":"https:\/\/mikeladzenailstore.com\/sk\/produkt\/builder-gel-no-tpo-no-hema-nude-sparkling-jz-nails-group-15-ml\/","title":{"rendered":"Builder gel NUDE SPARKLING JZ Nails Group"},"content":{"rendered":"<p>Builder gel NUDE SPARKLING \u2728<\/p>\n<p>Jedn\u00e1 se o maskovac\u00ed t\u0159pytiv\u00fd gel s reflexn\u00edm efektem. Je dob\u0159e pigmentovan\u00fd a bezchybn\u011b dr\u017e\u00ed klenbu nehtu. Vhodn\u00fd pro jakoukoli modelovac\u00ed a korek\u010dn\u00ed techniku.<\/p>\n<p>Polymerace 90-120 sec. LED 48W<\/p>\n<p>Vy\u017eaduje transparentn\u00ed z\u00e1kladn\u00ed n\u00e1t\u011br (doporu\u010duje se ultrabond + Build it CLEAR nebo Base EXPERT)<\/p>\n<p>Sklad: DI-HEMA TRIMETHYLHEXYL DICARBAMATE, ISOBORNYL METHACRYLATE, PEG-9 TRIMETHYLOLPROPANE TRIACRYLATE, HYDROXYCYCLO HEXYL PHENYL KETONE, SILICA, BENZOYL ISOPROPANOL, PEG9 DI. +\/- (MAY CONTAIN): CI 77891 (TITANIUM DIOXIDE), CI 77491 (IRON OXIDES), CI 77492 (IRON OXIDES), CI 47005<\/p>\n","protected":false},"excerpt":{"rendered":"<p>Builder gel NUDE SPARKLING \u2728 Jedn\u00e1 se o maskovac\u00ed t\u0159pytiv\u00fd gel s reflexn\u00edm efektem. Je dob\u0159e pigmentovan\u00fd a bezchybn\u011b dr\u017e\u00ed klenbu nehtu. Vhodn\u00fd pro jakoukoli modelovac\u00ed a korek\u010dn\u00ed techniku. Polymerace 90-120 sec. LED 48W Vy\u017eaduje transparentn\u00ed z\u00e1kladn\u00ed n\u00e1t\u011br (doporu\u010duje se ultrabond + Build it CLEAR nebo Base EXPERT) Sklad: DI-HEMA TRIMETHYLHEXYL DICARBAMATE, ISOBORNYL METHACRYLATE, PEG-9 [&hellip;]<\/p>\n","protected":false},"featured_media":0,"comment_status":"open","ping_status":"closed","template":"","meta":[],"pwb-brand":[],"product_brand":[],"product_cat":[704],"product_tag":[],"berocket_brand":[],"class_list":{"0":"post-9065","1":"product","2":"type-product","3":"status-publish","5":"product_cat-slevy","7":"first","8":"instock","9":"taxable","10":"shipping-taxable","11":"purchasable","12":"product-type-variable"},"acf":[],"brands":[],"_links":{"self":[{"href":"https:\/\/mikeladzenailstore.com\/sk\/wp-json\/wp\/v2\/product\/9065","targetHints":{"allow":["GET"]}}],"collection":[{"href":"https:\/\/mikeladzenailstore.com\/sk\/wp-json\/wp\/v2\/product"}],"about":[{"href":"https:\/\/mikeladzenailstore.com\/sk\/wp-json\/wp\/v2\/types\/product"}],"replies":[{"embeddable":true,"href":"https:\/\/mikeladzenailstore.com\/sk\/wp-json\/wp\/v2\/comments?post=9065"}],"version-history":[{"count":0,"href":"https:\/\/mikeladzenailstore.com\/sk\/wp-json\/wp\/v2\/product\/9065\/revisions"}],"wp:attachment":[{"href":"https:\/\/mikeladzenailstore.com\/sk\/wp-json\/wp\/v2\/media?parent=9065"}],"wp:term":[{"taxonomy":"pwb-brand","embeddable":true,"href":"https:\/\/mikeladzenailstore.com\/sk\/wp-json\/wp\/v2\/pwb-brand?post=9065"},{"taxonomy":"product_brand","embeddable":true,"href":"https:\/\/mikeladzenailstore.com\/sk\/wp-json\/wp\/v2\/product_brand?post=9065"},{"taxonomy":"product_cat","embeddable":true,"href":"https:\/\/mikeladzenailstore.com\/sk\/wp-json\/wp\/v2\/product_cat?post=9065"},{"taxonomy":"product_tag","embeddable":true,"href":"https:\/\/mikeladzenailstore.com\/sk\/wp-json\/wp\/v2\/product_tag?post=9065"},{"taxonomy":"berocket_brand","embeddable":true,"href":"https:\/\/mikeladzenailstore.com\/sk\/wp-json\/wp\/v2\/berocket_brand?post=9065"}],"curies":[{"name":"wp","href":"https:\/\/api.w.org\/{rel}","templated":true}]}}