{"id":9074,"date":"2025-11-15T12:06:00","date_gmt":"2025-11-15T12:06:00","guid":{"rendered":"https:\/\/mikeladzenailstore.com\/p\/dual-forms-your-brand-pro-syroky-nehtu\/"},"modified":"2025-11-15T12:06:00","modified_gmt":"2025-11-15T12:06:00","slug":"dual-forms-your-brand-pro-syroky-nehtu","status":"publish","type":"product","link":"https:\/\/mikeladzenailstore.com\/sk\/produkt\/dual-forms-your-brand-pro-syroky-nehtu\/","title":{"rendered":"Dual forms  \u201cYour brand\u201d pro \u0161yrok\u00fd neht\u016f"},"content":{"rendered":"<p>Horn\u00ed formy pro modelaci neht\u016f jsou pohodln\u00fdm pomocn\u00edkem, kter\u00fd pom\u00e1h\u00e1 vytvo\u0159it dokonale rovnom\u011brn\u00e9 a pevn\u00e9 prodlou\u017een\u00ed neht\u016f se spr\u00e1vnou architekturou nehtov\u00e9 plot\u00e9nky. Jsou vhodn\u00e9 jak pro profesion\u00e1ln\u00ed nehtov\u00e9 specialisty, tak pro ty, kte\u0159\u00ed svou cestu sv\u011btem manik\u00fary teprve za\u010d\u00ednaj\u00ed.<\/p>\n<p>Maj\u00ed vysoce kvalitn\u00ed materi\u00e1l\u203c\ufe0fNa\u0161e formy jsou vyrobeny z pevn\u00e9ho, \u200b\u200bale pru\u017en\u00e9ho plastu, kter\u00fd zaji\u0161\u0165uje pohodln\u00e9 a spolehliv\u00e9 uchycen\u00ed na nehet. Jsou vhodn\u00e9 pro v\u00edcen\u00e1sobn\u00e9 pou\u017eit\u00ed. Horn\u00ed formy jsou pr\u016fhledn\u00e9, a tento materi\u00e1l umo\u017e\u0148uje snadno kontrolovat mno\u017estv\u00ed materi\u00e1lu a proces polymerace gelu pod lampou, co\u017e sni\u017euje riziko vzniku bublin ze vzduchu. V\u0161estrannost &#8211; na\u0161e formy jsou vhodn\u00e9 pro vytv\u00e1\u0159en\u00ed r\u016fzn\u00fdch typ\u016f prodlou\u017een\u00fdch neht\u016f &#8211; od kr\u00e1tk\u00fdch klasick\u00fdch a\u017e po dlouh\u00e9 m\u00f3dn\u00ed formy. A tak\u00e9 se li\u0161\u00ed tvarem voln\u00e9ho okraje: \u010dtvercov\u00fd, mandlov\u00fd, ov\u00e1ln\u00fd. <\/p>\n<p>M\u016f\u017eete si vybrat jak obloukov\u00e9, tak salonn\u00ed formy na z\u00e1klad\u011b typu architektury nehtu.<\/p>\n<\/p>\n<p>Doporu\u010den\u00ed pro pou\u017eit\u00ed:<\/p>\n<p>1. P\u0159ipravte nehty: zpracujte k\u016f\u017ei\u010dku, vytvarujte nehty a odmast\u011bte povrch nehtu. Naneste dehydrator a ultrabon, pot\u00e9 Base .<\/p>\n<p>2. Vyberte velikost formy: vyberte si horn\u00ed formu, kter\u00e1 je velikostn\u011b nejvhodn\u011bj\u0161\u00ed pro v\u00e1\u0161 nehet. Je d\u016fle\u017eit\u00e9, aby tvar nep\u0159il\u00e9hal t\u011bsn\u011b k nehtu a mezi obloukem nehtu z\u016fstaly mezery pro budouc\u00ed um\u00edst\u011bn\u00ed materi\u00e1lu.<\/p>\n<p>3. Aplikujte gel: rovnom\u011brn\u011b rozet\u0159ete gel na vnit\u0159n\u00ed povrch formy s ohledem na po\u017eadovanou tlou\u0161\u0165ku nehtu.<\/p>\n<p>4. Fixujte formu: opatrn\u011b p\u0159ilo\u017ete formu na nehet a p\u0159itla\u010dte, \u010d\u00edm\u017e zajist\u00edte rovnom\u011brn\u00e9 rozlo\u017een\u00ed hmoty.<\/p>\n<p>5. Polymerace: nechte nehet v lamp\u011b podle n\u00e1vodu k va\u0161emu gelu.<\/p>\n<p>6. Vyjmut\u00ed formy: po polymeraci formu opatrn\u011b vyjm\u011bte a zanechte dokonale hladk\u00fd a pevn\u00fd nehet.<\/p>\n<p>7. Kone\u010dn\u00e1 \u00faprava: v p\u0159\u00edpad\u011b pot\u0159eby upravte tvar a naneste top.<\/p>\n<\/p>\n<p>Pro\u010d zvolit na\u0161e formy?<\/p>\n<p>&#8211; Rychl\u00fd v\u00fdsledek: V\u00fdrazn\u011b zkr\u00e1t\u00edte dobu modelov\u00e1n\u00ed, co\u017e je cenn\u00e9 pro profesion\u00e1ln\u00ed specialisty.<\/p>\n<p>&#8211; Minim\u00e1ln\u00ed pilov\u00e1n\u00ed: D\u00edky \u010dir\u00e9mu tvaru je pilov\u00e1n\u00ed omezeno na minimum.<\/p>\n<p>&#8211; Dokonal\u00e1 hladkost: Hotov\u00fd nehet je hladk\u00fd a rovn\u00fd, co\u017e zna\u010dn\u011b zjednodu\u0161uje n\u00e1slednou aplikaci barevn\u00e9ho n\u00e1t\u011bru.<\/p>\n","protected":false},"excerpt":{"rendered":"<p>Horn\u00ed formy pro modelaci neht\u016f jsou pohodln\u00fdm pomocn\u00edkem, kter\u00fd pom\u00e1h\u00e1 vytvo\u0159it dokonale rovnom\u011brn\u00e9 a pevn\u00e9 prodlou\u017een\u00ed neht\u016f se spr\u00e1vnou architekturou nehtov\u00e9 plot\u00e9nky. Jsou vhodn\u00e9 jak pro profesion\u00e1ln\u00ed nehtov\u00e9 specialisty, tak pro ty, kte\u0159\u00ed svou cestu sv\u011btem manik\u00fary teprve za\u010d\u00ednaj\u00ed. Maj\u00ed vysoce kvalitn\u00ed materi\u00e1l\u203c\ufe0fNa\u0161e formy jsou vyrobeny z pevn\u00e9ho, \u200b\u200bale pru\u017en\u00e9ho plastu, kter\u00fd zaji\u0161\u0165uje pohodln\u00e9 a [&hellip;]<\/p>\n","protected":false},"featured_media":0,"comment_status":"open","ping_status":"open","template":"","meta":[],"pwb-brand":[],"product_brand":[],"product_cat":[168],"product_tag":[],"berocket_brand":[],"class_list":{"0":"post-9074","1":"product","2":"type-product","3":"status-publish","5":"product_cat-baze-a-topy-pro-manikuru-pedikuru","7":"first","8":"instock","9":"taxable","10":"shipping-taxable","11":"purchasable","12":"product-type-simple"},"acf":[],"brands":[],"_links":{"self":[{"href":"https:\/\/mikeladzenailstore.com\/sk\/wp-json\/wp\/v2\/product\/9074","targetHints":{"allow":["GET"]}}],"collection":[{"href":"https:\/\/mikeladzenailstore.com\/sk\/wp-json\/wp\/v2\/product"}],"about":[{"href":"https:\/\/mikeladzenailstore.com\/sk\/wp-json\/wp\/v2\/types\/product"}],"replies":[{"embeddable":true,"href":"https:\/\/mikeladzenailstore.com\/sk\/wp-json\/wp\/v2\/comments?post=9074"}],"version-history":[{"count":0,"href":"https:\/\/mikeladzenailstore.com\/sk\/wp-json\/wp\/v2\/product\/9074\/revisions"}],"wp:attachment":[{"href":"https:\/\/mikeladzenailstore.com\/sk\/wp-json\/wp\/v2\/media?parent=9074"}],"wp:term":[{"taxonomy":"pwb-brand","embeddable":true,"href":"https:\/\/mikeladzenailstore.com\/sk\/wp-json\/wp\/v2\/pwb-brand?post=9074"},{"taxonomy":"product_brand","embeddable":true,"href":"https:\/\/mikeladzenailstore.com\/sk\/wp-json\/wp\/v2\/product_brand?post=9074"},{"taxonomy":"product_cat","embeddable":true,"href":"https:\/\/mikeladzenailstore.com\/sk\/wp-json\/wp\/v2\/product_cat?post=9074"},{"taxonomy":"product_tag","embeddable":true,"href":"https:\/\/mikeladzenailstore.com\/sk\/wp-json\/wp\/v2\/product_tag?post=9074"},{"taxonomy":"berocket_brand","embeddable":true,"href":"https:\/\/mikeladzenailstore.com\/sk\/wp-json\/wp\/v2\/berocket_brand?post=9074"}],"curies":[{"name":"wp","href":"https:\/\/api.w.org\/{rel}","templated":true}]}}