{"id":9080,"date":"2025-11-15T12:06:00","date_gmt":"2025-11-15T12:06:00","guid":{"rendered":"https:\/\/mikeladzenailstore.com\/p\/tvrdkovova-freza-hruba-by-alina-protsuk\/"},"modified":"2025-12-03T12:31:54","modified_gmt":"2025-12-03T12:31:54","slug":"tvrdkovova-freza-hruba-by-alina-protsuk","status":"publish","type":"product","link":"https:\/\/mikeladzenailstore.com\/sk\/produkt\/tvrdkovova-freza-hruba-by-alina-protsuk\/","title":{"rendered":"Tvrdkovova freza hruba by Alina Protsuk"},"content":{"rendered":"<p>Expertn\u00ed n\u00e1\u0159ad\u00ed pro specialisty, kte\u0159\u00ed se sna\u017e\u00ed o dokonalost v ka\u017ed\u00e9m detailu. Na\u0161e tvrdokovov\u00e9 fr\u00e9zy poskytuj\u00ed rychl\u00e9 a \u00fa\u010dinn\u00e9 odstran\u011bn\u00ed gelov\u00fdch, polygelov\u00fdch a gel lakov\u00fdch povlak\u016f p\u0159i zachov\u00e1n\u00ed jemnosti pr\u00e1ce s nehty.<\/p>\n<p>Poj\u010fme se na n\u011b pod\u00edvat podrobn\u011bji<\/p>\n<p>Pr\u00e9miov\u00fd materi\u00e1l &#8211; fr\u00e9zy jsou vyrobeny z vysoce kvalitn\u00ed slitiny, kter\u00e1 poskytuje maxim\u00e1ln\u00ed pevnost, \u017eivotnost a odolnost proti opot\u0159eben\u00ed. Exploatace fr\u00e9z p\u0159i b\u011b\u017en\u00e9 pr\u00e1ci od 8 do 12 m\u011bs\u00edc\u016f. Vysok\u00fd v\u00fdkon &#8211; dokonale ostr\u00e9 body zaji\u0161\u0165uj\u00ed rychl\u00e9 a p\u0159esn\u00e9 odstran\u011bn\u00ed materi\u00e1lu bez p\u0159eh\u0159\u00e1t\u00ed a po\u0161kozen\u00ed nehtov\u00e9 plot\u00e9nky. R\u016fzn\u00e9 tvary a velikosti. Optim\u00e1ln\u00ed pro profesion\u00e1ln\u00ed pou\u017eit\u00ed v salonech a manik\u00farn\u00edch studi\u00edch.<\/p>\n<p>\u203c\ufe0fKompatibilita se v\u0161emi typy za\u0159\u00edzen\u00ed. Na\u0161e fr\u00e9zy se snadno instaluj\u00ed na jak\u00fdkoli stroj pro manik\u00faru, co\u017e zaji\u0161\u0165uje stabiln\u00ed provoz a snadn\u00e9 pou\u017eit\u00ed.<\/p>\n<p>Zpracov\u00e1n\u00ed a sterilizace &#8211; p\u0159i autoklavov\u00e1n\u00ed p\u0159i teplot\u011b 180 stup\u0148\u016f a v\u00fd\u0161e nem\u011bn\u00ed svou v\u00fdkonnost a tak\u00e9 jsou beze zm\u011bn kvality .<\/p>\n<p>D\u011blejte svou manik\u00faru rychleji, efektivn\u011bji a bezpe\u010dn\u011bji s na\u0161imi tvrdokovov\u00fdmi fr\u00e9zami. Zd\u016frazn\u011bte sv\u00e9 mistrovstv\u00ed pomoc\u00ed n\u00e1stroj\u016f, kter\u00e9 pracuj\u00ed pro v\u00e1\u0161 \u00fasp\u011bch.<\/p>\n","protected":false},"excerpt":{"rendered":"<p>Expertn\u00ed n\u00e1\u0159ad\u00ed pro specialisty, kte\u0159\u00ed se sna\u017e\u00ed o dokonalost v ka\u017ed\u00e9m detailu. Na\u0161e tvrdokovov\u00e9 fr\u00e9zy poskytuj\u00ed rychl\u00e9 a \u00fa\u010dinn\u00e9 odstran\u011bn\u00ed gelov\u00fdch, polygelov\u00fdch a gel lakov\u00fdch povlak\u016f p\u0159i zachov\u00e1n\u00ed jemnosti pr\u00e1ce s nehty. Poj\u010fme se na n\u011b pod\u00edvat podrobn\u011bji Pr\u00e9miov\u00fd materi\u00e1l &#8211; fr\u00e9zy jsou vyrobeny z vysoce kvalitn\u00ed slitiny, kter\u00e1 poskytuje maxim\u00e1ln\u00ed pevnost, \u017eivotnost a odolnost [&hellip;]<\/p>\n","protected":false},"featured_media":10492,"comment_status":"open","ping_status":"closed","template":"","meta":[],"pwb-brand":[],"product_brand":[],"product_cat":[496],"product_tag":[],"berocket_brand":[],"class_list":{"0":"post-9080","1":"product","2":"type-product","3":"status-publish","4":"has-post-thumbnail","6":"product_cat-bestseller","8":"first","9":"instock","10":"taxable","11":"shipping-taxable","12":"purchasable","13":"product-type-simple"},"acf":[],"brands":[],"_links":{"self":[{"href":"https:\/\/mikeladzenailstore.com\/sk\/wp-json\/wp\/v2\/product\/9080","targetHints":{"allow":["GET"]}}],"collection":[{"href":"https:\/\/mikeladzenailstore.com\/sk\/wp-json\/wp\/v2\/product"}],"about":[{"href":"https:\/\/mikeladzenailstore.com\/sk\/wp-json\/wp\/v2\/types\/product"}],"replies":[{"embeddable":true,"href":"https:\/\/mikeladzenailstore.com\/sk\/wp-json\/wp\/v2\/comments?post=9080"}],"version-history":[{"count":0,"href":"https:\/\/mikeladzenailstore.com\/sk\/wp-json\/wp\/v2\/product\/9080\/revisions"}],"wp:featuredmedia":[{"embeddable":true,"href":"https:\/\/mikeladzenailstore.com\/sk\/wp-json\/wp\/v2\/media\/10492"}],"wp:attachment":[{"href":"https:\/\/mikeladzenailstore.com\/sk\/wp-json\/wp\/v2\/media?parent=9080"}],"wp:term":[{"taxonomy":"pwb-brand","embeddable":true,"href":"https:\/\/mikeladzenailstore.com\/sk\/wp-json\/wp\/v2\/pwb-brand?post=9080"},{"taxonomy":"product_brand","embeddable":true,"href":"https:\/\/mikeladzenailstore.com\/sk\/wp-json\/wp\/v2\/product_brand?post=9080"},{"taxonomy":"product_cat","embeddable":true,"href":"https:\/\/mikeladzenailstore.com\/sk\/wp-json\/wp\/v2\/product_cat?post=9080"},{"taxonomy":"product_tag","embeddable":true,"href":"https:\/\/mikeladzenailstore.com\/sk\/wp-json\/wp\/v2\/product_tag?post=9080"},{"taxonomy":"berocket_brand","embeddable":true,"href":"https:\/\/mikeladzenailstore.com\/sk\/wp-json\/wp\/v2\/berocket_brand?post=9080"}],"curies":[{"name":"wp","href":"https:\/\/api.w.org\/{rel}","templated":true}]}}