{"id":9098,"date":"2025-11-15T12:05:50","date_gmt":"2025-11-15T12:05:50","guid":{"rendered":"https:\/\/mikeladzenailstore.com\/p\/modeling-gel-macadamia-trendy-nails-30-ml\/"},"modified":"2025-11-15T12:05:50","modified_gmt":"2025-11-15T12:05:50","slug":"modeling-gel-macadamia-trendy-nails-30-ml","status":"publish","type":"product","link":"https:\/\/mikeladzenailstore.com\/sk\/produkt\/modeling-gel-macadamia-trendy-nails-30-ml\/","title":{"rendered":"Modeling gel \u201cMacadamia \u201d Trendy nails 30 ml"},"content":{"rendered":"<p>Modelovac\u00ed gel &#8222;Balletti&#8220; <\/p>\n<p>P\u0159edstavujeme va\u0161\u00ed pozornosti neuv\u011b\u0159itelnou novinku &#8211; pastelov\u00e9 odst\u00edny maskovac\u00edch gel\u016f se shimmerem.<\/p>\n<p>Pou\u017e\u00edvaj\u00ed se k prodlou\u017een\u00ed neht\u016f a pos\u00edlen\u00ed p\u0159irozen\u00e9 nehtov\u00e9 plot\u00e9nky.<\/p>\n<\/p>\n<p>\u2022 Maj\u00ed \u201emedovou konzistenci\u201c, kter\u00e1 je pohodln\u00e1 pro pr\u00e1ci;<\/p>\n<p>\u2022 Nerozt\u00e9kaj\u00ed se ;<\/p>\n<p>\u2022 Jsou dob\u0159e pigmentovan\u00e9;<\/p>\n<p>\u2022 Maj\u00ed kr\u00e1sn\u00fd, jasn\u00fd, drah\u00fd t\u0159pyt, kter\u00fd se neusazuje;<\/p>\n<p>\u2022 Bez z\u00e1pachu;<\/p>\n<p>\u2022 Neze\u017eloutnou;<\/p>\n<p>\u2022 Nevytv\u00e1\u0159ej\u00ed  bubliny;<\/p>\n<p>\u2022 Neotev\u00edraj\u00ed oblouk;<\/p>\n<p>\u2022 N\u00edzk\u00e1 teplota, tak\u017ee nezp\u016fsobuj\u00ed v\u00e1\u017en\u00e9 nepohodl\u00ed v lamp\u011b (v z\u00e1vislosti na nehtov\u00e9 plot\u00e9nce);<\/p>\n<\/p>\n<p>Doporu\u010dujeme p\u0159i zpev\u0148ov\u00e1n\u00ed zapilovat voln\u00fd okraj p\u0159\u00edrodn\u00edho nehtu.<\/p>\n","protected":false},"excerpt":{"rendered":"<p>Modelovac\u00ed gel &#8222;Balletti&#8220; P\u0159edstavujeme va\u0161\u00ed pozornosti neuv\u011b\u0159itelnou novinku &#8211; pastelov\u00e9 odst\u00edny maskovac\u00edch gel\u016f se shimmerem. Pou\u017e\u00edvaj\u00ed se k prodlou\u017een\u00ed neht\u016f a pos\u00edlen\u00ed p\u0159irozen\u00e9 nehtov\u00e9 plot\u00e9nky. \u2022 Maj\u00ed \u201emedovou konzistenci\u201c, kter\u00e1 je pohodln\u00e1 pro pr\u00e1ci; \u2022 Nerozt\u00e9kaj\u00ed se ; \u2022 Jsou dob\u0159e pigmentovan\u00e9; \u2022 Maj\u00ed kr\u00e1sn\u00fd, jasn\u00fd, drah\u00fd t\u0159pyt, kter\u00fd se neusazuje; \u2022 Bez z\u00e1pachu; \u2022 [&hellip;]<\/p>\n","protected":false},"featured_media":0,"comment_status":"open","ping_status":"closed","template":"","meta":[],"pwb-brand":[],"product_brand":[],"product_cat":[168],"product_tag":[],"berocket_brand":[],"class_list":{"0":"post-9098","1":"product","2":"type-product","3":"status-publish","5":"product_cat-baze-a-topy-pro-manikuru-pedikuru","7":"first","8":"outofstock","9":"taxable","10":"shipping-taxable","11":"purchasable","12":"product-type-simple"},"acf":[],"brands":[],"_links":{"self":[{"href":"https:\/\/mikeladzenailstore.com\/sk\/wp-json\/wp\/v2\/product\/9098","targetHints":{"allow":["GET"]}}],"collection":[{"href":"https:\/\/mikeladzenailstore.com\/sk\/wp-json\/wp\/v2\/product"}],"about":[{"href":"https:\/\/mikeladzenailstore.com\/sk\/wp-json\/wp\/v2\/types\/product"}],"replies":[{"embeddable":true,"href":"https:\/\/mikeladzenailstore.com\/sk\/wp-json\/wp\/v2\/comments?post=9098"}],"version-history":[{"count":0,"href":"https:\/\/mikeladzenailstore.com\/sk\/wp-json\/wp\/v2\/product\/9098\/revisions"}],"wp:attachment":[{"href":"https:\/\/mikeladzenailstore.com\/sk\/wp-json\/wp\/v2\/media?parent=9098"}],"wp:term":[{"taxonomy":"pwb-brand","embeddable":true,"href":"https:\/\/mikeladzenailstore.com\/sk\/wp-json\/wp\/v2\/pwb-brand?post=9098"},{"taxonomy":"product_brand","embeddable":true,"href":"https:\/\/mikeladzenailstore.com\/sk\/wp-json\/wp\/v2\/product_brand?post=9098"},{"taxonomy":"product_cat","embeddable":true,"href":"https:\/\/mikeladzenailstore.com\/sk\/wp-json\/wp\/v2\/product_cat?post=9098"},{"taxonomy":"product_tag","embeddable":true,"href":"https:\/\/mikeladzenailstore.com\/sk\/wp-json\/wp\/v2\/product_tag?post=9098"},{"taxonomy":"berocket_brand","embeddable":true,"href":"https:\/\/mikeladzenailstore.com\/sk\/wp-json\/wp\/v2\/berocket_brand?post=9098"}],"curies":[{"name":"wp","href":"https:\/\/api.w.org\/{rel}","templated":true}]}}