{"id":9110,"date":"2025-11-15T12:05:50","date_gmt":"2025-11-15T12:05:50","guid":{"rendered":"https:\/\/mikeladzenailstore.com\/p\/modeling-gel-brise-trendy-nails-15-ml\/"},"modified":"2026-01-07T20:08:11","modified_gmt":"2026-01-07T20:08:11","slug":"modeling-gel-brise-trendy-nails-15-ml","status":"publish","type":"product","link":"https:\/\/mikeladzenailstore.com\/sk\/produkt\/modeling-gel-brise-trendy-nails-15-ml\/","title":{"rendered":"Modeling gel BRISE Trendy nails 15 ml"},"content":{"rendered":"<h2 data-start=\"72\" data-end=\"132\"><strong data-start=\"75\" data-end=\"132\">Balletti Modeling Gel \u2013 Samovyrovn\u00e1vac\u00ed modela\u010dn\u00ed gel<\/strong><\/h2>\n<p data-start=\"134\" data-end=\"407\"><strong data-start=\"134\" data-end=\"155\">Balletti Modeling<\/strong> je <strong data-start=\"159\" data-end=\"205\">profesion\u00e1ln\u00ed modela\u010dn\u00ed gel vysok\u00e9 kvality<\/strong>, navr\u017een\u00fd pro <strong data-start=\"220\" data-end=\"254\">prodlou\u017een\u00ed neht\u016f bez pilov\u00e1n\u00ed<\/strong> a <strong data-start=\"257\" data-end=\"280\">dokonal\u00e9 modelov\u00e1n\u00ed<\/strong> v ka\u017ed\u00e9m kroku. Jeho inovativn\u00ed slo\u017een\u00ed umo\u017e\u0148uje <strong data-start=\"330\" data-end=\"364\">jednoduchou a rychlou aplikaci<\/strong>, ani\u017e by byla ohro\u017eena kvalita v\u00fdsledku.<\/p>\n<h3 data-start=\"409\" data-end=\"434\"><strong data-start=\"413\" data-end=\"434\">Hlavn\u00ed vlastnosti<\/strong><\/h3>\n<ul data-start=\"435\" data-end=\"1193\">\n<li data-start=\"435\" data-end=\"571\">\n<p data-start=\"437\" data-end=\"571\"><strong data-start=\"437\" data-end=\"461\">Jemn\u00fd r\u016f\u017eov\u00fd odst\u00edn:<\/strong> Elegantn\u00ed a univerz\u00e1ln\u00ed, dod\u00e1v\u00e1 neht\u016fm <strong data-start=\"501\" data-end=\"537\">p\u0159irozen\u00fd a sofistikovan\u00fd vzhled<\/strong>, vhodn\u00fd pro v\u0161echny typy pleti.<\/p>\n<\/li>\n<li data-start=\"572\" data-end=\"690\">\n<p data-start=\"574\" data-end=\"690\"><strong data-start=\"574\" data-end=\"611\">Obohacen o jemn\u00e9 shimmer \u010d\u00e1stice:<\/strong> Dod\u00e1v\u00e1 <strong data-start=\"619\" data-end=\"633\">jemn\u00fd lesk<\/strong> a sofistikovan\u00fd efekt, ide\u00e1ln\u00ed pro elegantn\u00ed manik\u00faru.<\/p>\n<\/li>\n<li data-start=\"691\" data-end=\"856\">\n<p data-start=\"693\" data-end=\"856\"><strong data-start=\"693\" data-end=\"734\">Medov\u00e1 a samovyrovn\u00e1vac\u00ed konzistence:<\/strong> Umo\u017e\u0148uje <strong data-start=\"744\" data-end=\"778\">snadnou a rovnom\u011brnou aplikaci<\/strong>, bez st\u00e9k\u00e1n\u00ed a bez nutnosti pilov\u00e1n\u00ed, \u0161et\u0159\u00ed \u010das a zvy\u0161uje kvalitu v\u00fdsledku.<\/p>\n<\/li>\n<li data-start=\"857\" data-end=\"931\">\n<p data-start=\"859\" data-end=\"931\"><strong data-start=\"859\" data-end=\"883\">Udr\u017euje tvar C-luku:<\/strong> Zaji\u0161\u0165uje <strong data-start=\"894\" data-end=\"928\">pevnou a definovanou strukturu<\/strong>.<\/p>\n<\/li>\n<li data-start=\"932\" data-end=\"1044\">\n<p data-start=\"934\" data-end=\"1044\"><strong data-start=\"934\" data-end=\"965\">Extr\u00e9mn\u011b stabiln\u00ed a odoln\u00fd:<\/strong> Vynikaj\u00edc\u00ed v\u00fddr\u017e i na problematick\u00fdch nehtech, v\u00edce ne\u017e 4 t\u00fddny bez zved\u00e1n\u00ed.<\/p>\n<\/li>\n<li data-start=\"1045\" data-end=\"1150\">\n<p data-start=\"1047\" data-end=\"1150\"><strong data-start=\"1047\" data-end=\"1070\">V\u0161estrann\u00e9 pou\u017eit\u00ed:<\/strong> Vhodn\u00fd pro r\u016fzn\u00e9 techniky, v\u010detn\u011b <strong data-start=\"1105\" data-end=\"1147\">reverzn\u00edho francouze, dopln\u011bn\u00ed a kryt\u00ed<\/strong>.<\/p>\n<\/li>\n<li data-start=\"1151\" data-end=\"1193\">\n<p data-start=\"1153\" data-end=\"1193\"><strong data-start=\"1153\" data-end=\"1173\">Dostupn\u00fd form\u00e1t:<\/strong> 15 ml nebo 30 ml.<\/p>\n<\/li>\n<\/ul>\n<h3 data-start=\"1195\" data-end=\"1216\"><strong data-start=\"1199\" data-end=\"1216\">Hlavn\u00ed v\u00fdhody<\/strong><\/h3>\n<ul data-start=\"1217\" data-end=\"1684\">\n<li data-start=\"1217\" data-end=\"1274\">\n<p data-start=\"1219\" data-end=\"1274\"><strong data-start=\"1219\" data-end=\"1239\">V\u00fdjime\u010dn\u00e1 v\u00fddr\u017e:<\/strong> Manik\u00fara vydr\u017e\u00ed <strong data-start=\"1256\" data-end=\"1271\">nad 4 t\u00fddny<\/strong>.<\/p>\n<\/li>\n<li data-start=\"1275\" data-end=\"1365\">\n<p data-start=\"1277\" data-end=\"1365\"><strong data-start=\"1277\" data-end=\"1302\">Stabilita a odolnost:<\/strong> Ne\u017eloutne a z\u016fst\u00e1v\u00e1 spolehliv\u00fd i na problematick\u00fdch nehtech.<\/p>\n<\/li>\n<li data-start=\"1366\" data-end=\"1436\">\n<p data-start=\"1368\" data-end=\"1436\"><strong data-start=\"1368\" data-end=\"1392\">Udr\u017euje tvar C-luku:<\/strong> Struktura z\u016fst\u00e1v\u00e1 stabiln\u00ed bez deformac\u00ed.<\/p>\n<\/li>\n<li data-start=\"1437\" data-end=\"1525\">\n<p data-start=\"1439\" data-end=\"1525\"><strong data-start=\"1439\" data-end=\"1465\">Flexibilita a komfort:<\/strong> Elastick\u00fd a odoln\u00fd, zabra\u0148uje prask\u00e1n\u00ed nebo zved\u00e1n\u00ed gelu.<\/p>\n<\/li>\n<li data-start=\"1526\" data-end=\"1617\">\n<p data-start=\"1528\" data-end=\"1617\"><strong data-start=\"1528\" data-end=\"1551\">Ne\u0161t\u00edpe pod lampou:<\/strong> Jemn\u00e9 slo\u017een\u00ed, bez nep\u0159\u00edjemn\u00e9ho hork\u00e9ho pocitu p\u0159i vytvrzov\u00e1n\u00ed.<\/p>\n<\/li>\n<li data-start=\"1618\" data-end=\"1684\">\n<p data-start=\"1620\" data-end=\"1684\"><strong data-start=\"1620\" data-end=\"1640\">Samovyrovn\u00e1vac\u00ed:<\/strong> Nen\u00ed pot\u0159eba pilov\u00e1n\u00ed, \u0161et\u0159\u00ed \u010das a pr\u00e1ci.<\/p>\n<\/li>\n<\/ul>\n<h3 data-start=\"1686\" data-end=\"1701\"><strong data-start=\"1690\" data-end=\"1701\">Pou\u017eit\u00ed<\/strong><\/h3>\n<ol data-start=\"1702\" data-end=\"2154\">\n<li data-start=\"1702\" data-end=\"1864\">\n<p data-start=\"1705\" data-end=\"1864\"><strong data-start=\"1705\" data-end=\"1735\">P\u0159\u00edprava p\u0159\u00edrodn\u00edho nehtu:<\/strong> Prove\u010fte mechanickou a chemickou p\u0159\u00edpravu, naneste <strong data-start=\"1787\" data-end=\"1800\">Nail Prep<\/strong>. U problematick\u00fdch neht\u016f doporu\u010dujeme i <strong data-start=\"1841\" data-end=\"1861\">Multibond Primer<\/strong>.<\/p>\n<\/li>\n<li data-start=\"1865\" data-end=\"1952\">\n<p data-start=\"1868\" data-end=\"1952\"><strong data-start=\"1868\" data-end=\"1887\">Pr\u016fhledn\u00e1 b\u00e1ze:<\/strong> Naneste tenkou vrstvu <strong data-start=\"1910\" data-end=\"1924\">Base Light<\/strong> nebo <strong data-start=\"1930\" data-end=\"1949\">Dream Base Elsa<\/strong>.<\/p>\n<\/li>\n<li data-start=\"1953\" data-end=\"2154\">\n<p data-start=\"1956\" data-end=\"2154\"><strong data-start=\"1956\" data-end=\"1986\">Aplikace modela\u010dn\u00edho gelu:<\/strong> Odeb\u00edrejte kuli\u010dku gelu a jemn\u00fdmi tahy ji rozt\u00edrejte od l\u016f\u017eka ke \u0161pi\u010dce, aby vznikla rovnom\u011brn\u00e1 struktura. U <strong data-start=\"2096\" data-end=\"2109\">dual form<\/strong> doporu\u010dujeme pracovat <strong data-start=\"2132\" data-end=\"2151\">po jednom nehtu<\/strong>.<\/p>\n<\/li>\n<\/ol>\n<h3 data-start=\"2156\" data-end=\"2180\"><strong data-start=\"2160\" data-end=\"2180\">\u010casy vytvrzov\u00e1n\u00ed<\/strong><\/h3>\n<ul data-start=\"2181\" data-end=\"2229\">\n<li data-start=\"2181\" data-end=\"2206\">\n<p data-start=\"2183\" data-end=\"2206\"><strong data-start=\"2183\" data-end=\"2194\">LED\/UV:<\/strong> 60 sekund<\/p>\n<\/li>\n<li data-start=\"2207\" data-end=\"2229\">\n<p data-start=\"2209\" data-end=\"2229\"><strong data-start=\"2209\" data-end=\"2216\">UV:<\/strong> 120 sekund<\/p>\n<\/li>\n<\/ul>\n<h3 data-start=\"2231\" data-end=\"2256\"><strong data-start=\"2235\" data-end=\"2256\">Pinzeta pro C-luk<\/strong><\/h3>\n<ul data-start=\"2257\" data-end=\"2275\">\n<li data-start=\"2257\" data-end=\"2275\">\n<p data-start=\"2259\" data-end=\"2275\"><strong data-start=\"2259\" data-end=\"2275\">10\u201320 sekund<\/strong><\/p>\n<\/li>\n<\/ul>\n","protected":false},"excerpt":{"rendered":"<p>Balletti Modeling Gel \u2013 Samovyrovn\u00e1vac\u00ed modela\u010dn\u00ed gel Balletti Modeling je profesion\u00e1ln\u00ed modela\u010dn\u00ed gel vysok\u00e9 kvality, navr\u017een\u00fd pro prodlou\u017een\u00ed neht\u016f bez pilov\u00e1n\u00ed a dokonal\u00e9 modelov\u00e1n\u00ed v ka\u017ed\u00e9m kroku. Jeho inovativn\u00ed slo\u017een\u00ed umo\u017e\u0148uje jednoduchou a rychlou aplikaci, ani\u017e by byla ohro\u017eena kvalita v\u00fdsledku. Hlavn\u00ed vlastnosti Jemn\u00fd r\u016f\u017eov\u00fd odst\u00edn: Elegantn\u00ed a univerz\u00e1ln\u00ed, dod\u00e1v\u00e1 neht\u016fm p\u0159irozen\u00fd a sofistikovan\u00fd vzhled, [&hellip;]<\/p>\n","protected":false},"featured_media":4849,"comment_status":"open","ping_status":"closed","template":"","meta":[],"pwb-brand":[],"product_brand":[],"product_cat":[656],"product_tag":[],"berocket_brand":[437],"class_list":{"0":"post-9110","1":"product","2":"type-product","3":"status-publish","4":"has-post-thumbnail","6":"product_cat-modeling-gel-trendy-nails","7":"berocket_brand-trendy-nails","9":"first","10":"instock","11":"taxable","12":"shipping-taxable","13":"purchasable","14":"product-type-simple"},"acf":[],"brands":[],"_links":{"self":[{"href":"https:\/\/mikeladzenailstore.com\/sk\/wp-json\/wp\/v2\/product\/9110","targetHints":{"allow":["GET"]}}],"collection":[{"href":"https:\/\/mikeladzenailstore.com\/sk\/wp-json\/wp\/v2\/product"}],"about":[{"href":"https:\/\/mikeladzenailstore.com\/sk\/wp-json\/wp\/v2\/types\/product"}],"replies":[{"embeddable":true,"href":"https:\/\/mikeladzenailstore.com\/sk\/wp-json\/wp\/v2\/comments?post=9110"}],"version-history":[{"count":0,"href":"https:\/\/mikeladzenailstore.com\/sk\/wp-json\/wp\/v2\/product\/9110\/revisions"}],"wp:featuredmedia":[{"embeddable":true,"href":"https:\/\/mikeladzenailstore.com\/sk\/wp-json\/wp\/v2\/media\/4849"}],"wp:attachment":[{"href":"https:\/\/mikeladzenailstore.com\/sk\/wp-json\/wp\/v2\/media?parent=9110"}],"wp:term":[{"taxonomy":"pwb-brand","embeddable":true,"href":"https:\/\/mikeladzenailstore.com\/sk\/wp-json\/wp\/v2\/pwb-brand?post=9110"},{"taxonomy":"product_brand","embeddable":true,"href":"https:\/\/mikeladzenailstore.com\/sk\/wp-json\/wp\/v2\/product_brand?post=9110"},{"taxonomy":"product_cat","embeddable":true,"href":"https:\/\/mikeladzenailstore.com\/sk\/wp-json\/wp\/v2\/product_cat?post=9110"},{"taxonomy":"product_tag","embeddable":true,"href":"https:\/\/mikeladzenailstore.com\/sk\/wp-json\/wp\/v2\/product_tag?post=9110"},{"taxonomy":"berocket_brand","embeddable":true,"href":"https:\/\/mikeladzenailstore.com\/sk\/wp-json\/wp\/v2\/berocket_brand?post=9110"}],"curies":[{"name":"wp","href":"https:\/\/api.w.org\/{rel}","templated":true}]}}