{"id":9152,"date":"2025-11-15T12:05:20","date_gmt":"2025-11-15T12:05:20","guid":{"rendered":"https:\/\/mikeladzenailstore.com\/p\/fiber-base-camelia-no-tpo-no-hema-trendy-nails-15-ml\/"},"modified":"2026-04-15T19:38:25","modified_gmt":"2026-04-15T19:38:25","slug":"fiber-base-camelia-no-tpo-no-hema-trendy-nails-15-ml","status":"publish","type":"product","link":"https:\/\/mikeladzenailstore.com\/sk\/produkt\/fiber-base-camelia-no-tpo-no-hema-trendy-nails-15-ml\/","title":{"rendered":"Fiber base CAMELIA Trendy nails"},"content":{"rendered":"<p data-start=\"0\" data-end=\"67\">Samovyrovn\u00e1vac\u00ed b\u00e1ze se skeln\u00fdm vl\u00e1knem pro zpevn\u011bn\u00ed bez pilov\u00e1n\u00ed<\/p>\n<p data-start=\"69\" data-end=\"306\"><strong data-start=\"69\" data-end=\"92\">Fiber Base Camellia<\/strong> v nude odst\u00ednu, kter\u00fd je ide\u00e1ln\u00ed pro ka\u017ed\u00fd t\u00f3n pleti. Obohacena o skeln\u00e9 vl\u00e1kno, tato b\u00e1ze je navr\u017eena tak, aby umo\u017enila prodlou\u017een\u00ed bez pilov\u00e1n\u00ed a zajistila mimo\u0159\u00e1dnou odolnost i na velmi problematick\u00fdch nehtech.<\/p>\n<p data-start=\"308\" data-end=\"956\"><strong data-start=\"308\" data-end=\"330\">Hlavn\u00ed vlastnosti:<\/strong><br data-start=\"330\" data-end=\"333\" \/>\u2022 Obohacena o skeln\u00e9 vl\u00e1kno: dod\u00e1v\u00e1 neht\u016fm pevnost a odolnost, i velmi tenk\u00fdm a k\u0159ehk\u00fdm.<br data-start=\"421\" data-end=\"424\" \/>\u2022 Obsahuje v\u00e1pn\u00edk a vitam\u00edn E, kter\u00e9 podporuj\u00ed regeneraci po\u0161kozen\u00e9 nehtov\u00e9 plot\u00e9nky, vy\u017eivuj\u00ed a posiluj\u00ed p\u0159\u00edrodn\u00ed nehet.<br data-start=\"545\" data-end=\"548\" \/>\u2022 Kr\u00e9mov\u00e1, samovyrovn\u00e1vac\u00ed textura: snadn\u00e1 a rychl\u00e1 aplikace bez nutnosti pilov\u00e1n\u00ed.<br data-start=\"631\" data-end=\"634\" \/>\u2022 Univerz\u00e1ln\u00ed b\u00e1ze: ide\u00e1ln\u00ed pro zpevn\u011bn\u00ed p\u0159\u00edrodn\u00edch neht\u016f, pro prodlou\u017een\u00ed se strukturou nebo jako podklad pro v\u0161echny syst\u00e9my model\u00e1\u017ee.<br data-start=\"770\" data-end=\"773\" \/>\u2022 Elastick\u00e1 a odoln\u00e1, zaji\u0161\u0165uje perfektn\u00ed p\u0159ilnavost a v\u00fddr\u017e v\u00edce ne\u017e 4 t\u00fddny bez zved\u00e1n\u00ed.<br data-start=\"863\" data-end=\"866\" \/>\u2022 Dostupn\u00e1 v lahvi\u010dce 15 ml s praktick\u00fdm \u0161t\u011bte\u010dkem nebo v \u00fasporn\u00e9m balen\u00ed 30 ml v kel\u00edmku.<\/p>\n<p data-start=\"958\" data-end=\"1404\" data-is-last-node=\"\" data-is-only-node=\"\"><strong data-start=\"958\" data-end=\"976\">Hlavn\u00ed v\u00fdhody:<\/strong><br data-start=\"976\" data-end=\"979\" \/>\u2022 Ide\u00e1ln\u00ed pro tenk\u00e9, k\u0159ehk\u00e9 a problematick\u00e9 nehty.<br data-start=\"1029\" data-end=\"1032\" \/>\u2022 Perfektn\u00ed v\u00fddr\u017e v\u00edce ne\u017e 4 t\u00fddny bez zved\u00e1n\u00ed.<br data-start=\"1079\" data-end=\"1082\" \/>\u2022 Skeln\u00e9 vl\u00e1kno pro vy\u0161\u0161\u00ed pevnost a maxim\u00e1ln\u00ed odolnost.<br data-start=\"1137\" data-end=\"1140\" \/>\u2022 V\u00e1pn\u00edk a vitam\u00edn E pro regeneraci a pos\u00edlen\u00ed nehtov\u00e9 plot\u00e9nky.<br data-start=\"1204\" data-end=\"1207\" \/>\u2022 Stabilita a elasticita pro dlouhodob\u00fd efekt.<br data-start=\"1253\" data-end=\"1256\" \/>\u2022 Samovyrovn\u00e1vac\u00ed, bez nutnosti pilov\u00e1n\u00ed.<br data-start=\"1297\" data-end=\"1300\" \/>\u2022 Bez kyselin: \u0161etrn\u00e1 k nehtov\u00e9 plot\u00e9nce.<br data-start=\"1341\" data-end=\"1344\" \/>\u2022 Snadno odstraniteln\u00e1 pomoc\u00ed Removeru, fr\u00e9zky nebo piln\u00edku.<\/p>\n","protected":false},"excerpt":{"rendered":"<p>Samovyrovn\u00e1vac\u00ed b\u00e1ze se skeln\u00fdm vl\u00e1knem pro zpevn\u011bn\u00ed bez pilov\u00e1n\u00ed Fiber Base Camellia v nude odst\u00ednu, kter\u00fd je ide\u00e1ln\u00ed pro ka\u017ed\u00fd t\u00f3n pleti. Obohacena o skeln\u00e9 vl\u00e1kno, tato b\u00e1ze je navr\u017eena tak, aby umo\u017enila prodlou\u017een\u00ed bez pilov\u00e1n\u00ed a zajistila mimo\u0159\u00e1dnou odolnost i na velmi problematick\u00fdch nehtech. Hlavn\u00ed vlastnosti:\u2022 Obohacena o skeln\u00e9 vl\u00e1kno: dod\u00e1v\u00e1 neht\u016fm pevnost a [&hellip;]<\/p>\n","protected":false},"featured_media":4810,"comment_status":"open","ping_status":"closed","template":"","meta":[],"pwb-brand":[],"product_brand":[],"product_cat":[714,721],"product_tag":[],"berocket_brand":[437],"class_list":{"0":"post-9152","1":"product","2":"type-product","3":"status-publish","4":"has-post-thumbnail","6":"product_cat-cover-base-trendy-nails","7":"product_cat-fiber-base","8":"berocket_brand-trendy-nails","10":"first","11":"outofstock","12":"taxable","13":"shipping-taxable","14":"purchasable","15":"product-type-variable"},"acf":[],"brands":[],"_links":{"self":[{"href":"https:\/\/mikeladzenailstore.com\/sk\/wp-json\/wp\/v2\/product\/9152","targetHints":{"allow":["GET"]}}],"collection":[{"href":"https:\/\/mikeladzenailstore.com\/sk\/wp-json\/wp\/v2\/product"}],"about":[{"href":"https:\/\/mikeladzenailstore.com\/sk\/wp-json\/wp\/v2\/types\/product"}],"replies":[{"embeddable":true,"href":"https:\/\/mikeladzenailstore.com\/sk\/wp-json\/wp\/v2\/comments?post=9152"}],"version-history":[{"count":0,"href":"https:\/\/mikeladzenailstore.com\/sk\/wp-json\/wp\/v2\/product\/9152\/revisions"}],"wp:featuredmedia":[{"embeddable":true,"href":"https:\/\/mikeladzenailstore.com\/sk\/wp-json\/wp\/v2\/media\/4810"}],"wp:attachment":[{"href":"https:\/\/mikeladzenailstore.com\/sk\/wp-json\/wp\/v2\/media?parent=9152"}],"wp:term":[{"taxonomy":"pwb-brand","embeddable":true,"href":"https:\/\/mikeladzenailstore.com\/sk\/wp-json\/wp\/v2\/pwb-brand?post=9152"},{"taxonomy":"product_brand","embeddable":true,"href":"https:\/\/mikeladzenailstore.com\/sk\/wp-json\/wp\/v2\/product_brand?post=9152"},{"taxonomy":"product_cat","embeddable":true,"href":"https:\/\/mikeladzenailstore.com\/sk\/wp-json\/wp\/v2\/product_cat?post=9152"},{"taxonomy":"product_tag","embeddable":true,"href":"https:\/\/mikeladzenailstore.com\/sk\/wp-json\/wp\/v2\/product_tag?post=9152"},{"taxonomy":"berocket_brand","embeddable":true,"href":"https:\/\/mikeladzenailstore.com\/sk\/wp-json\/wp\/v2\/berocket_brand?post=9152"}],"curies":[{"name":"wp","href":"https:\/\/api.w.org\/{rel}","templated":true}]}}