{"id":9155,"date":"2025-11-15T12:05:20","date_gmt":"2025-11-15T12:05:20","guid":{"rendered":"https:\/\/mikeladzenailstore.com\/p\/fiber-base-dew-drop-no-tpo-no-hema-trendy-nails-15-ml\/"},"modified":"2026-04-15T19:05:47","modified_gmt":"2026-04-15T19:05:47","slug":"fiber-base-dew-drop-no-tpo-no-hema-trendy-nails-15-ml","status":"publish","type":"product","link":"https:\/\/mikeladzenailstore.com\/sk\/produkt\/fiber-base-dew-drop-no-tpo-no-hema-trendy-nails-15-ml\/","title":{"rendered":"Fiber base DEW DROP Trendy nails"},"content":{"rendered":"<p>Fiber Base je plastick\u00e1 b\u00e1ze st\u0159edn\u00ed konzistence s \u010d\u00e1sticemi syntetick\u00fdch vl\u00e1ken, kter\u00e1 dod\u00e1 neht\u016fm pevnost a pru\u017enost. Vl\u00e1kna maj\u00ed pohodlnou strukturu a nep\u0159ekaz\u00ed rovnom\u011brn\u00e9mu pokryt\u00ed a vyrovn\u00e1n\u00ed neht\u016f .<\/p>\n<p>Slo\u017een\u00ed obsahuje vitam\u00edn E a v\u00e1pn\u00edk. Pom\u00e1haj\u00ed obnovit povrch nehtu po po\u0161kozen\u00ed, urychluj\u00ed proces regenerace.<\/p>\n<p>M\u00e1 dobrou p\u0159ilnavost k nehtov\u00e9 plot\u00e9nce. D\u00e1 se pou\u017e\u00edt jak jako podklad pod gel lak, tak i jako podklad pod prodlu\u017eov\u00e1n\u00ed neht\u016f . Doporu\u010duje se pro tenk\u00e9 a l\u00e1mav\u00e9 nehty. P\u0159i aplikaci v tenk\u00e9 vrstv\u011b se chov\u00e1 jako guma. Siln\u00e1 vrstva je trochu tvrd\u0161\u00ed, ale zachov\u00e1v\u00e1 vlastnosti plastov\u00e9ho podkladu, tak\u017ee bude v\u00fdbornou variantou pro tenk\u00e9 a oslaben\u00e9 nehty jako zpev\u0148uj\u00edc\u00ed materi\u00e1l.<\/p>\n<p>Tato b\u00e1ze je bez kyselin.<\/p>\n<p>Ide\u00e1ln\u00ed pro profesion\u00e1ly i za\u010d\u00e1te\u010dn\u00edky d\u00edky samonivela\u010dn\u00ed struktu\u0159e. To je prost\u011b dar z nebes pro klientky s probl\u00e9mov\u00fdmi nehty.<\/p>\n<p>Doba polymerace: LED \u2013 120 s<\/p>\n","protected":false},"excerpt":{"rendered":"<p>Fiber Base je plastick\u00e1 b\u00e1ze st\u0159edn\u00ed konzistence s \u010d\u00e1sticemi syntetick\u00fdch vl\u00e1ken, kter\u00e1 dod\u00e1 neht\u016fm pevnost a pru\u017enost. Vl\u00e1kna maj\u00ed pohodlnou strukturu a nep\u0159ekaz\u00ed rovnom\u011brn\u00e9mu pokryt\u00ed a vyrovn\u00e1n\u00ed neht\u016f . Slo\u017een\u00ed obsahuje vitam\u00edn E a v\u00e1pn\u00edk. Pom\u00e1haj\u00ed obnovit povrch nehtu po po\u0161kozen\u00ed, urychluj\u00ed proces regenerace. M\u00e1 dobrou p\u0159ilnavost k nehtov\u00e9 plot\u00e9nce. D\u00e1 se pou\u017e\u00edt jak jako [&hellip;]<\/p>\n","protected":false},"featured_media":4811,"comment_status":"open","ping_status":"closed","template":"","meta":[],"pwb-brand":[],"product_brand":[],"product_cat":[714,721],"product_tag":[],"berocket_brand":[437],"class_list":{"0":"post-9155","1":"product","2":"type-product","3":"status-publish","4":"has-post-thumbnail","6":"product_cat-cover-base-trendy-nails","7":"product_cat-fiber-base","8":"berocket_brand-trendy-nails","10":"first","11":"instock","12":"taxable","13":"shipping-taxable","14":"purchasable","15":"product-type-simple"},"acf":[],"brands":[],"_links":{"self":[{"href":"https:\/\/mikeladzenailstore.com\/sk\/wp-json\/wp\/v2\/product\/9155","targetHints":{"allow":["GET"]}}],"collection":[{"href":"https:\/\/mikeladzenailstore.com\/sk\/wp-json\/wp\/v2\/product"}],"about":[{"href":"https:\/\/mikeladzenailstore.com\/sk\/wp-json\/wp\/v2\/types\/product"}],"replies":[{"embeddable":true,"href":"https:\/\/mikeladzenailstore.com\/sk\/wp-json\/wp\/v2\/comments?post=9155"}],"version-history":[{"count":1,"href":"https:\/\/mikeladzenailstore.com\/sk\/wp-json\/wp\/v2\/product\/9155\/revisions"}],"predecessor-version":[{"id":21103,"href":"https:\/\/mikeladzenailstore.com\/sk\/wp-json\/wp\/v2\/product\/9155\/revisions\/21103"}],"wp:featuredmedia":[{"embeddable":true,"href":"https:\/\/mikeladzenailstore.com\/sk\/wp-json\/wp\/v2\/media\/4811"}],"wp:attachment":[{"href":"https:\/\/mikeladzenailstore.com\/sk\/wp-json\/wp\/v2\/media?parent=9155"}],"wp:term":[{"taxonomy":"pwb-brand","embeddable":true,"href":"https:\/\/mikeladzenailstore.com\/sk\/wp-json\/wp\/v2\/pwb-brand?post=9155"},{"taxonomy":"product_brand","embeddable":true,"href":"https:\/\/mikeladzenailstore.com\/sk\/wp-json\/wp\/v2\/product_brand?post=9155"},{"taxonomy":"product_cat","embeddable":true,"href":"https:\/\/mikeladzenailstore.com\/sk\/wp-json\/wp\/v2\/product_cat?post=9155"},{"taxonomy":"product_tag","embeddable":true,"href":"https:\/\/mikeladzenailstore.com\/sk\/wp-json\/wp\/v2\/product_tag?post=9155"},{"taxonomy":"berocket_brand","embeddable":true,"href":"https:\/\/mikeladzenailstore.com\/sk\/wp-json\/wp\/v2\/berocket_brand?post=9155"}],"curies":[{"name":"wp","href":"https:\/\/api.w.org\/{rel}","templated":true}]}}