{"id":9164,"date":"2025-11-15T12:05:20","date_gmt":"2025-11-15T12:05:20","guid":{"rendered":"https:\/\/mikeladzenailstore.com\/p\/dream-base-elsa-no-tpo-no-hema-trendy-nails-15-ml\/"},"modified":"2026-04-15T19:06:28","modified_gmt":"2026-04-15T19:06:28","slug":"dream-base-elsa-no-tpo-no-hema-trendy-nails-15-ml","status":"publish","type":"product","link":"https:\/\/mikeladzenailstore.com\/sk\/produkt\/dream-base-elsa-no-tpo-no-hema-trendy-nails-15-ml\/","title":{"rendered":"Dream base ELSA Trendy nails"},"content":{"rendered":"<p>Inovativn\u00ed samonivela\u010dn\u00ed b\u00e1ze pro zpevn\u011bn\u00ed bez pilov\u00e1n\u00ed<\/p>\n<p>Dream Base Elsa je transparentn\u00ed b\u00e1ze s kr\u00e9movou, samonivela\u010dn\u00ed texturou, navr\u017een\u00e1 pro maxim\u00e1ln\u011b snadnou aplikaci bez nutnosti pilov\u00e1n\u00ed.<\/p>\n<p>\u2e3b<\/p>\n<p>\u2728 Hlavn\u00ed vlastnosti:<br \/>\n\u2022 Univerz\u00e1ln\u00ed b\u00e1ze \u2013 ide\u00e1ln\u00ed pro zpevn\u011bn\u00ed p\u0159\u00edrodn\u00edch neht\u016f, prodlou\u017een\u00ed se strukturou i jako b\u00e1ze pro v\u0161echny modela\u010dn\u00ed syst\u00e9my<br \/>\n\u2022 Elastick\u00e1 a odoln\u00e1 \u2013 zaji\u0161\u0165uje vynikaj\u00edc\u00ed p\u0159ilnavost i na problematick\u00fdch nehtech<br \/>\n\u2022 Balen\u00ed: lahvi\u010dka 15 ml s praktick\u00fdm \u0161t\u011bte\u010dkem pro p\u0159esnou aplikaci nebo kel\u00edmek 30 ml bez \u0161t\u011bte\u010dku<\/p>\n<p>\u2e3b<\/p>\n<p>\u2b50\ufe0f Hlavn\u00ed v\u00fdhody:<br \/>\n\u2022 Vynikaj\u00edc\u00ed v\u00fddr\u017e v\u00edce ne\u017e 4 t\u00fddny bez odchlipov\u00e1n\u00ed<br \/>\n\u2022 Nevytv\u00e1\u0159\u00ed pocit tepla b\u011bhem aplikace<br \/>\n\u2022 Stabiln\u00ed a flexibiln\u00ed, vhodn\u00e1 pro v\u0161echny typy neht\u016f<br \/>\n\u2022 Samonivela\u010dn\u00ed, nevy\u017eaduje pilov\u00e1n\u00ed<br \/>\n\u2022 Bez pou\u017eit\u00ed primeru \u2013 nevy\u017eaduje primer a neobsahuje kyseliny<br \/>\n\u2022 Snadn\u00e9 odstran\u011bn\u00ed pomoc\u00ed removeru, odstra\u0148ovac\u00edch fr\u00e9zek nebo piln\u00edku<\/p>\n","protected":false},"excerpt":{"rendered":"<p>Inovativn\u00ed samonivela\u010dn\u00ed b\u00e1ze pro zpevn\u011bn\u00ed bez pilov\u00e1n\u00ed Dream Base Elsa je transparentn\u00ed b\u00e1ze s kr\u00e9movou, samonivela\u010dn\u00ed texturou, navr\u017een\u00e1 pro maxim\u00e1ln\u011b snadnou aplikaci bez nutnosti pilov\u00e1n\u00ed. \u2e3b \u2728 Hlavn\u00ed vlastnosti: \u2022 Univerz\u00e1ln\u00ed b\u00e1ze \u2013 ide\u00e1ln\u00ed pro zpevn\u011bn\u00ed p\u0159\u00edrodn\u00edch neht\u016f, prodlou\u017een\u00ed se strukturou i jako b\u00e1ze pro v\u0161echny modela\u010dn\u00ed syst\u00e9my \u2022 Elastick\u00e1 a odoln\u00e1 \u2013 zaji\u0161\u0165uje vynikaj\u00edc\u00ed [&hellip;]<\/p>\n","protected":false},"featured_media":4814,"comment_status":"open","ping_status":"closed","template":"","meta":[],"pwb-brand":[],"product_brand":[],"product_cat":[205,250],"product_tag":[],"berocket_brand":[437],"class_list":{"0":"post-9164","1":"product","2":"type-product","3":"status-publish","4":"has-post-thumbnail","6":"product_cat-pedikura","7":"product_cat-topy-trendy-nails","8":"berocket_brand-trendy-nails","10":"first","11":"instock","12":"taxable","13":"shipping-taxable","14":"purchasable","15":"product-type-simple"},"acf":[],"brands":[],"_links":{"self":[{"href":"https:\/\/mikeladzenailstore.com\/sk\/wp-json\/wp\/v2\/product\/9164","targetHints":{"allow":["GET"]}}],"collection":[{"href":"https:\/\/mikeladzenailstore.com\/sk\/wp-json\/wp\/v2\/product"}],"about":[{"href":"https:\/\/mikeladzenailstore.com\/sk\/wp-json\/wp\/v2\/types\/product"}],"replies":[{"embeddable":true,"href":"https:\/\/mikeladzenailstore.com\/sk\/wp-json\/wp\/v2\/comments?post=9164"}],"version-history":[{"count":1,"href":"https:\/\/mikeladzenailstore.com\/sk\/wp-json\/wp\/v2\/product\/9164\/revisions"}],"predecessor-version":[{"id":21107,"href":"https:\/\/mikeladzenailstore.com\/sk\/wp-json\/wp\/v2\/product\/9164\/revisions\/21107"}],"wp:featuredmedia":[{"embeddable":true,"href":"https:\/\/mikeladzenailstore.com\/sk\/wp-json\/wp\/v2\/media\/4814"}],"wp:attachment":[{"href":"https:\/\/mikeladzenailstore.com\/sk\/wp-json\/wp\/v2\/media?parent=9164"}],"wp:term":[{"taxonomy":"pwb-brand","embeddable":true,"href":"https:\/\/mikeladzenailstore.com\/sk\/wp-json\/wp\/v2\/pwb-brand?post=9164"},{"taxonomy":"product_brand","embeddable":true,"href":"https:\/\/mikeladzenailstore.com\/sk\/wp-json\/wp\/v2\/product_brand?post=9164"},{"taxonomy":"product_cat","embeddable":true,"href":"https:\/\/mikeladzenailstore.com\/sk\/wp-json\/wp\/v2\/product_cat?post=9164"},{"taxonomy":"product_tag","embeddable":true,"href":"https:\/\/mikeladzenailstore.com\/sk\/wp-json\/wp\/v2\/product_tag?post=9164"},{"taxonomy":"berocket_brand","embeddable":true,"href":"https:\/\/mikeladzenailstore.com\/sk\/wp-json\/wp\/v2\/berocket_brand?post=9164"}],"curies":[{"name":"wp","href":"https:\/\/api.w.org\/{rel}","templated":true}]}}