{"id":9257,"date":"2025-11-15T12:02:29","date_gmt":"2025-11-15T12:02:29","guid":{"rendered":"https:\/\/mikeladzenailstore.com\/p\/builder-gel-cover-2-no-tpo-no-hema-15-ml-jz-nails-group\/"},"modified":"2026-03-15T13:56:00","modified_gmt":"2026-03-15T13:56:00","slug":"builder-gel-cover-2-no-tpo-no-hema-15-ml-jz-nails-group","status":"publish","type":"product","link":"https:\/\/mikeladzenailstore.com\/sk\/produkt\/builder-gel-cover-2-no-tpo-no-hema-15-ml-jz-nails-group\/","title":{"rendered":"Builder gel COVER  2 JZ Nails Group"},"content":{"rendered":"<p data-start=\"85\" data-end=\"366\"><strong data-start=\"85\" data-end=\"106\"><a href=\"https:\/\/mikeladzenailstore.com\/wp-content\/uploads\/2025\/11\/IMG_4265-1.mov\">IMG_4265<\/a><\/strong><\/p>\n<p data-start=\"85\" data-end=\"366\"><strong data-start=\"85\" data-end=\"106\">Builder COVER gel<\/strong> \u2013 <strong data-start=\"109\" data-end=\"150\">t\u0159\u00edf\u00e1zov\u00fd struktur\u00e1ln\u00ed kamufl\u00e1\u017en\u00ed gel<\/strong> v neutr\u00e1ln\u00edm <strong data-start=\"164\" data-end=\"184\">pudrov\u00e9m odst\u00ednu<\/strong>.<br data-start=\"185\" data-end=\"188\" \/>M\u00e1 <strong data-start=\"191\" data-end=\"212\">st\u0159edn\u00ed viskozitu<\/strong>, je <strong data-start=\"217\" data-end=\"231\">tixotropn\u00ed<\/strong> a disponuje funkc\u00ed <strong data-start=\"251\" data-end=\"270\">samovyrovn\u00e1v\u00e1n\u00ed<\/strong>. Je ide\u00e1ln\u00ed pro <strong data-start=\"287\" data-end=\"312\">techniku bez pilov\u00e1n\u00ed<\/strong> a pro vytv\u00e1\u0159en\u00ed <strong data-start=\"329\" data-end=\"365\">permanentn\u00ed francouzsk\u00e9 manik\u00fary<\/strong>.<\/p>\n<p data-start=\"368\" data-end=\"603\">P\u0159i vysok\u00e9 \u00farovni dovednost\u00ed v modela\u010dn\u00edch technik\u00e1ch je vhodn\u00fd tak\u00e9 pro <strong data-start=\"441\" data-end=\"483\">tvorbu prodlu\u017eovac\u00edho okraje (bordury)<\/strong> a <strong data-start=\"486\" data-end=\"514\">sout\u011b\u017en\u00ed french manik\u00faru<\/strong>. D\u00edky <strong data-start=\"521\" data-end=\"568\">minim\u00e1ln\u00edmu mno\u017estv\u00ed aplikovan\u00e9ho materi\u00e1lu<\/strong> si zachov\u00e1v\u00e1 <strong data-start=\"582\" data-end=\"602\">plnou pigmentaci<\/strong>.<\/p>\n<p data-start=\"605\" data-end=\"671\">Po polymeraci se vyzna\u010duje <strong data-start=\"632\" data-end=\"670\">vysokou odolnost\u00ed proti opot\u0159eben\u00ed<\/strong>.<\/p>\n<p data-start=\"673\" data-end=\"773\">\ud83d\udc49 <strong data-start=\"676\" data-end=\"727\">Vy\u017eaduje \u010dirou podkladovou vrstvu a fin\u00e1ln\u00ed top<\/strong>, jeliko\u017e je sou\u010d\u00e1st\u00ed <strong data-start=\"749\" data-end=\"772\">t\u0159\u00edf\u00e1zov\u00e9ho syst\u00e9mu<\/strong>.<\/p>\n<h3 data-start=\"775\" data-end=\"790\">Polymerace:<\/h3>\n<p data-start=\"791\" data-end=\"848\">\u2022 <strong data-start=\"793\" data-end=\"806\">LED \/ UV:<\/strong> 60\u2013120 s<br data-start=\"815\" data-end=\"818\" \/>\u2022 <strong data-start=\"820\" data-end=\"837\">Vlnov\u00e1 d\u00e9lka:<\/strong> 395\u2013405 nm<\/p>\n<h3 data-start=\"850\" data-end=\"869\">Slo\u017een\u00ed (INCI):<\/h3>\n<p data-start=\"870\" data-end=\"1137\">Urethane Acrylate, Di-HEMA Trimethylhexyl Dicarbamate, Isobornyl Methacrylate, Hydroxycyclohexyl Phenyl Ketone, Ethyl Trimethylbenzoyl Phenylphosphinate, PEG-9 Dimethacrylate, CI 77891, CI 42090, CI 15850, CI 77492, CI 77742, CI 77510, p-Hydroxyanisole, Hydroquinone.<a href=\"https:\/\/mikeladzenailstore.com\/wp-content\/uploads\/2025\/11\/IMG_4265.mov\">IMG_4265<\/a><\/p>\n","protected":false},"excerpt":{"rendered":"<p>IMG_4265 Builder COVER gel \u2013 t\u0159\u00edf\u00e1zov\u00fd struktur\u00e1ln\u00ed kamufl\u00e1\u017en\u00ed gel v neutr\u00e1ln\u00edm pudrov\u00e9m odst\u00ednu.M\u00e1 st\u0159edn\u00ed viskozitu, je tixotropn\u00ed a disponuje funkc\u00ed samovyrovn\u00e1v\u00e1n\u00ed. Je ide\u00e1ln\u00ed pro techniku bez pilov\u00e1n\u00ed a pro vytv\u00e1\u0159en\u00ed permanentn\u00ed francouzsk\u00e9 manik\u00fary. P\u0159i vysok\u00e9 \u00farovni dovednost\u00ed v modela\u010dn\u00edch technik\u00e1ch je vhodn\u00fd tak\u00e9 pro tvorbu prodlu\u017eovac\u00edho okraje (bordury) a sout\u011b\u017en\u00ed french manik\u00faru. D\u00edky minim\u00e1ln\u00edmu mno\u017estv\u00ed [&hellip;]<\/p>\n","protected":false},"featured_media":4611,"comment_status":"open","ping_status":"closed","template":"","meta":[],"pwb-brand":[],"product_brand":[],"product_cat":[496,508,576],"product_tag":[],"berocket_brand":[557],"class_list":{"0":"post-9257","1":"product","2":"type-product","3":"status-publish","4":"has-post-thumbnail","6":"product_cat-bestseller","7":"product_cat-builder-gel-gel-jelly","8":"product_cat-builder-gel-jz-nails-group","9":"berocket_brand-jz-nails-group","11":"first","12":"instock","13":"taxable","14":"shipping-taxable","15":"purchasable","16":"product-type-variable"},"acf":[],"brands":[],"_links":{"self":[{"href":"https:\/\/mikeladzenailstore.com\/sk\/wp-json\/wp\/v2\/product\/9257","targetHints":{"allow":["GET"]}}],"collection":[{"href":"https:\/\/mikeladzenailstore.com\/sk\/wp-json\/wp\/v2\/product"}],"about":[{"href":"https:\/\/mikeladzenailstore.com\/sk\/wp-json\/wp\/v2\/types\/product"}],"replies":[{"embeddable":true,"href":"https:\/\/mikeladzenailstore.com\/sk\/wp-json\/wp\/v2\/comments?post=9257"}],"version-history":[{"count":0,"href":"https:\/\/mikeladzenailstore.com\/sk\/wp-json\/wp\/v2\/product\/9257\/revisions"}],"wp:featuredmedia":[{"embeddable":true,"href":"https:\/\/mikeladzenailstore.com\/sk\/wp-json\/wp\/v2\/media\/4611"}],"wp:attachment":[{"href":"https:\/\/mikeladzenailstore.com\/sk\/wp-json\/wp\/v2\/media?parent=9257"}],"wp:term":[{"taxonomy":"pwb-brand","embeddable":true,"href":"https:\/\/mikeladzenailstore.com\/sk\/wp-json\/wp\/v2\/pwb-brand?post=9257"},{"taxonomy":"product_brand","embeddable":true,"href":"https:\/\/mikeladzenailstore.com\/sk\/wp-json\/wp\/v2\/product_brand?post=9257"},{"taxonomy":"product_cat","embeddable":true,"href":"https:\/\/mikeladzenailstore.com\/sk\/wp-json\/wp\/v2\/product_cat?post=9257"},{"taxonomy":"product_tag","embeddable":true,"href":"https:\/\/mikeladzenailstore.com\/sk\/wp-json\/wp\/v2\/product_tag?post=9257"},{"taxonomy":"berocket_brand","embeddable":true,"href":"https:\/\/mikeladzenailstore.com\/sk\/wp-json\/wp\/v2\/berocket_brand?post=9257"}],"curies":[{"name":"wp","href":"https:\/\/api.w.org\/{rel}","templated":true}]}}