{"id":9269,"date":"2025-11-15T12:02:29","date_gmt":"2025-11-15T12:02:29","guid":{"rendered":"https:\/\/mikeladzenailstore.com\/p\/foliovane-spodni-sablony-jz-nails-group-100-kusu\/"},"modified":"2026-03-27T08:20:58","modified_gmt":"2026-03-27T08:20:58","slug":"foliovane-spodni-sablony-jz-nails-group-100-kusu","status":"publish","type":"product","link":"https:\/\/mikeladzenailstore.com\/sk\/produkt\/foliovane-spodni-sablony-jz-nails-group-100-kusu\/","title":{"rendered":"Foliovane spodn\u00ed \u0161ablony JZ Nails Group 100 kusu"},"content":{"rendered":"<p>Univerz\u00e1ln\u00ed f\u00f3liovan\u00e9 spodn\u00ed \u0161ablony JZ NAILS GROUP pro modelaci neht\u016f.<\/p>\n<p>\u0160ablony jsou vyrobeny z pevn\u00e9ho kartonu, pokryt\u00e9ho chromovou f\u00f3li\u00ed, kter\u00e1 zaji\u0161\u0165uje lep\u0161\u00ed fixaci oblouku a lep\u0161\u00ed polymerizaci jak\u00e9hokoli materi\u00e1lu na prodlu\u017eov\u00e1n\u00ed d\u00edky zrcadlov\u00e9mu povrchu.<\/p>\n<p>Maj\u00ed precizn\u00ed a profesion\u00e1ln\u00ed st\u0159ih, kter\u00fd umo\u017en\u00ed i za\u010d\u00e1te\u010dn\u00edk\u016fm snadno nastavit \u0161ablonu.<\/p>\n<p>\u0160ablony JZ NAILS GROUP maj\u00ed vysokou \u00farove\u0148 fixace (lepivosti), co\u017e jim umo\u017e\u0148uje z\u016fstat stabiln\u00ed po celou dobu pr\u00e1ce a nepo\u0161kodit nastaven\u00ed vytvo\u0159en\u00e9 mistrem.<\/p>\n","protected":false},"excerpt":{"rendered":"<p>Univerz\u00e1ln\u00ed f\u00f3liovan\u00e9 spodn\u00ed \u0161ablony JZ NAILS GROUP pro modelaci neht\u016f. \u0160ablony jsou vyrobeny z pevn\u00e9ho kartonu, pokryt\u00e9ho chromovou f\u00f3li\u00ed, kter\u00e1 zaji\u0161\u0165uje lep\u0161\u00ed fixaci oblouku a lep\u0161\u00ed polymerizaci jak\u00e9hokoli materi\u00e1lu na prodlu\u017eov\u00e1n\u00ed d\u00edky zrcadlov\u00e9mu povrchu. Maj\u00ed precizn\u00ed a profesion\u00e1ln\u00ed st\u0159ih, kter\u00fd umo\u017en\u00ed i za\u010d\u00e1te\u010dn\u00edk\u016fm snadno nastavit \u0161ablonu. \u0160ablony JZ NAILS GROUP maj\u00ed vysokou \u00farove\u0148 fixace (lepivosti), [&hellip;]<\/p>\n","protected":false},"featured_media":4616,"comment_status":"open","ping_status":"closed","template":"","meta":[],"pwb-brand":[],"product_brand":[],"product_cat":[496,196],"product_tag":[],"berocket_brand":[557],"class_list":{"0":"post-9269","1":"product","2":"type-product","3":"status-publish","4":"has-post-thumbnail","6":"product_cat-bestseller","7":"product_cat-modelaznehtu","8":"berocket_brand-jz-nails-group","10":"first","11":"instock","12":"taxable","13":"shipping-taxable","14":"purchasable","15":"product-type-simple"},"acf":[],"brands":[],"_links":{"self":[{"href":"https:\/\/mikeladzenailstore.com\/sk\/wp-json\/wp\/v2\/product\/9269","targetHints":{"allow":["GET"]}}],"collection":[{"href":"https:\/\/mikeladzenailstore.com\/sk\/wp-json\/wp\/v2\/product"}],"about":[{"href":"https:\/\/mikeladzenailstore.com\/sk\/wp-json\/wp\/v2\/types\/product"}],"replies":[{"embeddable":true,"href":"https:\/\/mikeladzenailstore.com\/sk\/wp-json\/wp\/v2\/comments?post=9269"}],"version-history":[{"count":0,"href":"https:\/\/mikeladzenailstore.com\/sk\/wp-json\/wp\/v2\/product\/9269\/revisions"}],"wp:featuredmedia":[{"embeddable":true,"href":"https:\/\/mikeladzenailstore.com\/sk\/wp-json\/wp\/v2\/media\/4616"}],"wp:attachment":[{"href":"https:\/\/mikeladzenailstore.com\/sk\/wp-json\/wp\/v2\/media?parent=9269"}],"wp:term":[{"taxonomy":"pwb-brand","embeddable":true,"href":"https:\/\/mikeladzenailstore.com\/sk\/wp-json\/wp\/v2\/pwb-brand?post=9269"},{"taxonomy":"product_brand","embeddable":true,"href":"https:\/\/mikeladzenailstore.com\/sk\/wp-json\/wp\/v2\/product_brand?post=9269"},{"taxonomy":"product_cat","embeddable":true,"href":"https:\/\/mikeladzenailstore.com\/sk\/wp-json\/wp\/v2\/product_cat?post=9269"},{"taxonomy":"product_tag","embeddable":true,"href":"https:\/\/mikeladzenailstore.com\/sk\/wp-json\/wp\/v2\/product_tag?post=9269"},{"taxonomy":"berocket_brand","embeddable":true,"href":"https:\/\/mikeladzenailstore.com\/sk\/wp-json\/wp\/v2\/berocket_brand?post=9269"}],"curies":[{"name":"wp","href":"https:\/\/api.w.org\/{rel}","templated":true}]}}