{"id":9275,"date":"2025-11-15T12:02:16","date_gmt":"2025-11-15T12:02:16","guid":{"rendered":"https:\/\/mikeladzenailstore.com\/p\/fiber-base-eustoma-no-tpo-no-hema-trendy-nails-15-ml\/"},"modified":"2026-02-23T13:29:59","modified_gmt":"2026-02-23T13:29:59","slug":"fiber-base-eustoma-no-tpo-no-hema-trendy-nails-15-ml","status":"publish","type":"product","link":"https:\/\/mikeladzenailstore.com\/sk\/produkt\/fiber-base-eustoma-no-tpo-no-hema-trendy-nails-15-ml\/","title":{"rendered":"Fiber base EUSTOMA Trendy nails"},"content":{"rendered":"<p>Fiber Base \u2013 plastick\u00e1 b\u00e1ze st\u0159edn\u00ed konzistence s \u010d\u00e1sticemi syntetick\u00fdch vl\u00e1ken, kter\u00e9 zajist\u00ed neht\u016fm pevnost a pru\u017enost. Vl\u00e1kna maj\u00ed pohodlnou strukturu a nebr\u00e1n\u00ed pokryt\u00ed a vyrovn\u00e1n\u00ed.<\/p>\n<p>Ve slo\u017een\u00ed se nach\u00e1z\u00ed vitam\u00edn E a v\u00e1pn\u00edk. Pom\u00e1haj\u00ed obnovovat povrch nehtu po po\u0161kozen\u00edch, urychluj\u00ed proces regenerace.<\/p>\n<p>M\u00e1 dobrou adhezi k nehtov\u00e9 plot\u00e9nce. Lze ji pou\u017e\u00edt jako z\u00e1kladn\u00ed pokryt\u00ed pod gel-lak, stejn\u011b tak jako podklad pro modelov\u00e1n\u00ed. Doporu\u010duje se pro tenk\u00e9 a p\u0159epilovan\u00e9 nehty. P\u0159i nan\u00e1\u0161en\u00ed v tenk\u00e9 vrstv\u011b se chov\u00e1 jako rubber. V tlust\u0161\u00ed vrstv\u011b je o n\u011bco tvrd\u0161\u00ed, ale zachov\u00e1v\u00e1 vlastnosti plastick\u00e9 b\u00e1ze, co\u017e ji \u010din\u00ed skv\u011blou volbou pro tenk\u00e9 a oslaben\u00e9 nehty jako materi\u00e1l pro zpevn\u011bn\u00ed.<\/p>\n<p>Tato b\u00e1ze je bezkyselinov\u00e1.<\/p>\n<p>Ide\u00e1ln\u00ed pro profesion\u00e1ly i za\u010d\u00e1te\u010dn\u00edky d\u00edky sv\u00e9 samovyrovn\u00e1vac\u00ed struktu\u0159e. Je to skute\u010dn\u00fd objev pro klienty s probl\u00e9mov\u00fdmi nehty.<\/p>\n<p>\u010cas polymerace: LED \u2013 120 s.<\/p>\n","protected":false},"excerpt":{"rendered":"<p>Fiber Base \u2013 plastick\u00e1 b\u00e1ze st\u0159edn\u00ed konzistence s \u010d\u00e1sticemi syntetick\u00fdch vl\u00e1ken, kter\u00e9 zajist\u00ed neht\u016fm pevnost a pru\u017enost. Vl\u00e1kna maj\u00ed pohodlnou strukturu a nebr\u00e1n\u00ed pokryt\u00ed a vyrovn\u00e1n\u00ed. Ve slo\u017een\u00ed se nach\u00e1z\u00ed vitam\u00edn E a v\u00e1pn\u00edk. Pom\u00e1haj\u00ed obnovovat povrch nehtu po po\u0161kozen\u00edch, urychluj\u00ed proces regenerace. M\u00e1 dobrou adhezi k nehtov\u00e9 plot\u00e9nce. Lze ji pou\u017e\u00edt jako z\u00e1kladn\u00ed pokryt\u00ed [&hellip;]<\/p>\n","protected":false},"featured_media":4575,"comment_status":"open","ping_status":"closed","template":"","meta":[],"pwb-brand":[],"product_brand":[],"product_cat":[714,721],"product_tag":[],"berocket_brand":[437],"class_list":{"0":"post-9275","1":"product","2":"type-product","3":"status-publish","4":"has-post-thumbnail","6":"product_cat-cover-base-trendy-nails","7":"product_cat-fiber-base","8":"berocket_brand-trendy-nails","10":"first","11":"instock","12":"taxable","13":"shipping-taxable","14":"purchasable","15":"product-type-simple"},"acf":[],"brands":[],"_links":{"self":[{"href":"https:\/\/mikeladzenailstore.com\/sk\/wp-json\/wp\/v2\/product\/9275","targetHints":{"allow":["GET"]}}],"collection":[{"href":"https:\/\/mikeladzenailstore.com\/sk\/wp-json\/wp\/v2\/product"}],"about":[{"href":"https:\/\/mikeladzenailstore.com\/sk\/wp-json\/wp\/v2\/types\/product"}],"replies":[{"embeddable":true,"href":"https:\/\/mikeladzenailstore.com\/sk\/wp-json\/wp\/v2\/comments?post=9275"}],"version-history":[{"count":0,"href":"https:\/\/mikeladzenailstore.com\/sk\/wp-json\/wp\/v2\/product\/9275\/revisions"}],"wp:featuredmedia":[{"embeddable":true,"href":"https:\/\/mikeladzenailstore.com\/sk\/wp-json\/wp\/v2\/media\/4575"}],"wp:attachment":[{"href":"https:\/\/mikeladzenailstore.com\/sk\/wp-json\/wp\/v2\/media?parent=9275"}],"wp:term":[{"taxonomy":"pwb-brand","embeddable":true,"href":"https:\/\/mikeladzenailstore.com\/sk\/wp-json\/wp\/v2\/pwb-brand?post=9275"},{"taxonomy":"product_brand","embeddable":true,"href":"https:\/\/mikeladzenailstore.com\/sk\/wp-json\/wp\/v2\/product_brand?post=9275"},{"taxonomy":"product_cat","embeddable":true,"href":"https:\/\/mikeladzenailstore.com\/sk\/wp-json\/wp\/v2\/product_cat?post=9275"},{"taxonomy":"product_tag","embeddable":true,"href":"https:\/\/mikeladzenailstore.com\/sk\/wp-json\/wp\/v2\/product_tag?post=9275"},{"taxonomy":"berocket_brand","embeddable":true,"href":"https:\/\/mikeladzenailstore.com\/sk\/wp-json\/wp\/v2\/berocket_brand?post=9275"}],"curies":[{"name":"wp","href":"https:\/\/api.w.org\/{rel}","templated":true}]}}