{"id":9290,"date":"2025-11-15T12:02:16","date_gmt":"2025-11-15T12:02:16","guid":{"rendered":"https:\/\/mikeladzenailstore.com\/p\/modeling-gel-lace-tpo-free-trendy-nails-15-ml\/"},"modified":"2026-01-02T15:48:07","modified_gmt":"2026-01-02T15:48:07","slug":"modeling-gel-lace-tpo-free-trendy-nails-15-ml","status":"publish","type":"product","link":"https:\/\/mikeladzenailstore.com\/sk\/produkt\/modeling-gel-lace-tpo-free-trendy-nails-15-ml\/","title":{"rendered":"Modeling gel LACE Trendy nails 15 ml"},"content":{"rendered":"<p>Modelovac\u00ed gel od Trendy Nails  &#8211;  vysok\u00e1 kvalita, snadn\u00e9 pou\u017eit\u00ed a nejkr\u00e1sn\u011bj\u0161\u00ed odst\u00edny v jedn\u00e9 lahvi\u010dce! Modelovac\u00ed gely jsou  st\u0159edn\u00ed konzistence, nerozt\u00e9kaj\u00ed se a nep\u00e1l\u00ed ruce v lamp\u011b. Pou\u017e\u00edvaj\u00ed se ke zpevn\u011bn\u00ed p\u0159\u00edrodn\u00edch neht\u016f, v technice &#8222;bez opalov\u00e1n\u00ed neht\u016f&#8220;, pro modelov\u00e1n\u00ed neht\u016f libovoln\u00e9 d\u00e9lky.<\/p>\n<\/p>\n<p>Doba \u00fapln\u00e9 polymerace 60 s (t\u011bsn\u011bn\u00ed oblouku na 10-15 s)<\/p>\n","protected":false},"excerpt":{"rendered":"<p>Modelovac\u00ed gel od Trendy Nails &#8211; vysok\u00e1 kvalita, snadn\u00e9 pou\u017eit\u00ed a nejkr\u00e1sn\u011bj\u0161\u00ed odst\u00edny v jedn\u00e9 lahvi\u010dce! Modelovac\u00ed gely jsou st\u0159edn\u00ed konzistence, nerozt\u00e9kaj\u00ed se a nep\u00e1l\u00ed ruce v lamp\u011b. Pou\u017e\u00edvaj\u00ed se ke zpevn\u011bn\u00ed p\u0159\u00edrodn\u00edch neht\u016f, v technice &#8222;bez opalov\u00e1n\u00ed neht\u016f&#8220;, pro modelov\u00e1n\u00ed neht\u016f libovoln\u00e9 d\u00e9lky. Doba \u00fapln\u00e9 polymerace 60 s (t\u011bsn\u011bn\u00ed oblouku na 10-15 s)<\/p>\n","protected":false},"featured_media":4582,"comment_status":"open","ping_status":"closed","template":"","meta":[],"pwb-brand":[],"product_brand":[],"product_cat":[508],"product_tag":[],"berocket_brand":[437],"class_list":{"0":"post-9290","1":"product","2":"type-product","3":"status-publish","4":"has-post-thumbnail","6":"product_cat-builder-gel-gel-jelly","7":"berocket_brand-trendy-nails","9":"first","10":"instock","11":"taxable","12":"shipping-taxable","13":"purchasable","14":"product-type-simple"},"acf":[],"brands":[],"_links":{"self":[{"href":"https:\/\/mikeladzenailstore.com\/sk\/wp-json\/wp\/v2\/product\/9290","targetHints":{"allow":["GET"]}}],"collection":[{"href":"https:\/\/mikeladzenailstore.com\/sk\/wp-json\/wp\/v2\/product"}],"about":[{"href":"https:\/\/mikeladzenailstore.com\/sk\/wp-json\/wp\/v2\/types\/product"}],"replies":[{"embeddable":true,"href":"https:\/\/mikeladzenailstore.com\/sk\/wp-json\/wp\/v2\/comments?post=9290"}],"version-history":[{"count":0,"href":"https:\/\/mikeladzenailstore.com\/sk\/wp-json\/wp\/v2\/product\/9290\/revisions"}],"wp:featuredmedia":[{"embeddable":true,"href":"https:\/\/mikeladzenailstore.com\/sk\/wp-json\/wp\/v2\/media\/4582"}],"wp:attachment":[{"href":"https:\/\/mikeladzenailstore.com\/sk\/wp-json\/wp\/v2\/media?parent=9290"}],"wp:term":[{"taxonomy":"pwb-brand","embeddable":true,"href":"https:\/\/mikeladzenailstore.com\/sk\/wp-json\/wp\/v2\/pwb-brand?post=9290"},{"taxonomy":"product_brand","embeddable":true,"href":"https:\/\/mikeladzenailstore.com\/sk\/wp-json\/wp\/v2\/product_brand?post=9290"},{"taxonomy":"product_cat","embeddable":true,"href":"https:\/\/mikeladzenailstore.com\/sk\/wp-json\/wp\/v2\/product_cat?post=9290"},{"taxonomy":"product_tag","embeddable":true,"href":"https:\/\/mikeladzenailstore.com\/sk\/wp-json\/wp\/v2\/product_tag?post=9290"},{"taxonomy":"berocket_brand","embeddable":true,"href":"https:\/\/mikeladzenailstore.com\/sk\/wp-json\/wp\/v2\/berocket_brand?post=9290"}],"curies":[{"name":"wp","href":"https:\/\/api.w.org\/{rel}","templated":true}]}}